{"id":6777,"date":"2023-03-14T10:49:19","date_gmt":"2023-03-14T10:49:19","guid":{"rendered":"https:\/\/sea-invest.com\/?page_id=6777"},"modified":"2023-03-24T12:10:00","modified_gmt":"2023-03-24T12:10:00","slug":"terms-of-use","status":"publish","type":"page","link":"https:\/\/sea-invest.com\/fr\/terms-of-use\/","title":{"rendered":"Conditions d&#8217;utilisation"},"content":{"rendered":"<p><section   class=\"fw-main-row-custom fw-main-row-top  fw_theme_bg_fw-custom fw-section-image fw-section-height-custom fw-content-vertical-align-middle fw-section-position-back tf-sh-cef98410f0669116ef1d6d3ea693d31b\"  style=\" background-image:url(\/\/sea-invest.com\/wp-content\/uploads\/2019\/03\/Banner-homepage-2-2.jpg); background-repeat: no-repeat; background-position: center center; background-size: cover; height: 307px;\"  >\n\t\t<div class=\"fw-main-row-overlay\" style=\"background-color: #000000; opacity: 0.2;\"><\/div>\t<div class=\"fw-container\" >\n\t\t<div class=\"fw-row\">\n\t<div id=\"column-69da67d5b86c7\" class=\"fw-col-sm-12 tf-sh-fc8fc7f7db56aebbe1fa16a16cf846c6\" >\n\t<div class=\"fw-wrap-col-inner clearfix  \"   >\n\t\t\t\t<div class=\"fw-col-inner\">\n\t\t\t<div class=\"fw-text-box tf-sh-3434b7c88167b51415d7f17c0eba0ee1 title-hero\" >\n\t<div class=\"fw-text-inner\">\n\t\t<p>AN OCEAN OF OPPORTUNITIES<\/p>\n\t<\/div>\n<\/div><div class=\"fw-divider-space  fw-custom-space  clearfix\" style=\"height:10px;\" ><\/div>\t<a href=\"fr\/about\/\" target=\"_self\" class=\"fw-btn tf-sh-cfe83682689d54f1de69f421c7d8e18f     fw-btn-side-by-side fw-btn-2\"  style=\"width:210px; height:33px; line-height:31px;\">\n\t\t<span style=\"top:0;\">\n\t\t\t\u00c0 PROPOS DE SEA-invest\t\t<\/span>\n\t<\/a>\n\t<a href=\"fr\/companies\/\" target=\"_self\" class=\"fw-btn tf-sh-8e5c70e4a61fa4049876d2f47782423e     fw-btn-side-by-side fw-btn-4\"  style=\"width:100px; height:35px; line-height:35px;\">\n\t\t<span style=\"top:0;\">\n\t\t\tSOCI\u00c9T\u00c9S\t\t<\/span>\n\t<\/a>\n\t\t<\/div>\n\t<\/div>\n<\/div><\/div>\n\n\t<\/div>\n\t<\/section><section   class=\"fw-main-row-custom  auto  fw-section-position-back tf-sh-5d9a384de96e229d02ce0e30ec3c35c4\"    >\n\t\t\t<div class=\"fw-container\" >\n\t\t<div class=\"fw-row\">\n\t<div id=\"column-69da67d5b8b56\" class=\"fw-col-sm-12 tf-sh-e8a6077813ff5ddf0081b4d15434971d\" >\n\t<div class=\"fw-wrap-col-inner clearfix  \"   >\n\t\t\t\t<div class=\"fw-col-inner\">\n\t\t\t<div class=\"fw-heading fw-heading-left  tf-sh-5206262ff2bab36c9bfe673896a36862\" >\n\t\t\t<h1 class=\"fw-special-title\">Conditions d'utilisation<\/h1>\n\t\n\t\n\t<\/div><div class=\"fw-text-box tf-sh-40ee56a394749d2ec8d47b16271ffac6 \" >\n\t<div class=\"fw-text-inner\">\n\t\t<p>Bienvenue sur le site Accueil - SEA- invest | Un oc\u00e9an d'opportunit\u00e9s (ci-apr\u00e8s le \" <strong>Site Internet<\/strong> \" ). En utilisant le Site, vous acceptez, sans restriction ni r\u00e9serve, les conditions d'utilisation \u00e9nonc\u00e9es ci-apr\u00e8s et d\u00e9sign\u00e9es comme (les \" <strong>Conditions d'Utilisation<\/strong> \"). A ce titre, notre soci\u00e9t\u00e9 sera ci-apr\u00e8s d\u00e9nomm\u00e9e \" SEA-invest \" et l'utilisateur du Site Internet \" Vous \". En naviguant sur le Site Internet, Vous vous engagez \u00e0 avoir lu et accept\u00e9 notre Politique de Confidentialit\u00e9 et notre Politique en mati\u00e8re de Cookies.<\/p>\n<p><strong>Droit de propri\u00e9t\u00e9 intellectuelle<\/strong><\/p>\n<p>Toutes les informations affich\u00e9es sur le Site (ci-apr\u00e8s \" <strong>Informations<\/strong> \") sont la propri\u00e9t\u00e9 de Sea-Invest. Ces informations, documents et objets sont soumis aux lois prot\u00e9geant le droit d'auteur. La reproduction des Informations du Site est autoris\u00e9e uniquement \u00e0 titre d'information pour un usage personnel et priv\u00e9. La reproduction du contenu du Site Internet \u00e0 des fins autres que priv\u00e9es est express\u00e9ment interdite et soumise \u00e0 l'autorisation pr\u00e9alable et expresse de SEA-invest. Dans tous les cas, la reproduction autoris\u00e9e des informations affich\u00e9es sur le site Web doit citer la source et la propri\u00e9t\u00e9 appropri\u00e9es. Les marques, noms commerciaux et habillages commerciaux de SEA-invest sont prot\u00e9g\u00e9s dans le monde entier et ne peuvent en aucun cas \u00eatre utilis\u00e9s sans le consentement \u00e9crit pr\u00e9alable de SEA-invest.<\/p>\n<p><strong>Lien hypertexte<\/strong><\/p>\n<p>Si ce site web contient des liens hypertextes vers des sites web de tiers, SEA-invest d\u00e9cline toute responsabilit\u00e9 quant \u00e0 leur utilisation et leur contenu. Les hyperliens sont fournis uniquement pour votre commodit\u00e9.<\/p>\n<p><strong>Amendement<\/strong><\/p>\n<p>Veuillez noter que SEA-invest s'engage \u00e0 mettre \u00e0 jour ou \u00e0 corriger les Informations qui seront publi\u00e9es sur le Site \u00e0 tout moment, sans pr\u00e9avis aux utilisateurs.<\/p>\n<p><strong>Responsabilit\u00e9<\/strong><\/p>\n<p>SEA-invest ne garantit pas l'exhaustivit\u00e9 et l'exactitude des Informations. Vous assumez les risques li\u00e9s au cr\u00e9dit que vous accordez \u00e0 l'Information. En aucun cas SEA-invest ne sera responsable des dommages pouvant r\u00e9sulter du cr\u00e9dit accord\u00e9 \u00e0 l'information ou de son utilisation et d\u00e9cline toute responsabilit\u00e9, expresse ou implicite, si l'utilisation de l'information contrevient aux droits de propri\u00e9t\u00e9 intellectuelle de tiers. SEA-invest ne garantit pas que le Site fonctionne sans interruption et que les serveurs, permettant l'acc\u00e8s au Site, ne contiennent pas de virus.<\/p>\n<p><strong>Droit applicable et juridiction <\/strong><\/p>\n<p>Les pr\u00e9sentes conditions d'utilisation sont r\u00e9gies et interpr\u00e9t\u00e9es conform\u00e9ment au droit mat\u00e9riel du Grand-Duch\u00e9 de Luxembourg. Tout litige d\u00e9coulant de l'utilisation du site web sera soumis \u00e0 la juridiction exclusive du tribunal comp\u00e9tent de la ville de Luxembourg.<\/p>\n\t<\/div>\n<\/div>\t\t<\/div>\n\t<\/div>\n<\/div><\/div>\n\n\t<\/div>\n\t<\/section><\/p>\n","protected":false},"excerpt":{"rendered":"<p>AN OCEAN OF OPPORTUNITIES \u00c0 PROPOS DE SEA-invest SOCI\u00c9T\u00c9S Conditions d&#8217;utilisation Bienvenue sur le<\/p>\n","protected":false},"author":1,"featured_media":0,"parent":0,"menu_order":0,"comment_status":"closed","ping_status":"closed","template":"visual-builder-template.php","meta":{"_acf_changed":false,"footnotes":""},"class_list":["post-6777","page","type-page","status-publish","hentry"],"acf":[],"yoast_head":"<!-- This site is optimized with the Yoast SEO plugin v27.3 - https:\/\/yoast.com\/product\/yoast-seo-wordpress\/ -->\n<title>Conditions d&#039;utilisation - SEA-invest | An ocean of opportunities<\/title>\n<meta name=\"robots\" content=\"index, follow, max-snippet:-1, max-image-preview:large, max-video-preview:-1\" \/>\n<link rel=\"canonical\" href=\"https:\/\/sea-invest.com\/fr\/terms-of-use\/\" \/>\n<meta property=\"og:locale\" content=\"fr_FR\" \/>\n<meta property=\"og:type\" content=\"article\" \/>\n<meta property=\"og:title\" content=\"Conditions d&#039;utilisation - SEA-invest | An ocean of opportunities\" \/>\n<meta property=\"og:description\" content=\"AN OCEAN OF OPPORTUNITIES \u00c0 PROPOS DE SEA-invest SOCI\u00c9T\u00c9S Conditions d&#039;utilisation Bienvenue sur le\" \/>\n<meta property=\"og:url\" content=\"https:\/\/sea-invest.com\/fr\/terms-of-use\/\" \/>\n<meta property=\"og:site_name\" content=\"SEA-invest | An ocean of opportunities\" \/>\n<meta property=\"article:modified_time\" content=\"2023-03-24T12:10:00+00:00\" \/>\n<meta name=\"twitter:card\" content=\"summary_large_image\" \/>\n<meta name=\"twitter:label1\" content=\"Dur\u00e9e de lecture estim\u00e9e\" \/>\n\t<meta name=\"twitter:data1\" content=\"2 minutes\" \/>\n<script type=\"application\/ld+json\" class=\"yoast-schema-graph\">{\"@context\":\"https:\\\/\\\/schema.org\",\"@graph\":[{\"@type\":\"WebPage\",\"@id\":\"https:\\\/\\\/sea-invest.com\\\/fr\\\/terms-of-use\\\/\",\"url\":\"https:\\\/\\\/sea-invest.com\\\/fr\\\/terms-of-use\\\/\",\"name\":\"Conditions d'utilisation - SEA-invest | An ocean of opportunities\",\"isPartOf\":{\"@id\":\"https:\\\/\\\/sea-invest.com\\\/#website\"},\"datePublished\":\"2023-03-14T10:49:19+00:00\",\"dateModified\":\"2023-03-24T12:10:00+00:00\",\"breadcrumb\":{\"@id\":\"https:\\\/\\\/sea-invest.com\\\/fr\\\/terms-of-use\\\/#breadcrumb\"},\"inLanguage\":\"fr-FR\",\"potentialAction\":[{\"@type\":\"ReadAction\",\"target\":[\"https:\\\/\\\/sea-invest.com\\\/fr\\\/terms-of-use\\\/\"]}]},{\"@type\":\"BreadcrumbList\",\"@id\":\"https:\\\/\\\/sea-invest.com\\\/fr\\\/terms-of-use\\\/#breadcrumb\",\"itemListElement\":[{\"@type\":\"ListItem\",\"position\":1,\"name\":\"Home\",\"item\":\"https:\\\/\\\/sea-invest.com\\\/fr\\\/\"},{\"@type\":\"ListItem\",\"position\":2,\"name\":\"Conditions d&#8217;utilisation\"}]},{\"@type\":\"WebSite\",\"@id\":\"https:\\\/\\\/sea-invest.com\\\/#website\",\"url\":\"https:\\\/\\\/sea-invest.com\\\/\",\"name\":\"SEA-invest | An ocean of opportunities\",\"description\":\"seainvest\",\"potentialAction\":[{\"@type\":\"SearchAction\",\"target\":{\"@type\":\"EntryPoint\",\"urlTemplate\":\"https:\\\/\\\/sea-invest.com\\\/?s={search_term_string}\"},\"query-input\":{\"@type\":\"PropertyValueSpecification\",\"valueRequired\":true,\"valueName\":\"search_term_string\"}}],\"inLanguage\":\"fr-FR\"}]}<\/script>\n<!-- \/ Yoast SEO plugin. -->","yoast_head_json":{"title":"Conditions d'utilisation - SEA-invest | An ocean of opportunities","robots":{"index":"index","follow":"follow","max-snippet":"max-snippet:-1","max-image-preview":"max-image-preview:large","max-video-preview":"max-video-preview:-1"},"canonical":"https:\/\/sea-invest.com\/fr\/terms-of-use\/","og_locale":"fr_FR","og_type":"article","og_title":"Conditions d'utilisation - SEA-invest | An ocean of opportunities","og_description":"AN OCEAN OF OPPORTUNITIES \u00c0 PROPOS DE SEA-invest SOCI\u00c9T\u00c9S Conditions d'utilisation Bienvenue sur le","og_url":"https:\/\/sea-invest.com\/fr\/terms-of-use\/","og_site_name":"SEA-invest | An ocean of opportunities","article_modified_time":"2023-03-24T12:10:00+00:00","twitter_card":"summary_large_image","twitter_misc":{"Dur\u00e9e de lecture estim\u00e9e":"2 minutes"},"schema":{"@context":"https:\/\/schema.org","@graph":[{"@type":"WebPage","@id":"https:\/\/sea-invest.com\/fr\/terms-of-use\/","url":"https:\/\/sea-invest.com\/fr\/terms-of-use\/","name":"Conditions d'utilisation - SEA-invest | An ocean of opportunities","isPartOf":{"@id":"https:\/\/sea-invest.com\/#website"},"datePublished":"2023-03-14T10:49:19+00:00","dateModified":"2023-03-24T12:10:00+00:00","breadcrumb":{"@id":"https:\/\/sea-invest.com\/fr\/terms-of-use\/#breadcrumb"},"inLanguage":"fr-FR","potentialAction":[{"@type":"ReadAction","target":["https:\/\/sea-invest.com\/fr\/terms-of-use\/"]}]},{"@type":"BreadcrumbList","@id":"https:\/\/sea-invest.com\/fr\/terms-of-use\/#breadcrumb","itemListElement":[{"@type":"ListItem","position":1,"name":"Home","item":"https:\/\/sea-invest.com\/fr\/"},{"@type":"ListItem","position":2,"name":"Conditions d&#8217;utilisation"}]},{"@type":"WebSite","@id":"https:\/\/sea-invest.com\/#website","url":"https:\/\/sea-invest.com\/","name":"SEA-invest | An ocean of opportunities","description":"seainvest","potentialAction":[{"@type":"SearchAction","target":{"@type":"EntryPoint","urlTemplate":"https:\/\/sea-invest.com\/?s={search_term_string}"},"query-input":{"@type":"PropertyValueSpecification","valueRequired":true,"valueName":"search_term_string"}}],"inLanguage":"fr-FR"}]}},"_links":{"self":[{"href":"https:\/\/sea-invest.com\/fr\/wp-json\/wp\/v2\/pages\/6777","targetHints":{"allow":["GET"]}}],"collection":[{"href":"https:\/\/sea-invest.com\/fr\/wp-json\/wp\/v2\/pages"}],"about":[{"href":"https:\/\/sea-invest.com\/fr\/wp-json\/wp\/v2\/types\/page"}],"author":[{"embeddable":true,"href":"https:\/\/sea-invest.com\/fr\/wp-json\/wp\/v2\/users\/1"}],"replies":[{"embeddable":true,"href":"https:\/\/sea-invest.com\/fr\/wp-json\/wp\/v2\/comments?post=6777"}],"version-history":[{"count":5,"href":"https:\/\/sea-invest.com\/fr\/wp-json\/wp\/v2\/pages\/6777\/revisions"}],"predecessor-version":[{"id":6822,"href":"https:\/\/sea-invest.com\/fr\/wp-json\/wp\/v2\/pages\/6777\/revisions\/6822"}],"wp:attachment":[{"href":"https:\/\/sea-invest.com\/fr\/wp-json\/wp\/v2\/media?parent=6777"}],"curies":[{"name":"wp","href":"https:\/\/api.w.org\/{rel}","templated":true}]}}