{"id":4063,"date":"2017-10-27T18:10:46","date_gmt":"2017-10-27T18:10:46","guid":{"rendered":"http:\/\/sea-invest.com\/404-error\/"},"modified":"2019-07-03T13:30:27","modified_gmt":"2019-07-03T13:30:27","slug":"404-error","status":"publish","type":"page","link":"https:\/\/sea-invest.com\/fr\/404-error\/","title":{"rendered":"404 Error"},"content":{"rendered":"<p><section   class=\"fw-main-row-custom fw-main-row-top  fw_theme_bg_fw-custom fw-section-image fw-section-height-custom fw-content-vertical-align-middle fw-section-position-back tf-sh-cef98410f0669116ef1d6d3ea693d31b\"  style=\" background-image:url(\/\/sea-invest.com\/wp-content\/uploads\/2019\/03\/Banner-homepage-2-2.jpg); background-repeat: no-repeat; background-position: center center; background-size: cover; height: 307px;\"  >\n\t\t<div class=\"fw-main-row-overlay\" style=\"background-color: #000000; opacity: 0.2;\"><\/div>\t<div class=\"fw-container\" >\n\t\t<div class=\"fw-row\">\n\t<div id=\"column-69f398ca1fa90\" class=\"fw-col-sm-12 tf-sh-fc8fc7f7db56aebbe1fa16a16cf846c6\" >\n\t<div class=\"fw-wrap-col-inner clearfix  \"   >\n\t\t\t\t<div class=\"fw-col-inner\">\n\t\t\t<div class=\"fw-text-box tf-sh-3434b7c88167b51415d7f17c0eba0ee1 title-hero\" >\n\t<div class=\"fw-text-inner\">\n\t\t<p>AN OCEAN OF OPPORTUNITIES<\/p>\n\t<\/div>\n<\/div><div class=\"fw-divider-space  fw-custom-space  clearfix\" style=\"height:10px;\" ><\/div>\t<a href=\"fr\/about\/\" target=\"_self\" class=\"fw-btn tf-sh-cfe83682689d54f1de69f421c7d8e18f     fw-btn-side-by-side fw-btn-2\"  style=\"width:210px; height:33px; line-height:31px;\">\n\t\t<span style=\"top:0;\">\n\t\t\t\u00c0 PROPOS DE SEA-invest\t\t<\/span>\n\t<\/a>\n\t<a href=\"fr\/companies\/\" target=\"_self\" class=\"fw-btn tf-sh-8e5c70e4a61fa4049876d2f47782423e     fw-btn-side-by-side fw-btn-4\"  style=\"width:100px; height:35px; line-height:35px;\">\n\t\t<span style=\"top:0;\">\n\t\t\tSOCI\u00c9T\u00c9S\t\t<\/span>\n\t<\/a>\n\t\t<\/div>\n\t<\/div>\n<\/div><\/div>\n\n\t<\/div>\n\t<\/section><section   class=\"fw-main-row-custom  auto  fw-section-position-back tf-sh-6f8b086522e62d516b14f8826fe9c1ce\"    >\n\t\t\t<div class=\"fw-container\" >\n\t\t<div class=\"fw-row\">\n\t<div id=\"column-69f398ca1ff24\" class=\"fw-col-sm-12 tf-sh-9acdecc2629efae6d58332ddb6268916\" >\n\t<div class=\"fw-wrap-col-inner clearfix  \"   >\n\t\t\t\t<div class=\"fw-col-inner\">\n\t\t\t<div class=\"fw-heading fw-heading-center t-uppercase tf-sh-ca5e454e5071441dad648bd26f9a5f5f\" >\n\t\t\t<h1 class=\"fw-special-title\">La page n\u2019a pas pu \u00eatre trouv\u00e9e<\/h1>\n\t\n\t\n\t<\/div><div class=\"fw-text-box tf-sh-4bdce2f537265b21ca149db531b48e32 \" >\n\t<div class=\"fw-text-inner\">\n\t\t<p style=\"text-align: center;\">Veuillez retourner \u00e0 la page d'accueil.<\/p>\n\t<\/div>\n<\/div><div class=\"fw-divider-space  fw-custom-space  clearfix\" style=\"height:20px;\" ><\/div><div class=\"text-center\">\t<a href=\"http:\/\/sea-invest.com\/fr\/\" target=\"_self\" class=\"fw-btn tf-sh-c86ff5071839c3e8a09082c18ebd673c     fw-btn-1\"  style=\"width:150px; height:35px; line-height:35px;\">\n\t\t<span style=\"top:0;\">\n\t\t\tPAGE D\u2019ACCUEIL\t\t<\/span>\n\t<\/a>\n<\/div>\t\t<\/div>\n\t<\/div>\n<\/div><\/div>\n\n\t<\/div>\n\t<\/section><\/p>\n","protected":false},"excerpt":{"rendered":"<p>AN OCEAN OF OPPORTUNITIES \u00c0 PROPOS DE SEA-invest SOCI\u00c9T\u00c9S La page n\u2019a pas pu<\/p>\n","protected":false},"author":1,"featured_media":0,"parent":0,"menu_order":0,"comment_status":"closed","ping_status":"closed","template":"visual-builder-template.php","meta":{"_acf_changed":false,"footnotes":""},"class_list":["post-4063","page","type-page","status-publish","hentry"],"acf":[],"yoast_head":"<!-- This site is optimized with the Yoast SEO plugin v27.3 - https:\/\/yoast.com\/product\/yoast-seo-wordpress\/ -->\n<title>404 Error - SEA-invest | An ocean of opportunities<\/title>\n<meta name=\"robots\" content=\"index, follow, max-snippet:-1, max-image-preview:large, max-video-preview:-1\" \/>\n<link rel=\"canonical\" href=\"https:\/\/sea-invest.com\/fr\/404-error\/\" \/>\n<meta property=\"og:locale\" content=\"fr_FR\" \/>\n<meta property=\"og:type\" content=\"article\" \/>\n<meta property=\"og:title\" content=\"404 Error - SEA-invest | An ocean of opportunities\" \/>\n<meta property=\"og:description\" content=\"AN OCEAN OF OPPORTUNITIES \u00c0 PROPOS DE SEA-invest SOCI\u00c9T\u00c9S La page n\u2019a pas pu\" \/>\n<meta property=\"og:url\" content=\"https:\/\/sea-invest.com\/fr\/404-error\/\" \/>\n<meta property=\"og:site_name\" content=\"SEA-invest | An ocean of opportunities\" \/>\n<meta property=\"article:modified_time\" content=\"2019-07-03T13:30:27+00:00\" \/>\n<meta name=\"twitter:card\" content=\"summary_large_image\" \/>\n<script type=\"application\/ld+json\" class=\"yoast-schema-graph\">{\"@context\":\"https:\\\/\\\/schema.org\",\"@graph\":[{\"@type\":\"WebPage\",\"@id\":\"https:\\\/\\\/sea-invest.com\\\/fr\\\/404-error\\\/\",\"url\":\"https:\\\/\\\/sea-invest.com\\\/fr\\\/404-error\\\/\",\"name\":\"404 Error - SEA-invest | An ocean of opportunities\",\"isPartOf\":{\"@id\":\"https:\\\/\\\/sea-invest.com\\\/#website\"},\"datePublished\":\"2017-10-27T18:10:46+00:00\",\"dateModified\":\"2019-07-03T13:30:27+00:00\",\"breadcrumb\":{\"@id\":\"https:\\\/\\\/sea-invest.com\\\/fr\\\/404-error\\\/#breadcrumb\"},\"inLanguage\":\"fr-FR\",\"potentialAction\":[{\"@type\":\"ReadAction\",\"target\":[\"https:\\\/\\\/sea-invest.com\\\/fr\\\/404-error\\\/\"]}]},{\"@type\":\"BreadcrumbList\",\"@id\":\"https:\\\/\\\/sea-invest.com\\\/fr\\\/404-error\\\/#breadcrumb\",\"itemListElement\":[{\"@type\":\"ListItem\",\"position\":1,\"name\":\"Home\",\"item\":\"https:\\\/\\\/sea-invest.com\\\/fr\\\/\"},{\"@type\":\"ListItem\",\"position\":2,\"name\":\"404 Error\"}]},{\"@type\":\"WebSite\",\"@id\":\"https:\\\/\\\/sea-invest.com\\\/#website\",\"url\":\"https:\\\/\\\/sea-invest.com\\\/\",\"name\":\"SEA-invest | An ocean of opportunities\",\"description\":\"seainvest\",\"potentialAction\":[{\"@type\":\"SearchAction\",\"target\":{\"@type\":\"EntryPoint\",\"urlTemplate\":\"https:\\\/\\\/sea-invest.com\\\/?s={search_term_string}\"},\"query-input\":{\"@type\":\"PropertyValueSpecification\",\"valueRequired\":true,\"valueName\":\"search_term_string\"}}],\"inLanguage\":\"fr-FR\"}]}<\/script>\n<!-- \/ Yoast SEO plugin. -->","yoast_head_json":{"title":"404 Error - SEA-invest | An ocean of opportunities","robots":{"index":"index","follow":"follow","max-snippet":"max-snippet:-1","max-image-preview":"max-image-preview:large","max-video-preview":"max-video-preview:-1"},"canonical":"https:\/\/sea-invest.com\/fr\/404-error\/","og_locale":"fr_FR","og_type":"article","og_title":"404 Error - SEA-invest | An ocean of opportunities","og_description":"AN OCEAN OF OPPORTUNITIES \u00c0 PROPOS DE SEA-invest SOCI\u00c9T\u00c9S La page n\u2019a pas pu","og_url":"https:\/\/sea-invest.com\/fr\/404-error\/","og_site_name":"SEA-invest | An ocean of opportunities","article_modified_time":"2019-07-03T13:30:27+00:00","twitter_card":"summary_large_image","schema":{"@context":"https:\/\/schema.org","@graph":[{"@type":"WebPage","@id":"https:\/\/sea-invest.com\/fr\/404-error\/","url":"https:\/\/sea-invest.com\/fr\/404-error\/","name":"404 Error - SEA-invest | An ocean of opportunities","isPartOf":{"@id":"https:\/\/sea-invest.com\/#website"},"datePublished":"2017-10-27T18:10:46+00:00","dateModified":"2019-07-03T13:30:27+00:00","breadcrumb":{"@id":"https:\/\/sea-invest.com\/fr\/404-error\/#breadcrumb"},"inLanguage":"fr-FR","potentialAction":[{"@type":"ReadAction","target":["https:\/\/sea-invest.com\/fr\/404-error\/"]}]},{"@type":"BreadcrumbList","@id":"https:\/\/sea-invest.com\/fr\/404-error\/#breadcrumb","itemListElement":[{"@type":"ListItem","position":1,"name":"Home","item":"https:\/\/sea-invest.com\/fr\/"},{"@type":"ListItem","position":2,"name":"404 Error"}]},{"@type":"WebSite","@id":"https:\/\/sea-invest.com\/#website","url":"https:\/\/sea-invest.com\/","name":"SEA-invest | An ocean of opportunities","description":"seainvest","potentialAction":[{"@type":"SearchAction","target":{"@type":"EntryPoint","urlTemplate":"https:\/\/sea-invest.com\/?s={search_term_string}"},"query-input":{"@type":"PropertyValueSpecification","valueRequired":true,"valueName":"search_term_string"}}],"inLanguage":"fr-FR"}]}},"_links":{"self":[{"href":"https:\/\/sea-invest.com\/fr\/wp-json\/wp\/v2\/pages\/4063","targetHints":{"allow":["GET"]}}],"collection":[{"href":"https:\/\/sea-invest.com\/fr\/wp-json\/wp\/v2\/pages"}],"about":[{"href":"https:\/\/sea-invest.com\/fr\/wp-json\/wp\/v2\/types\/page"}],"author":[{"embeddable":true,"href":"https:\/\/sea-invest.com\/fr\/wp-json\/wp\/v2\/users\/1"}],"replies":[{"embeddable":true,"href":"https:\/\/sea-invest.com\/fr\/wp-json\/wp\/v2\/comments?post=4063"}],"version-history":[{"count":5,"href":"https:\/\/sea-invest.com\/fr\/wp-json\/wp\/v2\/pages\/4063\/revisions"}],"predecessor-version":[{"id":4772,"href":"https:\/\/sea-invest.com\/fr\/wp-json\/wp\/v2\/pages\/4063\/revisions\/4772"}],"wp:attachment":[{"href":"https:\/\/sea-invest.com\/fr\/wp-json\/wp\/v2\/media?parent=4063"}],"curies":[{"name":"wp","href":"https:\/\/api.w.org\/{rel}","templated":true}]}}