{"id":4053,"date":"2018-07-09T10:49:39","date_gmt":"2018-07-09T10:49:39","guid":{"rendered":"http:\/\/sea-invest.com\/privacy-policy\/"},"modified":"2023-06-02T11:56:33","modified_gmt":"2023-06-02T11:56:33","slug":"privacy-policy","status":"publish","type":"page","link":"https:\/\/sea-invest.com\/fr\/privacy-policy\/","title":{"rendered":"Politique de confidentialit\u00e9"},"content":{"rendered":"<p><section   class=\"fw-main-row-custom fw-main-row-top  fw_theme_bg_fw-custom fw-section-image fw-section-height-custom fw-content-vertical-align-middle fw-section-position-back tf-sh-cef98410f0669116ef1d6d3ea693d31b\"  style=\" background-image:url(\/\/sea-invest.com\/wp-content\/uploads\/2019\/03\/Banner-homepage-2-2.jpg); background-repeat: no-repeat; background-position: center center; background-size: cover; height: 307px;\"  >\n\t\t<div class=\"fw-main-row-overlay\" style=\"background-color: #000000; opacity: 0.2;\"><\/div>\t<div class=\"fw-container\" >\n\t\t<div class=\"fw-row\">\n\t<div id=\"column-69da6778cda6b\" class=\"fw-col-sm-12 tf-sh-fc8fc7f7db56aebbe1fa16a16cf846c6\" >\n\t<div class=\"fw-wrap-col-inner clearfix  \"   >\n\t\t\t\t<div class=\"fw-col-inner\">\n\t\t\t<div class=\"fw-text-box tf-sh-3434b7c88167b51415d7f17c0eba0ee1 title-hero\" >\n\t<div class=\"fw-text-inner\">\n\t\t<p>AN OCEAN OF OPPORTUNITIES<\/p>\n\t<\/div>\n<\/div><div class=\"fw-divider-space  fw-custom-space  clearfix\" style=\"height:10px;\" ><\/div>\t<a href=\"fr\/about\/\" target=\"_self\" class=\"fw-btn tf-sh-cfe83682689d54f1de69f421c7d8e18f     fw-btn-side-by-side fw-btn-2\"  style=\"width:210px; height:33px; line-height:31px;\">\n\t\t<span style=\"top:0;\">\n\t\t\t\u00c0 PROPOS DE SEA-invest\t\t<\/span>\n\t<\/a>\n\t<a href=\"fr\/companies\/\" target=\"_self\" class=\"fw-btn tf-sh-8e5c70e4a61fa4049876d2f47782423e     fw-btn-side-by-side fw-btn-4\"  style=\"width:100px; height:35px; line-height:35px;\">\n\t\t<span style=\"top:0;\">\n\t\t\tSOCI\u00c9T\u00c9S\t\t<\/span>\n\t<\/a>\n\t\t<\/div>\n\t<\/div>\n<\/div><\/div>\n\n\t<\/div>\n\t<\/section><section   class=\"fw-main-row-custom  auto  fw-section-position-back tf-sh-5d9a384de96e229d02ce0e30ec3c35c4\"    >\n\t\t\t<div class=\"fw-container\" >\n\t\t<div class=\"fw-row\">\n\t<div id=\"column-69da6778cdf0e\" class=\"fw-col-sm-12 tf-sh-e8a6077813ff5ddf0081b4d15434971d\" >\n\t<div class=\"fw-wrap-col-inner clearfix  \"   >\n\t\t\t\t<div class=\"fw-col-inner\">\n\t\t\t<div class=\"fw-heading fw-heading-left  tf-sh-5206262ff2bab36c9bfe673896a36862\" >\n\t\t\t<h1 class=\"fw-special-title\">Privacy Policy<\/h1>\n\t\n\t\n\t<\/div><div class=\"fw-text-box tf-sh-40ee56a394749d2ec8d47b16271ffac6 \" >\n\t<div class=\"fw-text-inner\">\n\t\t<p>Pursuant to art. 13 of Regulation EU 2016\/679 of the European Parliament and of the Council of 27 April 2016, on the protection of natural persons with regard to the processing of personal data and on the free movement of such data (hereinafter the \u201c\u00a0<strong>Regulation<\/strong>\u00a0\u201d), we inform you that the Controller of the personal data provided by you is SEA-invest Corporation SA (hereinafter \"\u00a0<strong>SEA-invest<\/strong>\u00a0\").<\/p>\n<p><strong>Browsing data<\/strong><\/p>\n<p>The information systems and programs used to operate our website collect some data whose transmission is automatic when using Internet communication protocols (e.g. IP addresses or domain names of the computers used by the users to connect with the website, URI \u2013 Uniform Resource Identifier - addresses of the requested resources, time of the request, methods used to submit the request to server, size of the response file, response status code \u2013 success, error, etc. - and other parameters relating to the operating system and information environment of the user). Although such data are not intended for being associated to individual data subjects, it is possible that, by their nature and through processing and association with further data held by third parties, such data may permit to identify users.<\/p>\n<p>Such data shall only be used for statistical purposes about the use of the website, without associating them to any identifier of the users, and for the purposes of monitoring the proper operation of the website and shall be deleted immediately after processing. These data may be used for the purposes of investigating liability in the event of information crimes committed against the website.<\/p>\n<p><strong>Data voluntarily provided by users<\/strong><\/p>\n<p><strong>SEA-invest<\/strong>\u00a0may collect certain personal data such as contact details including, but not limited to, name, surname, address, telephone, email address and other more extensive information such as Curriculum Vitae, for the purposes of:<\/p>\n<p>1- creating and managing your candidate account in the recruitment area for the purpose of job posting;<\/p>\n<p>2- answering the requests sent by users to SEA-invest including, without limitation, the voluntary sending of messages, letters or e-mails, to the addresses of SEA-invest as specified in the website that imply the subsequent collection of address, including e-mail address, of the sender as well as of any other personal data included in the relevant communications.<\/p>\n<p>Consent is required for the processing of data for the purposes under number\u00a0 1. The data shall be kept for no longer than is strictly necessary to provide the requested to do so by law (e.g., data to be kept for no longer than it is allowed by law and for job posting purpose profiling purposes to be kept for no longer than 12 months).<\/p>\n<p>Users are entitled to withdraw, at any time, any previously given consent, or to amend any previously provided contact details, by addressing to SEA-invest at the address\u00a0<a href=\"mailto:personeelsdienst@sea-invest.com\">personeelsdienst@sea-invest.com<\/a><\/p>\n<p>Your personal data shall undergo processing exclusively by the staff assigned to it by SEA-invest or by any external supplier appointed as processors bound by contractual commitments of data protection.<\/p>\n\t<\/div>\n<\/div>\t\t<\/div>\n\t<\/div>\n<\/div><\/div>\n\n\t<\/div>\n\t<\/section><\/p>\n","protected":false},"excerpt":{"rendered":"<p>AN OCEAN OF OPPORTUNITIES \u00c0 PROPOS DE SEA-invest SOCI\u00c9T\u00c9S Privacy Policy Pursuant to art.<\/p>\n","protected":false},"author":1,"featured_media":0,"parent":0,"menu_order":0,"comment_status":"closed","ping_status":"closed","template":"visual-builder-template.php","meta":{"_acf_changed":false,"footnotes":""},"class_list":["post-4053","page","type-page","status-publish","hentry"],"acf":[],"yoast_head":"<!-- This site is optimized with the Yoast SEO plugin v27.3 - https:\/\/yoast.com\/product\/yoast-seo-wordpress\/ -->\n<title>Politique de confidentialit\u00e9 - SEA-invest | An ocean of opportunities<\/title>\n<meta name=\"robots\" content=\"index, follow, max-snippet:-1, max-image-preview:large, max-video-preview:-1\" \/>\n<link rel=\"canonical\" href=\"https:\/\/sea-invest.com\/fr\/privacy-policy\/\" \/>\n<meta property=\"og:locale\" content=\"fr_FR\" \/>\n<meta property=\"og:type\" content=\"article\" \/>\n<meta property=\"og:title\" content=\"Politique de confidentialit\u00e9 - SEA-invest | An ocean of opportunities\" \/>\n<meta property=\"og:description\" content=\"AN OCEAN OF OPPORTUNITIES \u00c0 PROPOS DE SEA-invest SOCI\u00c9T\u00c9S Privacy Policy Pursuant to art.\" \/>\n<meta property=\"og:url\" content=\"https:\/\/sea-invest.com\/fr\/privacy-policy\/\" \/>\n<meta property=\"og:site_name\" content=\"SEA-invest | An ocean of opportunities\" \/>\n<meta property=\"article:modified_time\" content=\"2023-06-02T11:56:33+00:00\" \/>\n<meta name=\"twitter:card\" content=\"summary_large_image\" \/>\n<meta name=\"twitter:label1\" content=\"Dur\u00e9e de lecture estim\u00e9e\" \/>\n\t<meta name=\"twitter:data1\" content=\"3 minutes\" \/>\n<script type=\"application\/ld+json\" class=\"yoast-schema-graph\">{\"@context\":\"https:\\\/\\\/schema.org\",\"@graph\":[{\"@type\":\"WebPage\",\"@id\":\"https:\\\/\\\/sea-invest.com\\\/fr\\\/privacy-policy\\\/\",\"url\":\"https:\\\/\\\/sea-invest.com\\\/fr\\\/privacy-policy\\\/\",\"name\":\"Politique de confidentialit\u00e9 - SEA-invest | An ocean of opportunities\",\"isPartOf\":{\"@id\":\"https:\\\/\\\/sea-invest.com\\\/#website\"},\"datePublished\":\"2018-07-09T10:49:39+00:00\",\"dateModified\":\"2023-06-02T11:56:33+00:00\",\"breadcrumb\":{\"@id\":\"https:\\\/\\\/sea-invest.com\\\/fr\\\/privacy-policy\\\/#breadcrumb\"},\"inLanguage\":\"fr-FR\",\"potentialAction\":[{\"@type\":\"ReadAction\",\"target\":[\"https:\\\/\\\/sea-invest.com\\\/fr\\\/privacy-policy\\\/\"]}]},{\"@type\":\"BreadcrumbList\",\"@id\":\"https:\\\/\\\/sea-invest.com\\\/fr\\\/privacy-policy\\\/#breadcrumb\",\"itemListElement\":[{\"@type\":\"ListItem\",\"position\":1,\"name\":\"Home\",\"item\":\"https:\\\/\\\/sea-invest.com\\\/fr\\\/\"},{\"@type\":\"ListItem\",\"position\":2,\"name\":\"Politique de confidentialit\u00e9\"}]},{\"@type\":\"WebSite\",\"@id\":\"https:\\\/\\\/sea-invest.com\\\/#website\",\"url\":\"https:\\\/\\\/sea-invest.com\\\/\",\"name\":\"SEA-invest | An ocean of opportunities\",\"description\":\"seainvest\",\"potentialAction\":[{\"@type\":\"SearchAction\",\"target\":{\"@type\":\"EntryPoint\",\"urlTemplate\":\"https:\\\/\\\/sea-invest.com\\\/?s={search_term_string}\"},\"query-input\":{\"@type\":\"PropertyValueSpecification\",\"valueRequired\":true,\"valueName\":\"search_term_string\"}}],\"inLanguage\":\"fr-FR\"}]}<\/script>\n<!-- \/ Yoast SEO plugin. -->","yoast_head_json":{"title":"Politique de confidentialit\u00e9 - SEA-invest | An ocean of opportunities","robots":{"index":"index","follow":"follow","max-snippet":"max-snippet:-1","max-image-preview":"max-image-preview:large","max-video-preview":"max-video-preview:-1"},"canonical":"https:\/\/sea-invest.com\/fr\/privacy-policy\/","og_locale":"fr_FR","og_type":"article","og_title":"Politique de confidentialit\u00e9 - SEA-invest | An ocean of opportunities","og_description":"AN OCEAN OF OPPORTUNITIES \u00c0 PROPOS DE SEA-invest SOCI\u00c9T\u00c9S Privacy Policy Pursuant to art.","og_url":"https:\/\/sea-invest.com\/fr\/privacy-policy\/","og_site_name":"SEA-invest | An ocean of opportunities","article_modified_time":"2023-06-02T11:56:33+00:00","twitter_card":"summary_large_image","twitter_misc":{"Dur\u00e9e de lecture estim\u00e9e":"3 minutes"},"schema":{"@context":"https:\/\/schema.org","@graph":[{"@type":"WebPage","@id":"https:\/\/sea-invest.com\/fr\/privacy-policy\/","url":"https:\/\/sea-invest.com\/fr\/privacy-policy\/","name":"Politique de confidentialit\u00e9 - SEA-invest | An ocean of opportunities","isPartOf":{"@id":"https:\/\/sea-invest.com\/#website"},"datePublished":"2018-07-09T10:49:39+00:00","dateModified":"2023-06-02T11:56:33+00:00","breadcrumb":{"@id":"https:\/\/sea-invest.com\/fr\/privacy-policy\/#breadcrumb"},"inLanguage":"fr-FR","potentialAction":[{"@type":"ReadAction","target":["https:\/\/sea-invest.com\/fr\/privacy-policy\/"]}]},{"@type":"BreadcrumbList","@id":"https:\/\/sea-invest.com\/fr\/privacy-policy\/#breadcrumb","itemListElement":[{"@type":"ListItem","position":1,"name":"Home","item":"https:\/\/sea-invest.com\/fr\/"},{"@type":"ListItem","position":2,"name":"Politique de confidentialit\u00e9"}]},{"@type":"WebSite","@id":"https:\/\/sea-invest.com\/#website","url":"https:\/\/sea-invest.com\/","name":"SEA-invest | An ocean of opportunities","description":"seainvest","potentialAction":[{"@type":"SearchAction","target":{"@type":"EntryPoint","urlTemplate":"https:\/\/sea-invest.com\/?s={search_term_string}"},"query-input":{"@type":"PropertyValueSpecification","valueRequired":true,"valueName":"search_term_string"}}],"inLanguage":"fr-FR"}]}},"_links":{"self":[{"href":"https:\/\/sea-invest.com\/fr\/wp-json\/wp\/v2\/pages\/4053","targetHints":{"allow":["GET"]}}],"collection":[{"href":"https:\/\/sea-invest.com\/fr\/wp-json\/wp\/v2\/pages"}],"about":[{"href":"https:\/\/sea-invest.com\/fr\/wp-json\/wp\/v2\/types\/page"}],"author":[{"embeddable":true,"href":"https:\/\/sea-invest.com\/fr\/wp-json\/wp\/v2\/users\/1"}],"replies":[{"embeddable":true,"href":"https:\/\/sea-invest.com\/fr\/wp-json\/wp\/v2\/comments?post=4053"}],"version-history":[{"count":5,"href":"https:\/\/sea-invest.com\/fr\/wp-json\/wp\/v2\/pages\/4053\/revisions"}],"predecessor-version":[{"id":6862,"href":"https:\/\/sea-invest.com\/fr\/wp-json\/wp\/v2\/pages\/4053\/revisions\/6862"}],"wp:attachment":[{"href":"https:\/\/sea-invest.com\/fr\/wp-json\/wp\/v2\/media?parent=4053"}],"curies":[{"name":"wp","href":"https:\/\/api.w.org\/{rel}","templated":true}]}}