{"id":4051,"date":"2018-10-26T06:49:56","date_gmt":"2018-10-26T06:49:56","guid":{"rendered":"http:\/\/sea-invest.com\/about\/"},"modified":"2025-03-21T11:39:59","modified_gmt":"2025-03-21T11:39:59","slug":"about","status":"publish","type":"page","link":"https:\/\/sea-invest.com\/fr\/about\/","title":{"rendered":"\u00c0 propos de SEA-invest"},"content":{"rendered":"<p><section   class=\"fw-main-row-custom fw-main-row-top  fw_theme_bg_fw-custom fw-section-image fw-section-height-custom fw-content-vertical-align-middle fw-section-position-back tf-sh-cef98410f0669116ef1d6d3ea693d31b\"  style=\" background-image:url(https:\/\/sea-invest.com\/wp-content\/uploads\/2025\/03\/afbeelding-7.png); background-repeat: no-repeat; background-position: center top; background-size: cover; height: 307px;\"  >\n\t\t<div class=\"fw-main-row-overlay\" style=\"background-color: #000000; opacity: 0.2;\"><\/div>\t<div class=\"fw-container\" >\n\t\t<div class=\"fw-row\">\n\t<div id=\"column-69f3630ea3c22\" class=\"fw-col-sm-12 tf-sh-fc8fc7f7db56aebbe1fa16a16cf846c6\" >\n\t<div class=\"fw-wrap-col-inner clearfix  \"   >\n\t\t\t\t<div class=\"fw-col-inner\">\n\t\t\t<div class=\"fw-text-box tf-sh-3434b7c88167b51415d7f17c0eba0ee1 title-hero\" >\n\t<div class=\"fw-text-inner\">\n\t\t<p>AN OCEAN OF OPPORTUNITIES<\/p>\n\t<\/div>\n<\/div><div class=\"fw-divider-space  fw-custom-space  clearfix\" style=\"height:10px;\" ><\/div>\t<a href=\"fr\/about\/\" target=\"_self\" class=\"fw-btn tf-sh-cfe83682689d54f1de69f421c7d8e18f     fw-btn-side-by-side fw-btn-2\"  style=\"width:210px; height:33px; line-height:31px;\">\n\t\t<span style=\"top:0;\">\n\t\t\t\u00c0 propos de SEA-invest\t\t<\/span>\n\t<\/a>\n\t<a href=\"fr\/companies\/\" target=\"_self\" class=\"fw-btn tf-sh-8e5c70e4a61fa4049876d2f47782423e     fw-btn-side-by-side fw-btn-4\"  style=\"width:100px; height:35px; line-height:35px;\">\n\t\t<span style=\"top:0;\">\n\t\t\tSoci\u00e9t\u00e9s\t\t<\/span>\n\t<\/a>\n\t\t<\/div>\n\t<\/div>\n<\/div><\/div>\n\n\t<\/div>\n\t<\/section><section   class=\"fw-main-row-custom  auto  fw-section-position-back tf-sh-70cd7cfd2375d9899f8589a651bcdc9c\"    >\n\t\t\t<div class=\"fw-container\" >\n\t\t<div class=\"fw-row\">\n\t<div id=\"column-69f3630ea40f0\" class=\"fw-col-sm-8 tf-sh-86b4561ef22ae7f5076c75253c197d2d\" >\n\t<div class=\"fw-wrap-col-inner clearfix  \"   >\n\t\t\t\t<div class=\"fw-col-inner\">\n\t\t\t<div class=\"fw-heading fw-heading-center t-uppercase tf-sh-062d2d90c55c3533dd43906614ef4616\" >\n\t\t\t<h1 class=\"fw-special-title\">\u00c0 propos de SEA-invest<\/h1>\n\t\n\t\n\t<\/div>\t\t<\/div>\n\t<\/div>\n<\/div><\/div>\n\n<div class=\"fw-row\">\n\t<div id=\"column-69f3630ea4284\" class=\"fw-col-sm-12  fw-col-md-8 tf-sh-af0d5a873c93fb93e5ea3e733716ad2a\" >\n\t<div class=\"fw-wrap-col-inner clearfix  \"   >\n\t\t\t\t<div class=\"fw-col-inner\">\n\t\t\t<div class=\"fw-text-box tf-sh-a043c5003f3466f406dd01d751b38f2e \" >\n\t<div class=\"fw-text-inner\">\n\t\t<p style=\"text-align: justify;\">SEA-invest est un des principaux op\u00e9rateurs de terminaux au monde pour le vrac sec, breakbulk, es fruits et le vrac liquide. Le groupe jouit actuellement d\u2019une renomm\u00e9e mondiale dans les domaines de la manutention, de l\u2019entreposage et d\u2019autres activit\u00e9s portuaires. SEA-invest est actif dans pas moins de 23 ports sur deux continents et travaille en \u00e9troite collaboration avec de nombreuses industries. Gr\u00e2ce \u00e0 notre proximit\u00e9 et aux liens que nous avons cr\u00e9\u00e9s tant avec le producteur qu\u2019avec la destination finale, nous sommes d\u00e9sormais un maillon fondamental au sein de la chaine logistique de nos clients. Ce site web vous pr\u00e9sente nos multiples activit\u00e9s ainsi que l\u2019ensemble des entreprises faisant partie du groupe SEA-invest. D\u00e9couvrez ce que SEA-invest peut vous offrir. D\u00e9couvrez un oc\u00e9an de possibilit\u00e9s !<\/p>\n<p style=\"text-align: justify;\">Tous les jours, dans le monde entier, des milliards de personnes utilisent et consomment des dizaines, voire des centaines, de produits. Nous savourons un fruit exotique ou une d\u00e9licieuse tasse de caf\u00e9, nous profitons du confort et de la chaleur de nos foyers, nous avons une voiture fiable dans notre garage et nous adorons l\u2019aspect soyeux de nos cheveux. Nous sommes tellement habitu\u00e9s \u00e0 ces produits qui agr\u00e9mentent notre quotidien que nous avons peine \u00e0 croire qu\u2019ils ont travers\u00e9 la moiti\u00e9 de la plan\u00e8te avant d\u2019arriver jusqu\u2019\u00e0 nous.<\/p>\n<p style=\"text-align: justify;\">Ces habitudes du consommateur sont pourtant synonymes de vie ou de mort pour chaque producteur. Ce dernier a en effet d\u00fb, avec une infime pr\u00e9cision et un amour du commerce d\u00e9mesur\u00e9, concevoir un produit qui \u00e9clipse ses concurrents. Pour y parvenir, l\u2019innovation permanente et d\u2019\u00e9normes investissements ont \u00e9t\u00e9 n\u00e9cessaires. Or ce n\u2019est qu\u2019une fois arriv\u00e9 \u00e0 la destination finale que le produit peut v\u00e9ritablement porter ses fruits. Il ne fait donc aucun doute que la distribution de biens est l\u2019un des principaux maillons de la cha\u00eene logistique.<\/p>\n<p style=\"text-align: justify;\">\n\t<\/div>\n<\/div>\t\t<\/div>\n\t<\/div>\n<\/div><div id=\"column-69f3630ea4394\" class=\"fw-col-sm-12  fw-col-md-4 tf-sh-f01198f42e23ddd1ce827558910dffcd sidebar-pages\" >\n\t<div class=\"fw-wrap-col-inner clearfix  \"   >\n\t\t\t\t<div class=\"fw-col-inner\">\n\t\t\t<div class=\"fw-heading fw-heading-center  tf-sh-56e91feed63474c524a17d12cfef556b\" >\n\t\t\t<h2 class=\"fw-special-title\">Principes d\u2019affaires de SEA-invest<\/h2>\n\t\n\t\n\t<\/div><div class=\"fw-text-box tf-sh-1d2914bccd045683f03447e7d783c037 values\" >\n\t<div class=\"fw-text-inner\">\n\t\t<ul>\n<li>La prise en compte des besoins des clients<\/li>\n<li>Une croissance avec nos clients dans une relation \u00e0 long terme<\/li>\n<li>Recherche constante de l'excellence (productivit\u00e9 et efficacit\u00e9)<\/li>\n<li>Orient\u00e9 vers l\u2019innovation<\/li>\n<li>\u201cLean and agile\u201d management<\/li>\n<li>La priorit\u00e9 accord\u00e9e \u00e0 l\u2019environnement et \u00e0 la s\u00e9curit\u00e9<\/li>\n<\/ul>\n\t<\/div>\n<\/div>\t<a href=\"\/location\/\" target=\"_self\" class=\"fw-btn tf-sh-c86ff5071839c3e8a09082c18ebd673c     fw-btn-side-by-side fw-btn-1\"  style=\"width:150px; height:35px; line-height:35px;\">\n\t\t<span style=\"top:0;\">\n\t\t\tAux sites\t\t<\/span>\n\t<\/a>\n\t<a href=\"\/divisions\/\" target=\"_self\" class=\"fw-btn tf-sh-0e49b24561d88e8578d52e644b7066c8     fw-btn-side-by-side fw-btn-1\"  style=\"width:150px; height:35px; line-height:35px;\">\n\t\t<span style=\"top:0;\">\n\t\t\tAux divisions\t\t<\/span>\n\t<\/a>\n\t\t<\/div>\n\t<\/div>\n<\/div><\/div>\n\n<div class=\"fw-row\">\n\t<div id=\"column-69f3630ea465f\" class=\"fw-col-sm-8 tf-sh-5c82ece7fe1cd4837338309be4496288\" >\n\t<div class=\"fw-wrap-col-inner clearfix  \"   >\n\t\t\t\t<div class=\"fw-col-inner\">\n\t\t\t<div class=\"fw-text-box tf-sh-ebea1787754ed2df511428ac36bd221a \" >\n\t<div class=\"fw-text-inner\">\n\t\t<p style=\"text-align: justify;\">SEA-invest est ce maillon fondamental. Un maillon des plus fiables ! Nous pensons en effet qu\u2019il est de notre devoir de manutentionner les biens le plus rapidement et efficacement possible avec le plus grand soin. C\u2019est l\u2019objectif quotidien de l\u2019ensemble de nos employ\u00e9s et de la direction. Nous ne m\u00e9nageons pas nos efforts pour offrir, jour apr\u00e8s jour, un service impeccable et une flexibilit\u00e9 exemplaire \u00e0 nos clients. Que ce soit dans le domaine de la manutention ou du transport, de l\u2019entreposage ou de la logistique, notre leitmotiv reste le m\u00eame : l\u2019objectif de notre client est notre priorit\u00e9 !<\/p>\n<p style=\"text-align: justify;\">Ce n\u2019est que gr\u00e2ce \u00e0 cet \u00e9tat d\u2019esprit que SEA-invest a pu \u00e9voluer du manutentionnaire de charbon et de ferraille, \u00e0 l\u2019entreprise qu\u2019elle est aujourd\u2019hui : une holding internationale active sur deux continents, employant cinq mille cinq cent personnes et jouissant d\u2019une renomm\u00e9e mondiale dans la manutention du vrac sec, des fruits et du vrac liquide.<\/p>\n<p style=\"text-align: justify;\">Mais nous ne nous reposons pas sur nos lauriers. Notre qu\u00eate permanente des standards les plus \u00e9lev\u00e9s en mati\u00e8re d\u2019efficacit\u00e9 et de satisfaction du client nous pousse \u00e0 aller toujours plus loin. La flexibilit\u00e9, l\u2019innovation, l\u2019optimisation, le savoir-faire et le respect de la volont\u00e9 du client sont les valeurs qui nous permettent de nous \u00e9valuer au quotidien et de faire du service de qualit\u00e9 une norme. Voil\u00e0 pourquoi SEA-invest peut se targuer de d\u00e9tenir plusieurs certificats de qualit\u00e9 \u00e0 chaque niveau organisationnel.<\/p>\n<p style=\"text-align: justify;\">En plus d\u2019\u00eatre orient\u00e9e vers les r\u00e9sultats, SEA-invest continue \u00e0 investir dans les ressources humaines et l\u2019environnement. Nous sommes convaincus que la s\u00e9curit\u00e9 des employ\u00e9s prime sur \u00a0les objectifs \u00e9conomiques. Par respect pour notre plan\u00e8te, nous continuons \u00e0 nous imposer des normes environnementales plus strictes. SEA-invest est consciente de ses responsabilit\u00e9s et contribue de cette mani\u00e8re \u00e0 un environnement plus s\u00fbr et plus sain pour les g\u00e9n\u00e9rations actuelles et surtout celles \u00e0 venir.<\/p>\n<p style=\"text-align: justify;\">Ce site web a pour but de vous pr\u00e9senter les diff\u00e9rentes facettes de SEA-invest. Nous vous invitons cordialement \u00e0 consulter nos diff\u00e9rentes sections.<\/p>\n<p style=\"text-align: justify;\">Si vous avez des questions pr\u00e9cises \u00e0 nous poser ou une observation quelconque \u00e0 faire, n\u2019h\u00e9sitez pas \u00e0 nous contacter, nous serons toujours dispos\u00e9s \u00e0 vous r\u00e9pondre en d\u00e9tail.<\/p>\n<p style=\"text-align: justify;\">D\u00e9couvrez le monde de SEA-invest.<br \/>D\u00e9couvrez un oc\u00e9an de possibilit\u00e9s !<\/p>\n\t<\/div>\n<\/div>\t\t<\/div>\n\t<\/div>\n<\/div><div id=\"column-69f3630ea4756\" class=\"fw-col-sm-4 tf-sh-9b91893ed8c4b930afa7c7a2258d83ac download\" >\n\t<div class=\"fw-wrap-col-inner clearfix  \"   >\n\t\t\t\t<div class=\"fw-col-inner\">\n\t\t\t<div class=\"fw-heading fw-heading-center  tf-sh-108406798fe04dfe36276d683de74f06\" >\n\t\t\t<h2 class=\"fw-special-title\">A t\u00e9l\u00e9charger<\/h2>\n\t\n\t\n\t<\/div><div class=\"fw-text-box tf-sh-2f9d044ec5cbc4f9468d590c550a9a76 download-files naastelkaar\" >\n\t<div class=\"fw-text-inner\">\n\t\t<ul>\n<li><a href=\"https:\/\/sea-invest.com\/wp-content\/uploads\/2022\/02\/SI-SIF-20012022_LR.pdf\">Brochure\u00a0SEA-invest\u00a0France<\/a><\/li>\n<li style=\"text-align: center;\"><a href=\"https:\/\/sea-invest.com\/wp-content\/uploads\/2021\/04\/Brochure-Sea-Tank-Terminal.pdf\" download=\"\">\u00a0 Brochure SEA-Tank<\/a><\/li>\n<li style=\"text-align: left;\"><a href=\"https:\/\/sea-invest.com\/wp-content\/uploads\/2021\/07\/Brochure-sea-invest-2021.pdf\" download=\"\">\u00a0 Brochure SEA-invest\u00a0<\/a><\/li>\n<li style=\"text-align: left;\"><a href=\"https:\/\/sea-invest.com\/wp-content\/uploads\/2022\/02\/SI-SIA-bedrijfsbrochure21012022FR_LR-1.pdf\" download=\"\">\u00a0 Brochure SEA-invest Afrique\u00a0<\/a><\/li>\n<li style=\"text-align: left;\"><a href=\"http:\/\/sea-invest.com\/wp-content\/uploads\/2019\/02\/Brochure-Sea-Tech.pdf\" download=\"\">\u00a0 Brochure SEA-Tech<\/a><\/li>\n<\/ul>\n\t<\/div>\n<\/div>\t\t<\/div>\n\t<\/div>\n<\/div><\/div>\n\n<div class=\"fw-row\">\n\t<div id=\"column-69f3630ea4902\" class=\"fw-col-sm-12 tf-sh-77ba07167bdb51c75d7d7d450502cbfb\" >\n\t<div class=\"fw-wrap-col-inner clearfix  \"   >\n\t\t\t\t<div class=\"fw-col-inner\">\n\t\t\t<div class=\"fw-divider-space space-md  clearfix\"  ><\/div>\t\t<\/div>\n\t<\/div>\n<\/div><\/div>\n\n\t<\/div>\n\t<\/section><section   class=\"fw-main-row-custom fw-section-no-padding  auto  fw-section-position-back tf-sh-366ec43bab291f8356001c62d6e5ded3\"    >\n\t\t\t<div class=\"fw-container-fluid\" >\n\t\t<div class=\"fw-row\">\n\t<div id=\"column-69f3630ea4c2f\" class=\"fw-col-sm-12 tf-sh-b01bd6f6413bfe8ed24141e9919d75f9  fw-col-no-padding\" >\n\t<div class=\"fw-wrap-col-inner clearfix   fw-column-height-custom\" style=\"height: 500px;\"  >\n\t\t\t\t<div class=\"fw-col-inner\">\n\t\t\t\t\t<\/div>\n\t<\/div>\n<\/div><\/div>\n\n<div class=\"fw-row\">\n\t<div id=\"column-69f3630ea4d77\" class=\"fw-col-sm-12 tf-sh-77ba07167bdb51c75d7d7d450502cbfb\" >\n\t<div class=\"fw-wrap-col-inner clearfix  \"   >\n\t\t\t\t<div class=\"fw-col-inner\">\n\t\t\t<div class=\"fw-divider-space  fw-custom-space  clearfix\" style=\"height:30px;\" ><\/div>\t\t<\/div>\n\t<\/div>\n<\/div><\/div>\n\n\t<\/div>\n\t<\/section><\/p>\n","protected":false},"excerpt":{"rendered":"<p>AN OCEAN OF OPPORTUNITIES \u00c0 propos de SEA-invest Soci\u00e9t\u00e9s \u00c0 propos de SEA-invest SEA-invest<\/p>\n","protected":false},"author":1,"featured_media":0,"parent":0,"menu_order":0,"comment_status":"closed","ping_status":"closed","template":"visual-builder-template.php","meta":{"_acf_changed":false,"footnotes":""},"class_list":["post-4051","page","type-page","status-publish","hentry"],"acf":[],"yoast_head":"<!-- This site is optimized with the Yoast SEO plugin v27.3 - https:\/\/yoast.com\/product\/yoast-seo-wordpress\/ -->\n<title>\u00c0 propos de SEA-invest - SEA-invest | An ocean of opportunities<\/title>\n<meta name=\"robots\" content=\"index, follow, max-snippet:-1, max-image-preview:large, max-video-preview:-1\" \/>\n<link rel=\"canonical\" href=\"https:\/\/sea-invest.com\/fr\/about\/\" \/>\n<meta property=\"og:locale\" content=\"fr_FR\" \/>\n<meta property=\"og:type\" content=\"article\" \/>\n<meta property=\"og:title\" content=\"\u00c0 propos de SEA-invest - SEA-invest | An ocean of opportunities\" \/>\n<meta property=\"og:description\" content=\"AN OCEAN OF OPPORTUNITIES \u00c0 propos de SEA-invest Soci\u00e9t\u00e9s \u00c0 propos de SEA-invest SEA-invest\" \/>\n<meta property=\"og:url\" content=\"https:\/\/sea-invest.com\/fr\/about\/\" \/>\n<meta property=\"og:site_name\" content=\"SEA-invest | An ocean of opportunities\" \/>\n<meta property=\"article:modified_time\" content=\"2025-03-21T11:39:59+00:00\" \/>\n<meta name=\"twitter:card\" content=\"summary_large_image\" \/>\n<meta name=\"twitter:label1\" content=\"Dur\u00e9e de lecture estim\u00e9e\" \/>\n\t<meta name=\"twitter:data1\" content=\"5 minutes\" \/>\n<script type=\"application\/ld+json\" class=\"yoast-schema-graph\">{\"@context\":\"https:\\\/\\\/schema.org\",\"@graph\":[{\"@type\":\"WebPage\",\"@id\":\"https:\\\/\\\/sea-invest.com\\\/fr\\\/about\\\/\",\"url\":\"https:\\\/\\\/sea-invest.com\\\/fr\\\/about\\\/\",\"name\":\"\u00c0 propos de SEA-invest - SEA-invest | An ocean of opportunities\",\"isPartOf\":{\"@id\":\"https:\\\/\\\/sea-invest.com\\\/#website\"},\"datePublished\":\"2018-10-26T06:49:56+00:00\",\"dateModified\":\"2025-03-21T11:39:59+00:00\",\"breadcrumb\":{\"@id\":\"https:\\\/\\\/sea-invest.com\\\/fr\\\/about\\\/#breadcrumb\"},\"inLanguage\":\"fr-FR\",\"potentialAction\":[{\"@type\":\"ReadAction\",\"target\":[\"https:\\\/\\\/sea-invest.com\\\/fr\\\/about\\\/\"]}]},{\"@type\":\"BreadcrumbList\",\"@id\":\"https:\\\/\\\/sea-invest.com\\\/fr\\\/about\\\/#breadcrumb\",\"itemListElement\":[{\"@type\":\"ListItem\",\"position\":1,\"name\":\"Home\",\"item\":\"https:\\\/\\\/sea-invest.com\\\/fr\\\/\"},{\"@type\":\"ListItem\",\"position\":2,\"name\":\"\u00c0 propos de SEA-invest\"}]},{\"@type\":\"WebSite\",\"@id\":\"https:\\\/\\\/sea-invest.com\\\/#website\",\"url\":\"https:\\\/\\\/sea-invest.com\\\/\",\"name\":\"SEA-invest | An ocean of opportunities\",\"description\":\"seainvest\",\"potentialAction\":[{\"@type\":\"SearchAction\",\"target\":{\"@type\":\"EntryPoint\",\"urlTemplate\":\"https:\\\/\\\/sea-invest.com\\\/?s={search_term_string}\"},\"query-input\":{\"@type\":\"PropertyValueSpecification\",\"valueRequired\":true,\"valueName\":\"search_term_string\"}}],\"inLanguage\":\"fr-FR\"}]}<\/script>\n<!-- \/ Yoast SEO plugin. -->","yoast_head_json":{"title":"\u00c0 propos de SEA-invest - SEA-invest | An ocean of opportunities","robots":{"index":"index","follow":"follow","max-snippet":"max-snippet:-1","max-image-preview":"max-image-preview:large","max-video-preview":"max-video-preview:-1"},"canonical":"https:\/\/sea-invest.com\/fr\/about\/","og_locale":"fr_FR","og_type":"article","og_title":"\u00c0 propos de SEA-invest - SEA-invest | An ocean of opportunities","og_description":"AN OCEAN OF OPPORTUNITIES \u00c0 propos de SEA-invest Soci\u00e9t\u00e9s \u00c0 propos de SEA-invest SEA-invest","og_url":"https:\/\/sea-invest.com\/fr\/about\/","og_site_name":"SEA-invest | An ocean of opportunities","article_modified_time":"2025-03-21T11:39:59+00:00","twitter_card":"summary_large_image","twitter_misc":{"Dur\u00e9e de lecture estim\u00e9e":"5 minutes"},"schema":{"@context":"https:\/\/schema.org","@graph":[{"@type":"WebPage","@id":"https:\/\/sea-invest.com\/fr\/about\/","url":"https:\/\/sea-invest.com\/fr\/about\/","name":"\u00c0 propos de SEA-invest - SEA-invest | An ocean of opportunities","isPartOf":{"@id":"https:\/\/sea-invest.com\/#website"},"datePublished":"2018-10-26T06:49:56+00:00","dateModified":"2025-03-21T11:39:59+00:00","breadcrumb":{"@id":"https:\/\/sea-invest.com\/fr\/about\/#breadcrumb"},"inLanguage":"fr-FR","potentialAction":[{"@type":"ReadAction","target":["https:\/\/sea-invest.com\/fr\/about\/"]}]},{"@type":"BreadcrumbList","@id":"https:\/\/sea-invest.com\/fr\/about\/#breadcrumb","itemListElement":[{"@type":"ListItem","position":1,"name":"Home","item":"https:\/\/sea-invest.com\/fr\/"},{"@type":"ListItem","position":2,"name":"\u00c0 propos de SEA-invest"}]},{"@type":"WebSite","@id":"https:\/\/sea-invest.com\/#website","url":"https:\/\/sea-invest.com\/","name":"SEA-invest | An ocean of opportunities","description":"seainvest","potentialAction":[{"@type":"SearchAction","target":{"@type":"EntryPoint","urlTemplate":"https:\/\/sea-invest.com\/?s={search_term_string}"},"query-input":{"@type":"PropertyValueSpecification","valueRequired":true,"valueName":"search_term_string"}}],"inLanguage":"fr-FR"}]}},"_links":{"self":[{"href":"https:\/\/sea-invest.com\/fr\/wp-json\/wp\/v2\/pages\/4051","targetHints":{"allow":["GET"]}}],"collection":[{"href":"https:\/\/sea-invest.com\/fr\/wp-json\/wp\/v2\/pages"}],"about":[{"href":"https:\/\/sea-invest.com\/fr\/wp-json\/wp\/v2\/types\/page"}],"author":[{"embeddable":true,"href":"https:\/\/sea-invest.com\/fr\/wp-json\/wp\/v2\/users\/1"}],"replies":[{"embeddable":true,"href":"https:\/\/sea-invest.com\/fr\/wp-json\/wp\/v2\/comments?post=4051"}],"version-history":[{"count":6,"href":"https:\/\/sea-invest.com\/fr\/wp-json\/wp\/v2\/pages\/4051\/revisions"}],"predecessor-version":[{"id":7028,"href":"https:\/\/sea-invest.com\/fr\/wp-json\/wp\/v2\/pages\/4051\/revisions\/7028"}],"wp:attachment":[{"href":"https:\/\/sea-invest.com\/fr\/wp-json\/wp\/v2\/media?parent=4051"}],"curies":[{"name":"wp","href":"https:\/\/api.w.org\/{rel}","templated":true}]}}