{"id":4048,"date":"2018-10-29T08:14:55","date_gmt":"2018-10-29T08:14:55","guid":{"rendered":"http:\/\/sea-invest.com\/divisions\/?_fs_blog_admin=true"},"modified":"2025-04-03T13:47:09","modified_gmt":"2025-04-03T13:47:09","slug":"divisions","status":"publish","type":"page","link":"https:\/\/sea-invest.com\/fr\/divisions\/","title":{"rendered":"Divisions"},"content":{"rendered":"<p><section   class=\"fw-main-row-custom fw-main-row-top  fw_theme_bg_fw-custom fw-section-image fw-section-height-custom fw-content-vertical-align-middle fw-section-position-back tf-sh-cef98410f0669116ef1d6d3ea693d31b\"  style=\" background-image:url(https:\/\/sea-invest.com\/wp-content\/uploads\/2025\/03\/afbeelding-7.png); background-repeat: no-repeat; background-position: center top; background-size: cover; height: 307px;\"  >\n\t\t<div class=\"fw-main-row-overlay\" style=\"background-color: #000000; opacity: 0.2;\"><\/div>\t<div class=\"fw-container\" >\n\t\t<div class=\"fw-row\">\n\t<div id=\"column-69da6812db090\" class=\"fw-col-sm-12 tf-sh-fc8fc7f7db56aebbe1fa16a16cf846c6\" >\n\t<div class=\"fw-wrap-col-inner clearfix  \"   >\n\t\t\t\t<div class=\"fw-col-inner\">\n\t\t\t<div class=\"fw-text-box tf-sh-3434b7c88167b51415d7f17c0eba0ee1 title-hero\" >\n\t<div class=\"fw-text-inner\">\n\t\t<p>AN OCEAN OF OPPORTUNITIES<\/p>\n\t<\/div>\n<\/div><div class=\"fw-divider-space  fw-custom-space  clearfix\" style=\"height:10px;\" ><\/div>\t<a href=\"fr\/about\/\" target=\"_self\" class=\"fw-btn tf-sh-cfe83682689d54f1de69f421c7d8e18f     fw-btn-side-by-side fw-btn-2\"  style=\"width:210px; height:33px; line-height:31px;\">\n\t\t<span style=\"top:0;\">\n\t\t\t\u00c0 propos de SEA-invest\t\t<\/span>\n\t<\/a>\n\t<a href=\"fr\/companies\/\" target=\"_self\" class=\"fw-btn tf-sh-8e5c70e4a61fa4049876d2f47782423e     fw-btn-side-by-side fw-btn-4\"  style=\"width:100px; height:35px; line-height:35px;\">\n\t\t<span style=\"top:0;\">\n\t\t\tSoci\u00e9t\u00e9s\t\t<\/span>\n\t<\/a>\n\t\t<\/div>\n\t<\/div>\n<\/div><\/div>\n\n\t<\/div>\n\t<\/section><section   class=\"fw-main-row-custom  auto  fw-section-position-back tf-sh-34d1b483e001f793cd688577f8ea7f8d\"    >\n\t\t\t<div class=\"fw-container\" >\n\t\t<div class=\"fw-row\">\n\t<div id=\"column-69da6812db5b3\" class=\"fw-col-sm-12 tf-sh-56954259639fa8df63322cc0d5ee9635\" >\n\t<div class=\"fw-wrap-col-inner clearfix  \"   >\n\t\t\t\t<div class=\"fw-col-inner\">\n\t\t\t<div class=\"fw-heading fw-heading-center t-uppercase tf-sh-aa7c95fbabc17328587b986de8a76c87\" >\n\t\t\t<h1 class=\"fw-special-title\">Nos Divisions<\/h1>\n\t\n\t\n\t<\/div><div class=\"fw-divider-space  fw-custom-space  clearfix\" style=\"height:20px;\" ><\/div><div class=\"fw-text-box tf-sh-ebdd964c22ff4379e72744ed4ecfdb59 \" >\n\t<div class=\"fw-text-inner\">\n\t\t<p style=\"text-align: center;\">SEA-invest est devenu l\u2019un des principaux op\u00e9rateurs de terminaux au monde pour le vrac sec, les fruits et le vrac liquide. Le groupe jouit actuellement d\u2019une renomm\u00e9e mondiale dans les domaines de la manutention, de l\u2019entreposage et d\u2019autres activit\u00e9s portuaires. <span lang=\"fr\" tabindex=\"0\">Cliquez sur l'une des divisions ci-dessous pour en savoir plus:<\/span><\/p>\n\t<\/div>\n<\/div><div class=\"fw-raw-code \">\n\t<hr class=\"horizontalLine\"><\/div>\t\t<\/div>\n\t<\/div>\n<\/div><\/div>\n\n<div class=\"fw-row\">\n\t<div id=\"column-69da6812db820\" class=\"col-xs-6 fw-col-sm-6  fw-col-md-3 tf-sh-c9284417865feb70f9dbf6feb0a08292 custom-block-bg\" >\n\t<div class=\"fw-wrap-col-inner clearfix   fw-column-height-custom\" style=\"height: 158px;\"  >\n\t\t\t\t\t<div class=\"fw-main-row-overlay\"><\/div>\n\t\t\t\t<div class=\"fw-col-inner\">\n\t\t\t\t<a href=\"\/fr\/divisions\/dry-bulk\/\" target=\"_self\" class=\"fw-btn tf-sh-a5ecfa52024ab53bac7a2f0f6869f206 fw-btn-full   divisions-button fw-btn-4\"  style=\"width:0px; height:159px; line-height:159px;\">\n\t\t<span style=\"top:0;\">\n\t\t\tVrac sec\t\t<\/span>\n\t<\/a>\n\t\t<\/div>\n\t<\/div>\n<\/div><div id=\"column-69da6812db968\" class=\"col-xs-6 fw-col-sm-6  fw-col-md-3 tf-sh-1fd4eb9ed8b8eaa91e1a233542e6a485 custom-block-bg\" >\n\t<div class=\"fw-wrap-col-inner clearfix   fw-column-height-custom\" style=\"height: 158px;\"  >\n\t\t\t\t\t<div class=\"fw-main-row-overlay\"><\/div>\n\t\t\t\t<div class=\"fw-col-inner\">\n\t\t\t\t<a href=\"\/fr\/divisions\/liquid-products\/\" target=\"_self\" class=\"fw-btn tf-sh-53efc31775d3cd527a716aaec182f406 fw-btn-full   divisions-button fw-btn-4\"  style=\"width:0px; height:159px; line-height:159px;\">\n\t\t<span style=\"top:0;\">\n\t\t\tProduits liquides\t\t<\/span>\n\t<\/a>\n\t\t<\/div>\n\t<\/div>\n<\/div><div id=\"column-69da6812dba70\" class=\"col-xs-6 fw-col-sm-6  fw-col-md-3 tf-sh-b1b138e49446606482d8a83aed43eead custom-block-bg\" >\n\t<div class=\"fw-wrap-col-inner clearfix   fw-column-height-custom\" style=\"height: 158px;\"  >\n\t\t\t\t\t<div class=\"fw-main-row-overlay\"><\/div>\n\t\t\t\t<div class=\"fw-col-inner\">\n\t\t\t\t<a href=\"\/fr\/divisions\/fruit-food\/\" target=\"_self\" class=\"fw-btn tf-sh-e7ca1d3aadb265a52ffe7484c44b9d3d fw-btn-full   divisions-button fw-btn-4\"  style=\"width:0px; height:159px; line-height:159px;\">\n\t\t<span style=\"top:0;\">\n\t\t\tFruits & <br> denr\u00e9es alimentaires\t\t<\/span>\n\t<\/a>\n\t\t<\/div>\n\t<\/div>\n<\/div><div id=\"column-69da6812dbb69\" class=\"col-xs-6 fw-col-sm-6  fw-col-md-3 tf-sh-3e93c6ffe84792056d9bbe0a8f3eea61 custom-block-bg\" >\n\t<div class=\"fw-wrap-col-inner clearfix   fw-column-height-custom\" style=\"height: 158px;\"  >\n\t\t\t\t\t<div class=\"fw-main-row-overlay\"><\/div>\n\t\t\t\t<div class=\"fw-col-inner\">\n\t\t\t\t<a href=\"\/fr\/divisions\/break-bulk-containers-roro\/\" target=\"_self\" class=\"fw-btn tf-sh-7ff02dc104a468ee2a272f24699a1551 fw-btn-full   divisions-button fw-btn-4\"  style=\"width:0px; height:159px; line-height:159px;\">\n\t\t<span style=\"top:0;\">\n\t\t\tMarchandises <br> conventionnelles <br> & Conteneurs\t\t<\/span>\n\t<\/a>\n\t\t<\/div>\n\t<\/div>\n<\/div><\/div>\n\n<div class=\"fw-row\">\n\t<div id=\"column-69da6812dbcbe\" class=\"fw-col-sm-12 tf-sh-04b04ce725c717211111727a84be6947\" >\n\t<div class=\"fw-wrap-col-inner clearfix  \"   >\n\t\t\t\t<div class=\"fw-col-inner\">\n\t\t\t<div class=\"fw-divider-space  fw-custom-space  clearfix\" style=\"height:30px;\" ><\/div>\t\t<\/div>\n\t<\/div>\n<\/div><\/div>\n\n<div class=\"fw-row\">\n\t<div id=\"column-69da6812dbdfd\" class=\"col-xs-6 fw-col-sm-6  fw-col-md-3 tf-sh-bce9bb542b7a3b16bbbd581242265fc3 custom-block-bg\" >\n\t<div class=\"fw-wrap-col-inner clearfix   fw-column-height-custom\" style=\"height: 158px;\"  >\n\t\t\t\t\t<div class=\"fw-main-row-overlay\"><\/div>\n\t\t\t\t<div class=\"fw-col-inner\">\n\t\t\t\t<a href=\"\/fr\/divisions\/logistics-warehousing\/\" target=\"_self\" class=\"fw-btn tf-sh-954fe960ad12e8bdeda054f053aef715 fw-btn-full   divisions-button fw-btn-4\"  style=\"width:0px; height:159px; line-height:159px;\">\n\t\t<span style=\"top:0;\">\n\t\t\tStockage\t\t<\/span>\n\t<\/a>\n\t\t<\/div>\n\t<\/div>\n<\/div><div id=\"column-69da6812dbef1\" class=\"col-xs-6 fw-col-sm-6  fw-col-md-3 tf-sh-d63029b5c960da674ea5585716df518f custom-block-bg\" >\n\t<div class=\"fw-wrap-col-inner clearfix   fw-column-height-custom\" style=\"height: 158px;\"  >\n\t\t\t\t\t<div class=\"fw-main-row-overlay\"><\/div>\n\t\t\t\t<div class=\"fw-col-inner\">\n\t\t\t\t<a href=\"\/fr\/divisions\/shipping-agencies\/\" target=\"_self\" class=\"fw-btn tf-sh-35e98041fda9dc0f57b1252367a96db3 fw-btn-full   divisions-button fw-btn-4\"  style=\"width:0px; height:159px; line-height:159px;\">\n\t\t<span style=\"top:0;\">\n\t\t\tAgences Maritime\t\t<\/span>\n\t<\/a>\n\t\t<\/div>\n\t<\/div>\n<\/div><div id=\"column-69da6812dbfd8\" class=\"col-xs-6 fw-col-sm-6  fw-col-md-3 tf-sh-077c6269f66e126ac4a6a623d246b0a3 custom-block-bg\" >\n\t<div class=\"fw-wrap-col-inner clearfix   fw-column-height-custom\" style=\"height: 158px;\"  >\n\t\t\t\t\t<div class=\"fw-main-row-overlay\"><\/div>\n\t\t\t\t<div class=\"fw-col-inner\">\n\t\t\t\t<a href=\"\/fr\/divisions\/freight-forwarding-customs-brokerage-services\/\" target=\"_self\" class=\"fw-btn tf-sh-e482fd160495f3d800ae58c062c8b731 fw-btn-full   divisions-button fw-btn-4\"  style=\"width:0px; height:159px; line-height:159px;\">\n\t\t<span style=\"top:0;\">\n\t\t\tServices logistiques <br> & douaniers\t\t<\/span>\n\t<\/a>\n\t\t<\/div>\n\t<\/div>\n<\/div><div id=\"column-69da6812dc0bf\" class=\"col-xs-6 fw-col-sm-6  fw-col-md-3 tf-sh-c44da070c6d4f0ae7149e9ec3a9c8813 custom-block-bg\" >\n\t<div class=\"fw-wrap-col-inner clearfix   fw-column-height-custom\" style=\"height: 158px;\"  >\n\t\t\t\t\t<div class=\"fw-main-row-overlay\"><\/div>\n\t\t\t\t<div class=\"fw-col-inner\">\n\t\t\t\t<a href=\"\/fr\/divisions\/services\/\" target=\"_self\" class=\"fw-btn tf-sh-f102a39efe2190198a827ad8d7debf9b fw-btn-full   divisions-button fw-btn-4\"  style=\"width:0px; height:159px; line-height:159px;\">\n\t\t<span style=\"top:0;\">\n\t\t\tAutres Services\t\t<\/span>\n\t<\/a>\n\t\t<\/div>\n\t<\/div>\n<\/div><\/div>\n\n<div class=\"fw-row\">\n\t<div id=\"column-69da6812dc1ec\" class=\"fw-col-sm-12 tf-sh-04b04ce725c717211111727a84be6947\" >\n\t<div class=\"fw-wrap-col-inner clearfix  \"   >\n\t\t\t\t<div class=\"fw-col-inner\">\n\t\t\t<div class=\"fw-divider-space  fw-custom-space  clearfix\" style=\"height:35px;\" ><\/div>\t\t<\/div>\n\t<\/div>\n<\/div><\/div>\n\n\t<\/div>\n\t<\/section><\/p>\n","protected":false},"excerpt":{"rendered":"<p>AN OCEAN OF OPPORTUNITIES \u00c0 propos de SEA-invest Soci\u00e9t\u00e9s Nos Divisions SEA-invest est devenu<\/p>\n","protected":false},"author":1,"featured_media":0,"parent":0,"menu_order":0,"comment_status":"closed","ping_status":"closed","template":"visual-builder-template.php","meta":{"_acf_changed":false,"footnotes":""},"class_list":["post-4048","page","type-page","status-publish","hentry"],"acf":[],"yoast_head":"<!-- This site is optimized with the Yoast SEO plugin v27.3 - https:\/\/yoast.com\/product\/yoast-seo-wordpress\/ -->\n<title>Divisions - SEA-invest | An ocean of opportunities<\/title>\n<meta name=\"robots\" content=\"index, follow, max-snippet:-1, max-image-preview:large, max-video-preview:-1\" \/>\n<link rel=\"canonical\" href=\"https:\/\/sea-invest.com\/fr\/divisions\/\" \/>\n<meta property=\"og:locale\" content=\"fr_FR\" \/>\n<meta property=\"og:type\" content=\"article\" \/>\n<meta property=\"og:title\" content=\"Divisions - SEA-invest | An ocean of opportunities\" \/>\n<meta property=\"og:description\" content=\"AN OCEAN OF OPPORTUNITIES \u00c0 propos de SEA-invest Soci\u00e9t\u00e9s Nos Divisions SEA-invest est devenu\" \/>\n<meta property=\"og:url\" content=\"https:\/\/sea-invest.com\/fr\/divisions\/\" \/>\n<meta property=\"og:site_name\" content=\"SEA-invest | An ocean of opportunities\" \/>\n<meta property=\"article:modified_time\" content=\"2025-04-03T13:47:09+00:00\" \/>\n<meta name=\"twitter:card\" content=\"summary_large_image\" \/>\n<meta name=\"twitter:label1\" content=\"Dur\u00e9e de lecture estim\u00e9e\" \/>\n\t<meta name=\"twitter:data1\" content=\"1 minute\" \/>\n<script type=\"application\/ld+json\" class=\"yoast-schema-graph\">{\"@context\":\"https:\\\/\\\/schema.org\",\"@graph\":[{\"@type\":\"WebPage\",\"@id\":\"https:\\\/\\\/sea-invest.com\\\/fr\\\/divisions\\\/\",\"url\":\"https:\\\/\\\/sea-invest.com\\\/fr\\\/divisions\\\/\",\"name\":\"Divisions - SEA-invest | An ocean of opportunities\",\"isPartOf\":{\"@id\":\"https:\\\/\\\/sea-invest.com\\\/#website\"},\"datePublished\":\"2018-10-29T08:14:55+00:00\",\"dateModified\":\"2025-04-03T13:47:09+00:00\",\"breadcrumb\":{\"@id\":\"https:\\\/\\\/sea-invest.com\\\/fr\\\/divisions\\\/#breadcrumb\"},\"inLanguage\":\"fr-FR\",\"potentialAction\":[{\"@type\":\"ReadAction\",\"target\":[\"https:\\\/\\\/sea-invest.com\\\/fr\\\/divisions\\\/\"]}]},{\"@type\":\"BreadcrumbList\",\"@id\":\"https:\\\/\\\/sea-invest.com\\\/fr\\\/divisions\\\/#breadcrumb\",\"itemListElement\":[{\"@type\":\"ListItem\",\"position\":1,\"name\":\"Home\",\"item\":\"https:\\\/\\\/sea-invest.com\\\/fr\\\/\"},{\"@type\":\"ListItem\",\"position\":2,\"name\":\"Divisions\"}]},{\"@type\":\"WebSite\",\"@id\":\"https:\\\/\\\/sea-invest.com\\\/#website\",\"url\":\"https:\\\/\\\/sea-invest.com\\\/\",\"name\":\"SEA-invest | An ocean of opportunities\",\"description\":\"seainvest\",\"potentialAction\":[{\"@type\":\"SearchAction\",\"target\":{\"@type\":\"EntryPoint\",\"urlTemplate\":\"https:\\\/\\\/sea-invest.com\\\/?s={search_term_string}\"},\"query-input\":{\"@type\":\"PropertyValueSpecification\",\"valueRequired\":true,\"valueName\":\"search_term_string\"}}],\"inLanguage\":\"fr-FR\"}]}<\/script>\n<!-- \/ Yoast SEO plugin. -->","yoast_head_json":{"title":"Divisions - SEA-invest | An ocean of opportunities","robots":{"index":"index","follow":"follow","max-snippet":"max-snippet:-1","max-image-preview":"max-image-preview:large","max-video-preview":"max-video-preview:-1"},"canonical":"https:\/\/sea-invest.com\/fr\/divisions\/","og_locale":"fr_FR","og_type":"article","og_title":"Divisions - SEA-invest | An ocean of opportunities","og_description":"AN OCEAN OF OPPORTUNITIES \u00c0 propos de SEA-invest Soci\u00e9t\u00e9s Nos Divisions SEA-invest est devenu","og_url":"https:\/\/sea-invest.com\/fr\/divisions\/","og_site_name":"SEA-invest | An ocean of opportunities","article_modified_time":"2025-04-03T13:47:09+00:00","twitter_card":"summary_large_image","twitter_misc":{"Dur\u00e9e de lecture estim\u00e9e":"1 minute"},"schema":{"@context":"https:\/\/schema.org","@graph":[{"@type":"WebPage","@id":"https:\/\/sea-invest.com\/fr\/divisions\/","url":"https:\/\/sea-invest.com\/fr\/divisions\/","name":"Divisions - SEA-invest | An ocean of opportunities","isPartOf":{"@id":"https:\/\/sea-invest.com\/#website"},"datePublished":"2018-10-29T08:14:55+00:00","dateModified":"2025-04-03T13:47:09+00:00","breadcrumb":{"@id":"https:\/\/sea-invest.com\/fr\/divisions\/#breadcrumb"},"inLanguage":"fr-FR","potentialAction":[{"@type":"ReadAction","target":["https:\/\/sea-invest.com\/fr\/divisions\/"]}]},{"@type":"BreadcrumbList","@id":"https:\/\/sea-invest.com\/fr\/divisions\/#breadcrumb","itemListElement":[{"@type":"ListItem","position":1,"name":"Home","item":"https:\/\/sea-invest.com\/fr\/"},{"@type":"ListItem","position":2,"name":"Divisions"}]},{"@type":"WebSite","@id":"https:\/\/sea-invest.com\/#website","url":"https:\/\/sea-invest.com\/","name":"SEA-invest | An ocean of opportunities","description":"seainvest","potentialAction":[{"@type":"SearchAction","target":{"@type":"EntryPoint","urlTemplate":"https:\/\/sea-invest.com\/?s={search_term_string}"},"query-input":{"@type":"PropertyValueSpecification","valueRequired":true,"valueName":"search_term_string"}}],"inLanguage":"fr-FR"}]}},"_links":{"self":[{"href":"https:\/\/sea-invest.com\/fr\/wp-json\/wp\/v2\/pages\/4048","targetHints":{"allow":["GET"]}}],"collection":[{"href":"https:\/\/sea-invest.com\/fr\/wp-json\/wp\/v2\/pages"}],"about":[{"href":"https:\/\/sea-invest.com\/fr\/wp-json\/wp\/v2\/types\/page"}],"author":[{"embeddable":true,"href":"https:\/\/sea-invest.com\/fr\/wp-json\/wp\/v2\/users\/1"}],"replies":[{"embeddable":true,"href":"https:\/\/sea-invest.com\/fr\/wp-json\/wp\/v2\/comments?post=4048"}],"version-history":[{"count":7,"href":"https:\/\/sea-invest.com\/fr\/wp-json\/wp\/v2\/pages\/4048\/revisions"}],"predecessor-version":[{"id":7119,"href":"https:\/\/sea-invest.com\/fr\/wp-json\/wp\/v2\/pages\/4048\/revisions\/7119"}],"wp:attachment":[{"href":"https:\/\/sea-invest.com\/fr\/wp-json\/wp\/v2\/media?parent=4048"}],"curies":[{"name":"wp","href":"https:\/\/api.w.org\/{rel}","templated":true}]}}