{"id":4039,"date":"2018-10-29T08:16:14","date_gmt":"2018-10-29T08:16:14","guid":{"rendered":"http:\/\/sea-invest.com\/client-access\/?_fs_blog_admin=true"},"modified":"2025-03-21T11:36:24","modified_gmt":"2025-03-21T11:36:24","slug":"client-access","status":"publish","type":"page","link":"https:\/\/sea-invest.com\/fr\/client-access\/","title":{"rendered":"Acc\u00e8s client"},"content":{"rendered":"<p><section   class=\"fw-main-row-custom fw-main-row-top  fw_theme_bg_fw-custom fw-section-image fw-section-height-custom fw-content-vertical-align-middle fw-section-position-back tf-sh-cef98410f0669116ef1d6d3ea693d31b\"  style=\" background-image:url(https:\/\/sea-invest.com\/wp-content\/uploads\/2025\/03\/afbeelding-7.png); background-repeat: no-repeat; background-position: center top; background-size: cover; height: 307px;\"  >\n\t\t<div class=\"fw-main-row-overlay\" style=\"background-color: #000000; opacity: 0.2;\"><\/div>\t<div class=\"fw-container\" >\n\t\t<div class=\"fw-row\">\n\t<div id=\"column-69da54486b407\" class=\"fw-col-sm-12 tf-sh-fc8fc7f7db56aebbe1fa16a16cf846c6\" >\n\t<div class=\"fw-wrap-col-inner clearfix  \"   >\n\t\t\t\t<div class=\"fw-col-inner\">\n\t\t\t<div class=\"fw-text-box tf-sh-3434b7c88167b51415d7f17c0eba0ee1 title-hero\" >\n\t<div class=\"fw-text-inner\">\n\t\t<p>AN OCEAN OF OPPORTUNITIES<\/p>\n\t<\/div>\n<\/div><div class=\"fw-divider-space  fw-custom-space  clearfix\" style=\"height:10px;\" ><\/div>\t<a href=\"fr\/about\/\" target=\"_self\" class=\"fw-btn tf-sh-cfe83682689d54f1de69f421c7d8e18f     fw-btn-side-by-side fw-btn-2\"  style=\"width:210px; height:33px; line-height:31px;\">\n\t\t<span style=\"top:0;\">\n\t\t\t\u00c0 propos de  SEA-invest\t\t<\/span>\n\t<\/a>\n\t<a href=\"fr\/companies\/\" target=\"_self\" class=\"fw-btn tf-sh-8e5c70e4a61fa4049876d2f47782423e     fw-btn-side-by-side fw-btn-4\"  style=\"width:100px; height:35px; line-height:35px;\">\n\t\t<span style=\"top:0;\">\n\t\t\tSoci\u00e9t\u00e9s\t\t<\/span>\n\t<\/a>\n\t\t<\/div>\n\t<\/div>\n<\/div><\/div>\n\n\t<\/div>\n\t<\/section><section   class=\"fw-main-row-custom  auto  fw-section-position-back tf-sh-5d9a384de96e229d02ce0e30ec3c35c4\"    >\n\t\t\t<div class=\"fw-container\" >\n\t\t<div class=\"fw-row\">\n\t<div id=\"column-69da54486b863\" class=\"fw-col-sm-12 tf-sh-e8a6077813ff5ddf0081b4d15434971d underlinelink\" >\n\t<div class=\"fw-wrap-col-inner clearfix  \"   >\n\t\t\t\t<div class=\"fw-col-inner\">\n\t\t\t<div class=\"fw-heading fw-heading-center t-uppercase tf-sh-5206262ff2bab36c9bfe673896a36862\" >\n\t\t\t<h1 class=\"fw-special-title\">Acc\u00e8s client<\/h1>\n\t\n\t\n\t<\/div><div class=\"fw-text-box tf-sh-40ee56a394749d2ec8d47b16271ffac6 \" >\n\t<div class=\"fw-text-inner\">\n\t\t<h2>AFRIQUE DU SUD<\/h2>\n<p>Southern African Fruit Terminals:\u00a0 <a href=\"https:\/\/www.saft.co.za\/\">https:\/\/www.saft.co.za\/<\/a><\/p>\n<h2>Belgique<\/h2>\n<p>SEA-invest Extranet:\u00a0<a href=\"https:\/\/extranet.sea-invest.be\/\" target=\"_blank\" rel=\"noopener\">https:\/\/extranet.sea-invest.be<\/a><br \/>Liquids Customs Services: <a href=\"http:\/\/sea-invest.com\/liquids-customs-services\/\">http:\/\/sea-invest.com\/liquids-customs-services\/<\/a><\/p>\n<h2>France<\/h2>\n<p>Extranet:\u00a0<a href=\"http:\/\/my.sea-invest.fr\/\" target=\"_blank\" rel=\"noopener\">http:\/\/my.sea-invest.fr<\/a><br \/>SEA-Tank France:\u00a0<a title=\"SEA-tank France\" href=\"http:\/\/www.sea-tank.com\/\" target=\"_blank\" rel=\"noopener\">http:\/\/www.sea-tank.com\/<\/a><br \/>SEA-invest au Port de Bayonne: <a href=\"https:\/\/www.sotramab.fr\/\">https:\/\/www.sotramab.fr\/<\/a><\/p>\n<h2>SEA-invest Shipping Agency<\/h2>\n<p><a title=\"SEA-invest Shipping Agency\" href=\"http:\/\/www.sea-invest-sa.com\/\" target=\"_blank\" rel=\"noopener\">https:\/\/www.sea-invest-sa.com\/<\/a><\/p>\n\t<\/div>\n<\/div>\t\t<\/div>\n\t<\/div>\n<\/div><\/div>\n\n\t<\/div>\n\t<\/section><\/p>\n","protected":false},"excerpt":{"rendered":"<p>AN OCEAN OF OPPORTUNITIES \u00c0 propos de SEA-invest Soci\u00e9t\u00e9s Acc\u00e8s client AFRIQUE DU SUD<\/p>\n","protected":false},"author":1,"featured_media":0,"parent":0,"menu_order":0,"comment_status":"closed","ping_status":"closed","template":"visual-builder-template.php","meta":{"_acf_changed":false,"footnotes":""},"class_list":["post-4039","page","type-page","status-publish","hentry"],"acf":[],"yoast_head":"<!-- This site is optimized with the Yoast SEO plugin v27.3 - https:\/\/yoast.com\/product\/yoast-seo-wordpress\/ -->\n<title>Acc\u00e8s client - SEA-invest | An ocean of opportunities<\/title>\n<meta name=\"robots\" content=\"index, follow, max-snippet:-1, max-image-preview:large, max-video-preview:-1\" \/>\n<link rel=\"canonical\" href=\"https:\/\/sea-invest.com\/fr\/client-access\/\" \/>\n<meta property=\"og:locale\" content=\"fr_FR\" \/>\n<meta property=\"og:type\" content=\"article\" \/>\n<meta property=\"og:title\" content=\"Acc\u00e8s client - SEA-invest | An ocean of opportunities\" \/>\n<meta property=\"og:description\" content=\"AN OCEAN OF OPPORTUNITIES \u00c0 propos de SEA-invest Soci\u00e9t\u00e9s Acc\u00e8s client AFRIQUE DU SUD\" \/>\n<meta property=\"og:url\" content=\"https:\/\/sea-invest.com\/fr\/client-access\/\" \/>\n<meta property=\"og:site_name\" content=\"SEA-invest | An ocean of opportunities\" \/>\n<meta property=\"article:modified_time\" content=\"2025-03-21T11:36:24+00:00\" \/>\n<meta name=\"twitter:card\" content=\"summary_large_image\" \/>\n<meta name=\"twitter:label1\" content=\"Dur\u00e9e de lecture estim\u00e9e\" \/>\n\t<meta name=\"twitter:data1\" content=\"1 minute\" \/>\n<script type=\"application\/ld+json\" class=\"yoast-schema-graph\">{\"@context\":\"https:\\\/\\\/schema.org\",\"@graph\":[{\"@type\":\"WebPage\",\"@id\":\"https:\\\/\\\/sea-invest.com\\\/fr\\\/client-access\\\/\",\"url\":\"https:\\\/\\\/sea-invest.com\\\/fr\\\/client-access\\\/\",\"name\":\"Acc\u00e8s client - SEA-invest | An ocean of opportunities\",\"isPartOf\":{\"@id\":\"https:\\\/\\\/sea-invest.com\\\/#website\"},\"datePublished\":\"2018-10-29T08:16:14+00:00\",\"dateModified\":\"2025-03-21T11:36:24+00:00\",\"breadcrumb\":{\"@id\":\"https:\\\/\\\/sea-invest.com\\\/fr\\\/client-access\\\/#breadcrumb\"},\"inLanguage\":\"fr-FR\",\"potentialAction\":[{\"@type\":\"ReadAction\",\"target\":[\"https:\\\/\\\/sea-invest.com\\\/fr\\\/client-access\\\/\"]}]},{\"@type\":\"BreadcrumbList\",\"@id\":\"https:\\\/\\\/sea-invest.com\\\/fr\\\/client-access\\\/#breadcrumb\",\"itemListElement\":[{\"@type\":\"ListItem\",\"position\":1,\"name\":\"Home\",\"item\":\"https:\\\/\\\/sea-invest.com\\\/fr\\\/\"},{\"@type\":\"ListItem\",\"position\":2,\"name\":\"Acc\u00e8s client\"}]},{\"@type\":\"WebSite\",\"@id\":\"https:\\\/\\\/sea-invest.com\\\/#website\",\"url\":\"https:\\\/\\\/sea-invest.com\\\/\",\"name\":\"SEA-invest | An ocean of opportunities\",\"description\":\"seainvest\",\"potentialAction\":[{\"@type\":\"SearchAction\",\"target\":{\"@type\":\"EntryPoint\",\"urlTemplate\":\"https:\\\/\\\/sea-invest.com\\\/?s={search_term_string}\"},\"query-input\":{\"@type\":\"PropertyValueSpecification\",\"valueRequired\":true,\"valueName\":\"search_term_string\"}}],\"inLanguage\":\"fr-FR\"}]}<\/script>\n<!-- \/ Yoast SEO plugin. -->","yoast_head_json":{"title":"Acc\u00e8s client - SEA-invest | An ocean of opportunities","robots":{"index":"index","follow":"follow","max-snippet":"max-snippet:-1","max-image-preview":"max-image-preview:large","max-video-preview":"max-video-preview:-1"},"canonical":"https:\/\/sea-invest.com\/fr\/client-access\/","og_locale":"fr_FR","og_type":"article","og_title":"Acc\u00e8s client - SEA-invest | An ocean of opportunities","og_description":"AN OCEAN OF OPPORTUNITIES \u00c0 propos de SEA-invest Soci\u00e9t\u00e9s Acc\u00e8s client AFRIQUE DU SUD","og_url":"https:\/\/sea-invest.com\/fr\/client-access\/","og_site_name":"SEA-invest | An ocean of opportunities","article_modified_time":"2025-03-21T11:36:24+00:00","twitter_card":"summary_large_image","twitter_misc":{"Dur\u00e9e de lecture estim\u00e9e":"1 minute"},"schema":{"@context":"https:\/\/schema.org","@graph":[{"@type":"WebPage","@id":"https:\/\/sea-invest.com\/fr\/client-access\/","url":"https:\/\/sea-invest.com\/fr\/client-access\/","name":"Acc\u00e8s client - SEA-invest | An ocean of opportunities","isPartOf":{"@id":"https:\/\/sea-invest.com\/#website"},"datePublished":"2018-10-29T08:16:14+00:00","dateModified":"2025-03-21T11:36:24+00:00","breadcrumb":{"@id":"https:\/\/sea-invest.com\/fr\/client-access\/#breadcrumb"},"inLanguage":"fr-FR","potentialAction":[{"@type":"ReadAction","target":["https:\/\/sea-invest.com\/fr\/client-access\/"]}]},{"@type":"BreadcrumbList","@id":"https:\/\/sea-invest.com\/fr\/client-access\/#breadcrumb","itemListElement":[{"@type":"ListItem","position":1,"name":"Home","item":"https:\/\/sea-invest.com\/fr\/"},{"@type":"ListItem","position":2,"name":"Acc\u00e8s client"}]},{"@type":"WebSite","@id":"https:\/\/sea-invest.com\/#website","url":"https:\/\/sea-invest.com\/","name":"SEA-invest | An ocean of opportunities","description":"seainvest","potentialAction":[{"@type":"SearchAction","target":{"@type":"EntryPoint","urlTemplate":"https:\/\/sea-invest.com\/?s={search_term_string}"},"query-input":{"@type":"PropertyValueSpecification","valueRequired":true,"valueName":"search_term_string"}}],"inLanguage":"fr-FR"}]}},"_links":{"self":[{"href":"https:\/\/sea-invest.com\/fr\/wp-json\/wp\/v2\/pages\/4039","targetHints":{"allow":["GET"]}}],"collection":[{"href":"https:\/\/sea-invest.com\/fr\/wp-json\/wp\/v2\/pages"}],"about":[{"href":"https:\/\/sea-invest.com\/fr\/wp-json\/wp\/v2\/types\/page"}],"author":[{"embeddable":true,"href":"https:\/\/sea-invest.com\/fr\/wp-json\/wp\/v2\/users\/1"}],"replies":[{"embeddable":true,"href":"https:\/\/sea-invest.com\/fr\/wp-json\/wp\/v2\/comments?post=4039"}],"version-history":[{"count":6,"href":"https:\/\/sea-invest.com\/fr\/wp-json\/wp\/v2\/pages\/4039\/revisions"}],"predecessor-version":[{"id":7024,"href":"https:\/\/sea-invest.com\/fr\/wp-json\/wp\/v2\/pages\/4039\/revisions\/7024"}],"wp:attachment":[{"href":"https:\/\/sea-invest.com\/fr\/wp-json\/wp\/v2\/media?parent=4039"}],"curies":[{"name":"wp","href":"https:\/\/api.w.org\/{rel}","templated":true}]}}