{"id":4032,"date":"2019-01-11T10:21:06","date_gmt":"2019-01-11T10:21:06","guid":{"rendered":"http:\/\/sea-invest.com\/location\/"},"modified":"2025-03-21T11:51:04","modified_gmt":"2025-03-21T11:51:04","slug":"location","status":"publish","type":"page","link":"https:\/\/sea-invest.com\/fr\/location\/","title":{"rendered":"Sites"},"content":{"rendered":"<p><section   class=\"fw-main-row-custom fw-main-row-top  fw_theme_bg_fw-custom fw-section-image fw-section-height-custom fw-content-vertical-align-middle fw-section-position-back tf-sh-cef98410f0669116ef1d6d3ea693d31b\"  style=\" background-image:url(https:\/\/sea-invest.com\/wp-content\/uploads\/2025\/03\/afbeelding-7.png); background-repeat: no-repeat; background-position: center top; background-size: cover; height: 307px;\"  >\n\t\t<div class=\"fw-main-row-overlay\" style=\"background-color: #000000; opacity: 0.2;\"><\/div>\t<div class=\"fw-container\" >\n\t\t<div class=\"fw-row\">\n\t<div id=\"column-69db98b23eb13\" class=\"fw-col-sm-12 tf-sh-fc8fc7f7db56aebbe1fa16a16cf846c6\" >\n\t<div class=\"fw-wrap-col-inner clearfix  \"   >\n\t\t\t\t<div class=\"fw-col-inner\">\n\t\t\t<div class=\"fw-text-box tf-sh-3434b7c88167b51415d7f17c0eba0ee1 title-hero\" >\n\t<div class=\"fw-text-inner\">\n\t\t<p>AN OCEAN OF OPPORTUNITIES<\/p>\n\t<\/div>\n<\/div><div class=\"fw-divider-space  fw-custom-space  clearfix\" style=\"height:10px;\" ><\/div>\t<a href=\"fr\/about\/\" target=\"_self\" class=\"fw-btn tf-sh-cfe83682689d54f1de69f421c7d8e18f     fw-btn-side-by-side fw-btn-2\"  style=\"width:210px; height:33px; line-height:31px;\">\n\t\t<span style=\"top:0;\">\n\t\t\t\u00c0 propos de SEA-invest\t\t<\/span>\n\t<\/a>\n\t<a href=\"fr\/companies\/\" target=\"_self\" class=\"fw-btn tf-sh-8e5c70e4a61fa4049876d2f47782423e     fw-btn-side-by-side fw-btn-4\"  style=\"width:100px; height:35px; line-height:35px;\">\n\t\t<span style=\"top:0;\">\n\t\t\tSoci\u00e9t\u00e9s\t\t<\/span>\n\t<\/a>\n\t\t<\/div>\n\t<\/div>\n<\/div><\/div>\n\n\t<\/div>\n\t<\/section><section   class=\"fw-main-row  auto  fw-section-position-back\"    >\n\t\t\t<div class=\"fw-container\" >\n\t\t<div class=\"fw-row\">\n\t<div id=\"column-69db98b23ef83\" class=\"fw-col-sm-12 tf-sh-255e754a5c467c7b150faed0b6b4a438\" >\n\t<div class=\"fw-wrap-col-inner clearfix  \"   >\n\t\t\t\t<div class=\"fw-col-inner\">\n\t\t\t<div class=\"fw-heading fw-heading-center t-uppercase tf-sh-73f299bf77a4d738f16a8d2a8375e0d2\" >\n\t\t\t<h2 class=\"fw-special-title\">SEA-invest sites<\/h2>\n\t\n\t\n\t<\/div><div class=\"fw-text-box tf-sh-dbd2c94bd8ba2bdf0e54d906892896f9 \" >\n\t<div class=\"fw-text-inner\">\n\t\t<p><\/p>\n\t<\/div>\n<\/div>\t\t<\/div>\n\t<\/div>\n<\/div><\/div>\n\n\t<\/div>\n\t<\/section><\/p>\n","protected":false},"excerpt":{"rendered":"<p>AN OCEAN OF OPPORTUNITIES \u00c0 propos de SEA-invest Soci\u00e9t\u00e9s SEA-invest sites<\/p>\n","protected":false},"author":1,"featured_media":0,"parent":0,"menu_order":0,"comment_status":"closed","ping_status":"closed","template":"visual-builder-template.php","meta":{"_acf_changed":false,"footnotes":""},"class_list":["post-4032","page","type-page","status-publish","hentry"],"acf":[],"yoast_head":"<!-- This site is optimized with the Yoast SEO plugin v27.3 - https:\/\/yoast.com\/product\/yoast-seo-wordpress\/ -->\n<title>Sites - SEA-invest | An ocean of opportunities<\/title>\n<meta name=\"robots\" content=\"index, follow, max-snippet:-1, max-image-preview:large, max-video-preview:-1\" \/>\n<link rel=\"canonical\" href=\"https:\/\/sea-invest.com\/fr\/location\/\" \/>\n<meta property=\"og:locale\" content=\"fr_FR\" \/>\n<meta property=\"og:type\" content=\"article\" \/>\n<meta property=\"og:title\" content=\"Sites - SEA-invest | An ocean of opportunities\" \/>\n<meta property=\"og:description\" content=\"AN OCEAN OF OPPORTUNITIES \u00c0 propos de SEA-invest Soci\u00e9t\u00e9s SEA-invest sites\" \/>\n<meta property=\"og:url\" content=\"https:\/\/sea-invest.com\/fr\/location\/\" \/>\n<meta property=\"og:site_name\" content=\"SEA-invest | An ocean of opportunities\" \/>\n<meta property=\"article:modified_time\" content=\"2025-03-21T11:51:04+00:00\" \/>\n<meta property=\"og:image\" content=\"https:\/\/sea-invest.com\/wp-content\/plugins\/interactive-world-maps\/imgs\/placeholder.png\" \/>\n<meta name=\"twitter:card\" content=\"summary_large_image\" \/>\n<meta name=\"twitter:label1\" content=\"Dur\u00e9e de lecture estim\u00e9e\" \/>\n\t<meta name=\"twitter:data1\" content=\"1 minute\" \/>\n<script type=\"application\/ld+json\" class=\"yoast-schema-graph\">{\"@context\":\"https:\\\/\\\/schema.org\",\"@graph\":[{\"@type\":\"WebPage\",\"@id\":\"https:\\\/\\\/sea-invest.com\\\/fr\\\/location\\\/\",\"url\":\"https:\\\/\\\/sea-invest.com\\\/fr\\\/location\\\/\",\"name\":\"Sites - SEA-invest | An ocean of opportunities\",\"isPartOf\":{\"@id\":\"https:\\\/\\\/sea-invest.com\\\/#website\"},\"primaryImageOfPage\":{\"@id\":\"https:\\\/\\\/sea-invest.com\\\/fr\\\/location\\\/#primaryimage\"},\"image\":{\"@id\":\"https:\\\/\\\/sea-invest.com\\\/fr\\\/location\\\/#primaryimage\"},\"thumbnailUrl\":\"https:\\\/\\\/sea-invest.com\\\/wp-content\\\/plugins\\\/interactive-world-maps\\\/imgs\\\/placeholder.png\",\"datePublished\":\"2019-01-11T10:21:06+00:00\",\"dateModified\":\"2025-03-21T11:51:04+00:00\",\"breadcrumb\":{\"@id\":\"https:\\\/\\\/sea-invest.com\\\/fr\\\/location\\\/#breadcrumb\"},\"inLanguage\":\"fr-FR\",\"potentialAction\":[{\"@type\":\"ReadAction\",\"target\":[\"https:\\\/\\\/sea-invest.com\\\/fr\\\/location\\\/\"]}]},{\"@type\":\"ImageObject\",\"inLanguage\":\"fr-FR\",\"@id\":\"https:\\\/\\\/sea-invest.com\\\/fr\\\/location\\\/#primaryimage\",\"url\":\"https:\\\/\\\/sea-invest.com\\\/wp-content\\\/plugins\\\/interactive-world-maps\\\/imgs\\\/placeholder.png\",\"contentUrl\":\"https:\\\/\\\/sea-invest.com\\\/wp-content\\\/plugins\\\/interactive-world-maps\\\/imgs\\\/placeholder.png\"},{\"@type\":\"BreadcrumbList\",\"@id\":\"https:\\\/\\\/sea-invest.com\\\/fr\\\/location\\\/#breadcrumb\",\"itemListElement\":[{\"@type\":\"ListItem\",\"position\":1,\"name\":\"Home\",\"item\":\"https:\\\/\\\/sea-invest.com\\\/fr\\\/\"},{\"@type\":\"ListItem\",\"position\":2,\"name\":\"Sites\"}]},{\"@type\":\"WebSite\",\"@id\":\"https:\\\/\\\/sea-invest.com\\\/#website\",\"url\":\"https:\\\/\\\/sea-invest.com\\\/\",\"name\":\"SEA-invest | An ocean of opportunities\",\"description\":\"seainvest\",\"potentialAction\":[{\"@type\":\"SearchAction\",\"target\":{\"@type\":\"EntryPoint\",\"urlTemplate\":\"https:\\\/\\\/sea-invest.com\\\/?s={search_term_string}\"},\"query-input\":{\"@type\":\"PropertyValueSpecification\",\"valueRequired\":true,\"valueName\":\"search_term_string\"}}],\"inLanguage\":\"fr-FR\"}]}<\/script>\n<!-- \/ Yoast SEO plugin. -->","yoast_head_json":{"title":"Sites - SEA-invest | An ocean of opportunities","robots":{"index":"index","follow":"follow","max-snippet":"max-snippet:-1","max-image-preview":"max-image-preview:large","max-video-preview":"max-video-preview:-1"},"canonical":"https:\/\/sea-invest.com\/fr\/location\/","og_locale":"fr_FR","og_type":"article","og_title":"Sites - SEA-invest | An ocean of opportunities","og_description":"AN OCEAN OF OPPORTUNITIES \u00c0 propos de SEA-invest Soci\u00e9t\u00e9s SEA-invest sites","og_url":"https:\/\/sea-invest.com\/fr\/location\/","og_site_name":"SEA-invest | An ocean of opportunities","article_modified_time":"2025-03-21T11:51:04+00:00","og_image":[{"url":"https:\/\/sea-invest.com\/wp-content\/plugins\/interactive-world-maps\/imgs\/placeholder.png","type":"","width":"","height":""}],"twitter_card":"summary_large_image","twitter_misc":{"Dur\u00e9e de lecture estim\u00e9e":"1 minute"},"schema":{"@context":"https:\/\/schema.org","@graph":[{"@type":"WebPage","@id":"https:\/\/sea-invest.com\/fr\/location\/","url":"https:\/\/sea-invest.com\/fr\/location\/","name":"Sites - SEA-invest | An ocean of opportunities","isPartOf":{"@id":"https:\/\/sea-invest.com\/#website"},"primaryImageOfPage":{"@id":"https:\/\/sea-invest.com\/fr\/location\/#primaryimage"},"image":{"@id":"https:\/\/sea-invest.com\/fr\/location\/#primaryimage"},"thumbnailUrl":"https:\/\/sea-invest.com\/wp-content\/plugins\/interactive-world-maps\/imgs\/placeholder.png","datePublished":"2019-01-11T10:21:06+00:00","dateModified":"2025-03-21T11:51:04+00:00","breadcrumb":{"@id":"https:\/\/sea-invest.com\/fr\/location\/#breadcrumb"},"inLanguage":"fr-FR","potentialAction":[{"@type":"ReadAction","target":["https:\/\/sea-invest.com\/fr\/location\/"]}]},{"@type":"ImageObject","inLanguage":"fr-FR","@id":"https:\/\/sea-invest.com\/fr\/location\/#primaryimage","url":"https:\/\/sea-invest.com\/wp-content\/plugins\/interactive-world-maps\/imgs\/placeholder.png","contentUrl":"https:\/\/sea-invest.com\/wp-content\/plugins\/interactive-world-maps\/imgs\/placeholder.png"},{"@type":"BreadcrumbList","@id":"https:\/\/sea-invest.com\/fr\/location\/#breadcrumb","itemListElement":[{"@type":"ListItem","position":1,"name":"Home","item":"https:\/\/sea-invest.com\/fr\/"},{"@type":"ListItem","position":2,"name":"Sites"}]},{"@type":"WebSite","@id":"https:\/\/sea-invest.com\/#website","url":"https:\/\/sea-invest.com\/","name":"SEA-invest | An ocean of opportunities","description":"seainvest","potentialAction":[{"@type":"SearchAction","target":{"@type":"EntryPoint","urlTemplate":"https:\/\/sea-invest.com\/?s={search_term_string}"},"query-input":{"@type":"PropertyValueSpecification","valueRequired":true,"valueName":"search_term_string"}}],"inLanguage":"fr-FR"}]}},"_links":{"self":[{"href":"https:\/\/sea-invest.com\/fr\/wp-json\/wp\/v2\/pages\/4032","targetHints":{"allow":["GET"]}}],"collection":[{"href":"https:\/\/sea-invest.com\/fr\/wp-json\/wp\/v2\/pages"}],"about":[{"href":"https:\/\/sea-invest.com\/fr\/wp-json\/wp\/v2\/types\/page"}],"author":[{"embeddable":true,"href":"https:\/\/sea-invest.com\/fr\/wp-json\/wp\/v2\/users\/1"}],"replies":[{"embeddable":true,"href":"https:\/\/sea-invest.com\/fr\/wp-json\/wp\/v2\/comments?post=4032"}],"version-history":[{"count":6,"href":"https:\/\/sea-invest.com\/fr\/wp-json\/wp\/v2\/pages\/4032\/revisions"}],"predecessor-version":[{"id":7040,"href":"https:\/\/sea-invest.com\/fr\/wp-json\/wp\/v2\/pages\/4032\/revisions\/7040"}],"wp:attachment":[{"href":"https:\/\/sea-invest.com\/fr\/wp-json\/wp\/v2\/media?parent=4032"}],"curies":[{"name":"wp","href":"https:\/\/api.w.org\/{rel}","templated":true}]}}