{"id":4024,"date":"2019-02-11T10:20:38","date_gmt":"2019-02-11T10:20:38","guid":{"rendered":"http:\/\/sea-invest.com\/fruit-food\/"},"modified":"2023-04-26T16:41:56","modified_gmt":"2023-04-26T16:41:56","slug":"fruit-food","status":"publish","type":"page","link":"https:\/\/sea-invest.com\/fr\/divisions\/fruit-food\/","title":{"rendered":"Fruits &#038; Denr\u00e9es Alimentaires"},"content":{"rendered":"<p><section   class=\"fw-main-row-custom fw-main-row-top fw-section-no-padding  auto  fw-section-position-back tf-sh-f9f3f5f94dd631eaf7f86f82d9bcce6b\"    >\n\t\t\t<div class=\"fw-container-fluid\" >\n\t\t<div class=\"fw-row\">\n\t<div id=\"column-69da6778ce797\" class=\"fw-col-sm-12 tf-sh-8b24daeeb7b37d875daad15157d19cad\" >\n\t<div class=\"fw-wrap-col-inner clearfix   fw-column-height-custom\" style=\"height: 250px;\"  >\n\t\t\t\t<div class=\"fw-col-inner\">\n\t\t\t\t\t<\/div>\n\t<\/div>\n<\/div><\/div>\n\n\t<\/div>\n\t<\/section><section   class=\"fw-main-row-custom  auto  fw-section-position-back tf-sh-61f2ae77965a961cf236769d79e2ed4d\"    >\n\t\t\t<div class=\"fw-container\" >\n\t\t<div class=\"fw-row\">\n\t<div id=\"column-69da6778cea2b\" class=\"fw-col-sm-8 tf-sh-c499d1423b49ecb9e026580504f57486\" >\n\t<div class=\"fw-wrap-col-inner clearfix  \"   >\n\t\t\t\t<div class=\"fw-col-inner\">\n\t\t\t<div class=\"fw-heading fw-heading-left  tf-sh-e46ec8e0586df5cdb2b8be8376710bea\" >\n\t\t\t<h1 class=\"fw-special-title\">Fruits & Denr\u00e9es Alimentaires<\/h1>\n\t\n\t\n\t<\/div><div class=\"fw-text-box tf-sh-a4eb7978477a0147399152e608a4594a \" >\n\t<div class=\"fw-text-inner\">\n\t\t<p><b>La division de <\/b><b>SEA-invest<\/b><b> Fruits et Denr\u00e9es Alimentaire est votre partenaire en mati\u00e8re de logistique, de manutention et d'exp\u00e9dition de fruits et de denr\u00e9es alimentaires.<\/b><\/p>\n<p>Avec une capacit\u00e9 totale de stockage \u00e0 temp\u00e9rature contr\u00f4l\u00e9e de 620.000 m\u00b2 et 176.000 palettes, ainsi que des installations de stockage de produits surgel\u00e9s (-20\u00b0C) de 132.000 m\u00b3, SEA-invest est l'un des principaux fournisseurs de services logistiques pour les denr\u00e9es p\u00e9rissables dans le monde entier. Nous offrons une manutention flexible et fiable des marchandises \u00e0 temp\u00e9rature contr\u00f4l\u00e9e dans de nombreux entrep\u00f4ts et chambres froides de premi\u00e8re classe (-20\u00b0C \/ +14\u00b0C).<\/p>\n<p>Nos diff\u00e9rents sites en Belgique, en Allemagne et en Afrique du Sud traitent m\u00e9ticuleusement plus de 2,6 millions de tonnes de fruits et de denr\u00e9es alimentaires par an.<\/p>\n<p>En outre, SEA-invest offre une large gamme de services \u00e0 valeur ajout\u00e9e tels que le contr\u00f4le de la qualit\u00e9, le (r\u00e9)emballage, le transport, les formalit\u00e9s douani\u00e8res, les contr\u00f4les phytosanitaires, etc. Des prises pour conteneurs r\u00e9frig\u00e9r\u00e9s sont disponibles au niveau des points de chargement et de d\u00e9chargement des conteneurs.<\/p>\n<p>Enfin, gr\u00e2ce aux syst\u00e8mes enti\u00e8rement automatis\u00e9s et contr\u00f4l\u00e9s par ordinateur dans nos terminaux, nous pouvons suivre chaque produit individuellement.<\/p>\n\t<\/div>\n<\/div>\t\t<\/div>\n\t<\/div>\n<\/div><div id=\"column-69da6778cebed\" class=\"fw-col-sm-4 tf-sh-6407cf60df092e4eaf7c87f06bee305a operations-sidebar\" >\n\t<div class=\"fw-wrap-col-inner clearfix  \"   >\n\t\t\t\t<div class=\"fw-col-inner\">\n\t\t\t<div class=\"fw-heading fw-heading-center t-uppercase tf-sh-c176aa246e84edf1d6bffbe3117525f9\" >\n\t\t\t<h2 class=\"fw-special-title\">facts & figures<\/h2>\n\t\n\t\n\t<\/div><div class=\"fw-divider-space space-sm  clearfix\"  ><\/div><div class=\"fw-text-box tf-sh-dbb97dd1fb1c8ba86789f885991901b6 \" >\n\t<div class=\"fw-text-inner\">\n\t\t<p><img loading=\"lazy\" decoding=\"async\" class=\"alignnone size-full wp-image-287 alignleft\" src=\"http:\/\/sea-invest.com\/wp-content\/uploads\/2018\/10\/iconH4.png\" alt=\"\" width=\"37\" height=\"35\" \/> \u00a0 &gt; 2.000.000<\/p>\n\t<\/div>\n<\/div><div class=\"fw-divider-space space-sm  clearfix\"  ><\/div><div class=\"fw-text-box tf-sh-46966fc7fd60ef23877467a964375f94 \" >\n\t<div class=\"fw-text-inner\">\n\t\t<p style=\"text-align: left;\"><img loading=\"lazy\" decoding=\"async\" class=\"wp-image-286 size-full alignleft\" src=\"http:\/\/sea-invest.com\/wp-content\/uploads\/2018\/10\/iconH3.png\" alt=\"\" width=\"36\" height=\"36\" \/>- <a href=\"http:\/\/sea-invest.com\/fr\/companies\/?_sft_country-companies=belgium-fr&amp;_sft_categories=fruit-food-fr\">Belgique<\/a><br \/>- <a href=\"http:\/\/sea-invest.com\/fr\/companies\/?_sft_country-companies=germany-fr&amp;_sft_categories=fruit-food-fr\">Allemagne<\/a><br \/><span style=\"color: #bbc8d8;\">---------<\/span>- <a href=\"http:\/\/sea-invest.com\/fr\/companies\/?_sft_country-companies=south-africa-fr&amp;_sft_categories=fruit-food-fr\">Afrique du Sud<\/a><\/p>\n\t<\/div>\n<\/div><div class=\"fw-divider-space space-sm  clearfix\"  ><\/div><div class=\"fw-text-box tf-sh-3fba55172135c2af32d539c179bc9d33 \" >\n\t<div class=\"fw-text-inner\">\n\t\t<p><img loading=\"lazy\" decoding=\"async\" class=\"alignnone size-full wp-image-285 alignleft\" src=\"http:\/\/sea-invest.com\/wp-content\/uploads\/2018\/10\/iconH2.png\" alt=\"\" width=\"40\" height=\"36\" \/>\u00a0 \u00a0 6<\/p>\n\t<\/div>\n<\/div><div class=\"fw-divider-space space-sm  clearfix\"  ><\/div>\t\t<\/div>\n\t<\/div>\n<\/div><\/div>\n\n\t<\/div>\n\t<\/section><section   class=\"fw-main-row-custom  auto  fw-section-position-back tf-sh-0bbdae1217baaafc4d22054b81d2bdf6\"    >\n\t\t\t<div class=\"fw-container-fluid\" >\n\t\t<div class=\"fw-row\">\n\t<div id=\"column-69da6778cf027\" class=\"fw-col-sm-12 tf-sh-1fe44923ecb6d69f5342879e0e5ca930  fw-col-no-padding\" >\n\t<div class=\"fw-wrap-col-inner clearfix  \"   >\n\t\t\t\t<div class=\"fw-col-inner\">\n\t\t\t<div class=\"fw-divider-space space-md  clearfix\"  ><\/div>\t\t<\/div>\n\t<\/div>\n<\/div><\/div>\n\n\t<\/div>\n\t<\/section><\/p>\n","protected":false},"excerpt":{"rendered":"<p>Fruits &#038; Denr\u00e9es Alimentaires La division de SEA-invest Fruits et Denr\u00e9es Alimentaire est votre<\/p>\n","protected":false},"author":1,"featured_media":0,"parent":4048,"menu_order":0,"comment_status":"closed","ping_status":"closed","template":"visual-builder-template.php","meta":{"_acf_changed":false,"footnotes":""},"class_list":["post-4024","page","type-page","status-publish","hentry"],"acf":[],"yoast_head":"<!-- This site is optimized with the Yoast SEO plugin v27.3 - https:\/\/yoast.com\/product\/yoast-seo-wordpress\/ -->\n<title>Fruits &amp; Denr\u00e9es Alimentaires - SEA-invest | An ocean of opportunities<\/title>\n<meta name=\"robots\" content=\"index, follow, max-snippet:-1, max-image-preview:large, max-video-preview:-1\" \/>\n<link rel=\"canonical\" href=\"https:\/\/sea-invest.com\/fr\/divisions\/fruit-food\/\" \/>\n<meta property=\"og:locale\" content=\"fr_FR\" \/>\n<meta property=\"og:type\" content=\"article\" \/>\n<meta property=\"og:title\" content=\"Fruits &amp; Denr\u00e9es Alimentaires - SEA-invest | An ocean of opportunities\" \/>\n<meta property=\"og:description\" content=\"Fruits &amp; Denr\u00e9es Alimentaires La division de SEA-invest Fruits et Denr\u00e9es Alimentaire est votre\" \/>\n<meta property=\"og:url\" content=\"https:\/\/sea-invest.com\/fr\/divisions\/fruit-food\/\" \/>\n<meta property=\"og:site_name\" content=\"SEA-invest | An ocean of opportunities\" \/>\n<meta property=\"article:modified_time\" content=\"2023-04-26T16:41:56+00:00\" \/>\n<meta property=\"og:image\" content=\"https:\/\/sea-invest.com\/wp-content\/uploads\/2018\/10\/iconH4.png\" \/>\n<meta name=\"twitter:card\" content=\"summary_large_image\" \/>\n<meta name=\"twitter:label1\" content=\"Dur\u00e9e de lecture estim\u00e9e\" \/>\n\t<meta name=\"twitter:data1\" content=\"4 minutes\" \/>\n<script type=\"application\/ld+json\" class=\"yoast-schema-graph\">{\"@context\":\"https:\\\/\\\/schema.org\",\"@graph\":[{\"@type\":\"WebPage\",\"@id\":\"https:\\\/\\\/sea-invest.com\\\/fr\\\/divisions\\\/fruit-food\\\/\",\"url\":\"https:\\\/\\\/sea-invest.com\\\/fr\\\/divisions\\\/fruit-food\\\/\",\"name\":\"Fruits & Denr\u00e9es Alimentaires - SEA-invest | An ocean of opportunities\",\"isPartOf\":{\"@id\":\"https:\\\/\\\/sea-invest.com\\\/#website\"},\"primaryImageOfPage\":{\"@id\":\"https:\\\/\\\/sea-invest.com\\\/fr\\\/divisions\\\/fruit-food\\\/#primaryimage\"},\"image\":{\"@id\":\"https:\\\/\\\/sea-invest.com\\\/fr\\\/divisions\\\/fruit-food\\\/#primaryimage\"},\"thumbnailUrl\":\"https:\\\/\\\/sea-invest.com\\\/wp-content\\\/uploads\\\/2018\\\/10\\\/iconH4.png\",\"datePublished\":\"2019-02-11T10:20:38+00:00\",\"dateModified\":\"2023-04-26T16:41:56+00:00\",\"breadcrumb\":{\"@id\":\"https:\\\/\\\/sea-invest.com\\\/fr\\\/divisions\\\/fruit-food\\\/#breadcrumb\"},\"inLanguage\":\"fr-FR\",\"potentialAction\":[{\"@type\":\"ReadAction\",\"target\":[\"https:\\\/\\\/sea-invest.com\\\/fr\\\/divisions\\\/fruit-food\\\/\"]}]},{\"@type\":\"ImageObject\",\"inLanguage\":\"fr-FR\",\"@id\":\"https:\\\/\\\/sea-invest.com\\\/fr\\\/divisions\\\/fruit-food\\\/#primaryimage\",\"url\":\"https:\\\/\\\/sea-invest.com\\\/wp-content\\\/uploads\\\/2018\\\/10\\\/iconH4.png\",\"contentUrl\":\"https:\\\/\\\/sea-invest.com\\\/wp-content\\\/uploads\\\/2018\\\/10\\\/iconH4.png\"},{\"@type\":\"BreadcrumbList\",\"@id\":\"https:\\\/\\\/sea-invest.com\\\/fr\\\/divisions\\\/fruit-food\\\/#breadcrumb\",\"itemListElement\":[{\"@type\":\"ListItem\",\"position\":1,\"name\":\"Home\",\"item\":\"https:\\\/\\\/sea-invest.com\\\/fr\\\/\"},{\"@type\":\"ListItem\",\"position\":2,\"name\":\"Divisions\",\"item\":\"https:\\\/\\\/sea-invest.com\\\/fr\\\/divisions\\\/\"},{\"@type\":\"ListItem\",\"position\":3,\"name\":\"Fruits &#038; Denr\u00e9es Alimentaires\"}]},{\"@type\":\"WebSite\",\"@id\":\"https:\\\/\\\/sea-invest.com\\\/#website\",\"url\":\"https:\\\/\\\/sea-invest.com\\\/\",\"name\":\"SEA-invest | An ocean of opportunities\",\"description\":\"seainvest\",\"potentialAction\":[{\"@type\":\"SearchAction\",\"target\":{\"@type\":\"EntryPoint\",\"urlTemplate\":\"https:\\\/\\\/sea-invest.com\\\/?s={search_term_string}\"},\"query-input\":{\"@type\":\"PropertyValueSpecification\",\"valueRequired\":true,\"valueName\":\"search_term_string\"}}],\"inLanguage\":\"fr-FR\"}]}<\/script>\n<!-- \/ Yoast SEO plugin. -->","yoast_head_json":{"title":"Fruits & Denr\u00e9es Alimentaires - SEA-invest | An ocean of opportunities","robots":{"index":"index","follow":"follow","max-snippet":"max-snippet:-1","max-image-preview":"max-image-preview:large","max-video-preview":"max-video-preview:-1"},"canonical":"https:\/\/sea-invest.com\/fr\/divisions\/fruit-food\/","og_locale":"fr_FR","og_type":"article","og_title":"Fruits & Denr\u00e9es Alimentaires - SEA-invest | An ocean of opportunities","og_description":"Fruits & Denr\u00e9es Alimentaires La division de SEA-invest Fruits et Denr\u00e9es Alimentaire est votre","og_url":"https:\/\/sea-invest.com\/fr\/divisions\/fruit-food\/","og_site_name":"SEA-invest | An ocean of opportunities","article_modified_time":"2023-04-26T16:41:56+00:00","og_image":[{"url":"https:\/\/sea-invest.com\/wp-content\/uploads\/2018\/10\/iconH4.png","type":"","width":"","height":""}],"twitter_card":"summary_large_image","twitter_misc":{"Dur\u00e9e de lecture estim\u00e9e":"4 minutes"},"schema":{"@context":"https:\/\/schema.org","@graph":[{"@type":"WebPage","@id":"https:\/\/sea-invest.com\/fr\/divisions\/fruit-food\/","url":"https:\/\/sea-invest.com\/fr\/divisions\/fruit-food\/","name":"Fruits & Denr\u00e9es Alimentaires - SEA-invest | An ocean of opportunities","isPartOf":{"@id":"https:\/\/sea-invest.com\/#website"},"primaryImageOfPage":{"@id":"https:\/\/sea-invest.com\/fr\/divisions\/fruit-food\/#primaryimage"},"image":{"@id":"https:\/\/sea-invest.com\/fr\/divisions\/fruit-food\/#primaryimage"},"thumbnailUrl":"https:\/\/sea-invest.com\/wp-content\/uploads\/2018\/10\/iconH4.png","datePublished":"2019-02-11T10:20:38+00:00","dateModified":"2023-04-26T16:41:56+00:00","breadcrumb":{"@id":"https:\/\/sea-invest.com\/fr\/divisions\/fruit-food\/#breadcrumb"},"inLanguage":"fr-FR","potentialAction":[{"@type":"ReadAction","target":["https:\/\/sea-invest.com\/fr\/divisions\/fruit-food\/"]}]},{"@type":"ImageObject","inLanguage":"fr-FR","@id":"https:\/\/sea-invest.com\/fr\/divisions\/fruit-food\/#primaryimage","url":"https:\/\/sea-invest.com\/wp-content\/uploads\/2018\/10\/iconH4.png","contentUrl":"https:\/\/sea-invest.com\/wp-content\/uploads\/2018\/10\/iconH4.png"},{"@type":"BreadcrumbList","@id":"https:\/\/sea-invest.com\/fr\/divisions\/fruit-food\/#breadcrumb","itemListElement":[{"@type":"ListItem","position":1,"name":"Home","item":"https:\/\/sea-invest.com\/fr\/"},{"@type":"ListItem","position":2,"name":"Divisions","item":"https:\/\/sea-invest.com\/fr\/divisions\/"},{"@type":"ListItem","position":3,"name":"Fruits &#038; Denr\u00e9es Alimentaires"}]},{"@type":"WebSite","@id":"https:\/\/sea-invest.com\/#website","url":"https:\/\/sea-invest.com\/","name":"SEA-invest | An ocean of opportunities","description":"seainvest","potentialAction":[{"@type":"SearchAction","target":{"@type":"EntryPoint","urlTemplate":"https:\/\/sea-invest.com\/?s={search_term_string}"},"query-input":{"@type":"PropertyValueSpecification","valueRequired":true,"valueName":"search_term_string"}}],"inLanguage":"fr-FR"}]}},"_links":{"self":[{"href":"https:\/\/sea-invest.com\/fr\/wp-json\/wp\/v2\/pages\/4024","targetHints":{"allow":["GET"]}}],"collection":[{"href":"https:\/\/sea-invest.com\/fr\/wp-json\/wp\/v2\/pages"}],"about":[{"href":"https:\/\/sea-invest.com\/fr\/wp-json\/wp\/v2\/types\/page"}],"author":[{"embeddable":true,"href":"https:\/\/sea-invest.com\/fr\/wp-json\/wp\/v2\/users\/1"}],"replies":[{"embeddable":true,"href":"https:\/\/sea-invest.com\/fr\/wp-json\/wp\/v2\/comments?post=4024"}],"version-history":[{"count":5,"href":"https:\/\/sea-invest.com\/fr\/wp-json\/wp\/v2\/pages\/4024\/revisions"}],"predecessor-version":[{"id":6835,"href":"https:\/\/sea-invest.com\/fr\/wp-json\/wp\/v2\/pages\/4024\/revisions\/6835"}],"up":[{"embeddable":true,"href":"https:\/\/sea-invest.com\/fr\/wp-json\/wp\/v2\/pages\/4048"}],"wp:attachment":[{"href":"https:\/\/sea-invest.com\/fr\/wp-json\/wp\/v2\/media?parent=4024"}],"curies":[{"name":"wp","href":"https:\/\/api.w.org\/{rel}","templated":true}]}}