{"id":4020,"date":"2019-02-11T10:21:45","date_gmt":"2019-02-11T10:21:45","guid":{"rendered":"http:\/\/sea-invest.com\/break-bulk-containers-roro\/"},"modified":"2021-09-13T16:21:40","modified_gmt":"2021-09-13T16:21:40","slug":"break-bulk-containers","status":"publish","type":"page","link":"https:\/\/sea-invest.com\/fr\/divisions\/break-bulk-containers\/","title":{"rendered":"Marchandises Conventionnelles &#038; Conteneurs"},"content":{"rendered":"<p><section   class=\"fw-main-row-custom fw-main-row-top fw-section-no-padding  auto  fw-section-position-back tf-sh-a1e21e898bca8c8eaad396ab2f61d50d\"    >\n\t\t\t<div class=\"fw-container-fluid\" >\n\t\t<div class=\"fw-row\">\n\t<div id=\"column-69da54c1d288d\" class=\"fw-col-sm-12 tf-sh-8b24daeeb7b37d875daad15157d19cad\" >\n\t<div class=\"fw-wrap-col-inner clearfix   fw-column-height-custom\" style=\"height: 250px;\"  >\n\t\t\t\t<div class=\"fw-col-inner\">\n\t\t\t\t\t<\/div>\n\t<\/div>\n<\/div><\/div>\n\n\t<\/div>\n\t<\/section><section   class=\"fw-main-row-custom  auto  fw-section-position-back tf-sh-61f2ae77965a961cf236769d79e2ed4d\"    >\n\t\t\t<div class=\"fw-container\" >\n\t\t<div class=\"fw-row\">\n\t<div id=\"column-69da54c1d2b3e\" class=\"fw-col-sm-8 tf-sh-c499d1423b49ecb9e026580504f57486\" >\n\t<div class=\"fw-wrap-col-inner clearfix  \"   >\n\t\t\t\t<div class=\"fw-col-inner\">\n\t\t\t<div class=\"fw-heading fw-heading-left  tf-sh-e46ec8e0586df5cdb2b8be8376710bea\" >\n\t\t\t<h1 class=\"fw-special-title\">Marchandises Conventionnelles & Conteneurs<\/h1>\n\t\n\t\n\t<\/div><div class=\"fw-text-box tf-sh-a4eb7978477a0147399152e608a4594a \" >\n\t<div class=\"fw-text-inner\">\n\t\t<p><b>Les principaux sites de <\/b><b>SEA-invest<\/b><b> pour la manutention des marchandises conventionnelles sont situ\u00e9s dans des ports fran\u00e7ais. Ils sont principalement sp\u00e9cialis\u00e9s dans la manutention de troncs d'arbres tropicaux, de bois, de <\/b><b>bigbags<\/b><b> et de produits sid\u00e9rurgiques.<\/b><\/p>\n<p>SEA-invest est \u00e9galement active dans la manutention de conteneurs en raison de l'importance croissante des cargaisons conteneuris\u00e9es et pour servir le nombre croissant de denr\u00e9es p\u00e9rissables transport\u00e9s en conteneurs. <\/p>\n<p>Nos terminaux d'Anvers et de Bordeaux sont particuli\u00e8rement bien \u00e9quip\u00e9s \u00e0 cet effet.<\/p>\n\t<\/div>\n<\/div>\t\t<\/div>\n\t<\/div>\n<\/div><div id=\"column-69da54c1d2ce4\" class=\"fw-col-sm-4 tf-sh-6407cf60df092e4eaf7c87f06bee305a operations-sidebar\" >\n\t<div class=\"fw-wrap-col-inner clearfix  \"   >\n\t\t\t\t<div class=\"fw-col-inner\">\n\t\t\t<div class=\"fw-heading fw-heading-center t-uppercase tf-sh-c176aa246e84edf1d6bffbe3117525f9\" >\n\t\t\t<h2 class=\"fw-special-title\">Faits & Chiffres<\/h2>\n\t\n\t\n\t<\/div><div class=\"fw-divider-space space-sm  clearfix\"  ><\/div><div class=\"fw-text-box tf-sh-46966fc7fd60ef23877467a964375f94 \" >\n\t<div class=\"fw-text-inner\">\n\t\t<p style=\"text-align: left;\"><img loading=\"lazy\" decoding=\"async\" class=\"wp-image-286 size-full alignleft\" src=\"http:\/\/sea-invest.com\/wp-content\/uploads\/2018\/10\/iconH3.png\" alt=\"\" width=\"36\" height=\"36\" \/>- <a href=\"http:\/\/sea-invest.com\/fr\/companies\/?_sft_country-companies=belgium-fr&amp;_sft_categories=break-bulk-containers-roro-fr\">Belgique<\/a><br \/>- <a href=\"http:\/\/sea-invest.com\/fr\/companies\/?_sft_country-companies=france-fr&amp;_sft_categories=break-bulk-containers-roro-fr\">France<\/a><br \/><span style=\"color: #bbc8d8;\">---------<\/span>- <a href=\"http:\/\/sea-invest.com\/fr\/companies\/?_sft_country-companies=germany-fr&amp;_sft_categories=break-bulk-containers-roro-fr\">Allemagne<\/a><br \/><span style=\"color: #bbc8d8;\">---------<\/span>- <a href=\"http:\/\/sea-invest.com\/fr\/companies\/?_sft_country-companies=ivory-coast-fr&amp;_sft_categories=break-bulk-containers-roro-fr\">C\u00f4te d'Ivoire<\/a><\/p>\n\t<\/div>\n<\/div><div class=\"fw-divider-space space-sm  clearfix\"  ><\/div><div class=\"fw-text-box tf-sh-3fba55172135c2af32d539c179bc9d33 \" >\n\t<div class=\"fw-text-inner\">\n\t\t<p><img loading=\"lazy\" decoding=\"async\" class=\"alignnone size-full wp-image-285 alignleft\" src=\"http:\/\/sea-invest.com\/wp-content\/uploads\/2018\/10\/iconH2.png\" alt=\"\" width=\"40\" height=\"36\" \/> \u00a0\u00a0 17<\/p>\n\t<\/div>\n<\/div><div class=\"fw-divider-space space-sm  clearfix\"  ><\/div>\t\t<\/div>\n\t<\/div>\n<\/div><\/div>\n\n\t<\/div>\n\t<\/section><section   class=\"fw-main-row-custom  auto  fw-section-position-back tf-sh-0bbdae1217baaafc4d22054b81d2bdf6\"    >\n\t\t\t<div class=\"fw-container-fluid\" >\n\t\t<div class=\"fw-row\">\n\t<div id=\"column-69da54c1d30d8\" class=\"fw-col-sm-12 tf-sh-1fe44923ecb6d69f5342879e0e5ca930  fw-col-no-padding\" >\n\t<div class=\"fw-wrap-col-inner clearfix  \"   >\n\t\t\t\t<div class=\"fw-col-inner\">\n\t\t\t\t\t<\/div>\n\t<\/div>\n<\/div><\/div>\n\n<div class=\"fw-row\">\n\t<div id=\"column-69da54c1d322b\" class=\"fw-col-sm-12 tf-sh-1adbf18b3c692aa534c67808e27c7c7a\" >\n\t<div class=\"fw-wrap-col-inner clearfix  \"   >\n\t\t\t\t<div class=\"fw-col-inner\">\n\t\t\t<div class=\"fw-divider-space space-md  clearfix\"  ><\/div>\t\t<\/div>\n\t<\/div>\n<\/div><\/div>\n\n\t<\/div>\n\t<\/section><\/p>\n","protected":false},"excerpt":{"rendered":"<p>Marchandises Conventionnelles &#038; Conteneurs Les principaux sites de SEA-invest pour la manutention des marchandises<\/p>\n","protected":false},"author":1,"featured_media":0,"parent":4048,"menu_order":0,"comment_status":"closed","ping_status":"closed","template":"visual-builder-template.php","meta":{"_acf_changed":false,"footnotes":""},"class_list":["post-4020","page","type-page","status-publish","hentry"],"acf":[],"yoast_head":"<!-- This site is optimized with the Yoast SEO plugin v27.3 - https:\/\/yoast.com\/product\/yoast-seo-wordpress\/ -->\n<title>Marchandises Conventionnelles &amp; Conteneurs - SEA-invest | An ocean of opportunities<\/title>\n<meta name=\"robots\" content=\"index, follow, max-snippet:-1, max-image-preview:large, max-video-preview:-1\" \/>\n<link rel=\"canonical\" href=\"https:\/\/sea-invest.com\/fr\/divisions\/break-bulk-containers\/\" \/>\n<meta property=\"og:locale\" content=\"fr_FR\" \/>\n<meta property=\"og:type\" content=\"article\" \/>\n<meta property=\"og:title\" content=\"Marchandises Conventionnelles &amp; Conteneurs - SEA-invest | An ocean of opportunities\" \/>\n<meta property=\"og:description\" content=\"Marchandises Conventionnelles &amp; Conteneurs Les principaux sites de SEA-invest pour la manutention des marchandises\" \/>\n<meta property=\"og:url\" content=\"https:\/\/sea-invest.com\/fr\/divisions\/break-bulk-containers\/\" \/>\n<meta property=\"og:site_name\" content=\"SEA-invest | An ocean of opportunities\" \/>\n<meta property=\"article:modified_time\" content=\"2021-09-13T16:21:40+00:00\" \/>\n<meta property=\"og:image\" content=\"http:\/\/sea-invest.com\/wp-content\/uploads\/2018\/10\/iconH4.png\" \/>\n<meta name=\"twitter:card\" content=\"summary_large_image\" \/>\n<meta name=\"twitter:label1\" content=\"Dur\u00e9e de lecture estim\u00e9e\" \/>\n\t<meta name=\"twitter:data1\" content=\"1 minute\" \/>\n<script type=\"application\/ld+json\" class=\"yoast-schema-graph\">{\"@context\":\"https:\\\/\\\/schema.org\",\"@graph\":[{\"@type\":\"WebPage\",\"@id\":\"https:\\\/\\\/sea-invest.com\\\/fr\\\/divisions\\\/break-bulk-containers\\\/\",\"url\":\"https:\\\/\\\/sea-invest.com\\\/fr\\\/divisions\\\/break-bulk-containers\\\/\",\"name\":\"Marchandises Conventionnelles & Conteneurs - SEA-invest | An ocean of opportunities\",\"isPartOf\":{\"@id\":\"https:\\\/\\\/sea-invest.com\\\/#website\"},\"primaryImageOfPage\":{\"@id\":\"https:\\\/\\\/sea-invest.com\\\/fr\\\/divisions\\\/break-bulk-containers\\\/#primaryimage\"},\"image\":{\"@id\":\"https:\\\/\\\/sea-invest.com\\\/fr\\\/divisions\\\/break-bulk-containers\\\/#primaryimage\"},\"thumbnailUrl\":\"http:\\\/\\\/sea-invest.com\\\/wp-content\\\/uploads\\\/2018\\\/10\\\/iconH4.png\",\"datePublished\":\"2019-02-11T10:21:45+00:00\",\"dateModified\":\"2021-09-13T16:21:40+00:00\",\"breadcrumb\":{\"@id\":\"https:\\\/\\\/sea-invest.com\\\/fr\\\/divisions\\\/break-bulk-containers\\\/#breadcrumb\"},\"inLanguage\":\"fr-FR\",\"potentialAction\":[{\"@type\":\"ReadAction\",\"target\":[\"https:\\\/\\\/sea-invest.com\\\/fr\\\/divisions\\\/break-bulk-containers\\\/\"]}]},{\"@type\":\"ImageObject\",\"inLanguage\":\"fr-FR\",\"@id\":\"https:\\\/\\\/sea-invest.com\\\/fr\\\/divisions\\\/break-bulk-containers\\\/#primaryimage\",\"url\":\"http:\\\/\\\/sea-invest.com\\\/wp-content\\\/uploads\\\/2018\\\/10\\\/iconH4.png\",\"contentUrl\":\"http:\\\/\\\/sea-invest.com\\\/wp-content\\\/uploads\\\/2018\\\/10\\\/iconH4.png\"},{\"@type\":\"BreadcrumbList\",\"@id\":\"https:\\\/\\\/sea-invest.com\\\/fr\\\/divisions\\\/break-bulk-containers\\\/#breadcrumb\",\"itemListElement\":[{\"@type\":\"ListItem\",\"position\":1,\"name\":\"Home\",\"item\":\"https:\\\/\\\/sea-invest.com\\\/fr\\\/\"},{\"@type\":\"ListItem\",\"position\":2,\"name\":\"Divisions\",\"item\":\"https:\\\/\\\/sea-invest.com\\\/fr\\\/divisions\\\/\"},{\"@type\":\"ListItem\",\"position\":3,\"name\":\"Marchandises Conventionnelles &#038; Conteneurs\"}]},{\"@type\":\"WebSite\",\"@id\":\"https:\\\/\\\/sea-invest.com\\\/#website\",\"url\":\"https:\\\/\\\/sea-invest.com\\\/\",\"name\":\"SEA-invest | An ocean of opportunities\",\"description\":\"seainvest\",\"potentialAction\":[{\"@type\":\"SearchAction\",\"target\":{\"@type\":\"EntryPoint\",\"urlTemplate\":\"https:\\\/\\\/sea-invest.com\\\/?s={search_term_string}\"},\"query-input\":{\"@type\":\"PropertyValueSpecification\",\"valueRequired\":true,\"valueName\":\"search_term_string\"}}],\"inLanguage\":\"fr-FR\"}]}<\/script>\n<!-- \/ Yoast SEO plugin. -->","yoast_head_json":{"title":"Marchandises Conventionnelles & Conteneurs - SEA-invest | An ocean of opportunities","robots":{"index":"index","follow":"follow","max-snippet":"max-snippet:-1","max-image-preview":"max-image-preview:large","max-video-preview":"max-video-preview:-1"},"canonical":"https:\/\/sea-invest.com\/fr\/divisions\/break-bulk-containers\/","og_locale":"fr_FR","og_type":"article","og_title":"Marchandises Conventionnelles & Conteneurs - SEA-invest | An ocean of opportunities","og_description":"Marchandises Conventionnelles & Conteneurs Les principaux sites de SEA-invest pour la manutention des marchandises","og_url":"https:\/\/sea-invest.com\/fr\/divisions\/break-bulk-containers\/","og_site_name":"SEA-invest | An ocean of opportunities","article_modified_time":"2021-09-13T16:21:40+00:00","og_image":[{"url":"http:\/\/sea-invest.com\/wp-content\/uploads\/2018\/10\/iconH4.png","type":"","width":"","height":""}],"twitter_card":"summary_large_image","twitter_misc":{"Dur\u00e9e de lecture estim\u00e9e":"1 minute"},"schema":{"@context":"https:\/\/schema.org","@graph":[{"@type":"WebPage","@id":"https:\/\/sea-invest.com\/fr\/divisions\/break-bulk-containers\/","url":"https:\/\/sea-invest.com\/fr\/divisions\/break-bulk-containers\/","name":"Marchandises Conventionnelles & Conteneurs - SEA-invest | An ocean of opportunities","isPartOf":{"@id":"https:\/\/sea-invest.com\/#website"},"primaryImageOfPage":{"@id":"https:\/\/sea-invest.com\/fr\/divisions\/break-bulk-containers\/#primaryimage"},"image":{"@id":"https:\/\/sea-invest.com\/fr\/divisions\/break-bulk-containers\/#primaryimage"},"thumbnailUrl":"http:\/\/sea-invest.com\/wp-content\/uploads\/2018\/10\/iconH4.png","datePublished":"2019-02-11T10:21:45+00:00","dateModified":"2021-09-13T16:21:40+00:00","breadcrumb":{"@id":"https:\/\/sea-invest.com\/fr\/divisions\/break-bulk-containers\/#breadcrumb"},"inLanguage":"fr-FR","potentialAction":[{"@type":"ReadAction","target":["https:\/\/sea-invest.com\/fr\/divisions\/break-bulk-containers\/"]}]},{"@type":"ImageObject","inLanguage":"fr-FR","@id":"https:\/\/sea-invest.com\/fr\/divisions\/break-bulk-containers\/#primaryimage","url":"http:\/\/sea-invest.com\/wp-content\/uploads\/2018\/10\/iconH4.png","contentUrl":"http:\/\/sea-invest.com\/wp-content\/uploads\/2018\/10\/iconH4.png"},{"@type":"BreadcrumbList","@id":"https:\/\/sea-invest.com\/fr\/divisions\/break-bulk-containers\/#breadcrumb","itemListElement":[{"@type":"ListItem","position":1,"name":"Home","item":"https:\/\/sea-invest.com\/fr\/"},{"@type":"ListItem","position":2,"name":"Divisions","item":"https:\/\/sea-invest.com\/fr\/divisions\/"},{"@type":"ListItem","position":3,"name":"Marchandises Conventionnelles &#038; Conteneurs"}]},{"@type":"WebSite","@id":"https:\/\/sea-invest.com\/#website","url":"https:\/\/sea-invest.com\/","name":"SEA-invest | An ocean of opportunities","description":"seainvest","potentialAction":[{"@type":"SearchAction","target":{"@type":"EntryPoint","urlTemplate":"https:\/\/sea-invest.com\/?s={search_term_string}"},"query-input":{"@type":"PropertyValueSpecification","valueRequired":true,"valueName":"search_term_string"}}],"inLanguage":"fr-FR"}]}},"_links":{"self":[{"href":"https:\/\/sea-invest.com\/fr\/wp-json\/wp\/v2\/pages\/4020","targetHints":{"allow":["GET"]}}],"collection":[{"href":"https:\/\/sea-invest.com\/fr\/wp-json\/wp\/v2\/pages"}],"about":[{"href":"https:\/\/sea-invest.com\/fr\/wp-json\/wp\/v2\/types\/page"}],"author":[{"embeddable":true,"href":"https:\/\/sea-invest.com\/fr\/wp-json\/wp\/v2\/users\/1"}],"replies":[{"embeddable":true,"href":"https:\/\/sea-invest.com\/fr\/wp-json\/wp\/v2\/comments?post=4020"}],"version-history":[{"count":5,"href":"https:\/\/sea-invest.com\/fr\/wp-json\/wp\/v2\/pages\/4020\/revisions"}],"predecessor-version":[{"id":6250,"href":"https:\/\/sea-invest.com\/fr\/wp-json\/wp\/v2\/pages\/4020\/revisions\/6250"}],"up":[{"embeddable":true,"href":"https:\/\/sea-invest.com\/fr\/wp-json\/wp\/v2\/pages\/4048"}],"wp:attachment":[{"href":"https:\/\/sea-invest.com\/fr\/wp-json\/wp\/v2\/media?parent=4020"}],"curies":[{"name":"wp","href":"https:\/\/api.w.org\/{rel}","templated":true}]}}