{"id":4017,"date":"2019-02-11T10:22:10","date_gmt":"2019-02-11T10:22:10","guid":{"rendered":"http:\/\/sea-invest.com\/logistics-warehousing\/"},"modified":"2024-03-07T09:51:35","modified_gmt":"2024-03-07T09:51:35","slug":"warehousing-storage","status":"publish","type":"page","link":"https:\/\/sea-invest.com\/fr\/divisions\/warehousing-storage\/","title":{"rendered":"Stockage"},"content":{"rendered":"<p><section   class=\"fw-main-row-custom fw-main-row-top fw-section-no-padding  auto  fw-section-position-back tf-sh-96feabcd96a9a364162e5d6cd18f46ea\"    >\n\t\t\t<div class=\"fw-container-fluid\" >\n\t\t<div class=\"fw-row\">\n\t<div id=\"column-69da5331826c8\" class=\"fw-col-sm-12 tf-sh-8b24daeeb7b37d875daad15157d19cad\" >\n\t<div class=\"fw-wrap-col-inner clearfix   fw-column-height-custom\" style=\"height: 250px;\"  >\n\t\t\t\t<div class=\"fw-col-inner\">\n\t\t\t\t\t<\/div>\n\t<\/div>\n<\/div><\/div>\n\n\t<\/div>\n\t<\/section><section   class=\"fw-main-row-custom  auto  fw-section-position-back tf-sh-61f2ae77965a961cf236769d79e2ed4d\"    >\n\t\t\t<div class=\"fw-container\" >\n\t\t<div class=\"fw-row\">\n\t<div id=\"column-69da5331829c1\" class=\"fw-col-sm-8 tf-sh-c499d1423b49ecb9e026580504f57486\" >\n\t<div class=\"fw-wrap-col-inner clearfix  \"   >\n\t\t\t\t<div class=\"fw-col-inner\">\n\t\t\t<div class=\"fw-heading fw-heading-left  tf-sh-e46ec8e0586df5cdb2b8be8376710bea\" >\n\t\t\t<h1 class=\"fw-special-title\">Stockage<\/h1>\n\t\n\t\n\t<\/div><div class=\"fw-text-box tf-sh-a4eb7978477a0147399152e608a4594a \" >\n\t<div class=\"fw-text-inner\">\n\t\t<p><b>SEA-invest<\/b><b> dispose d'une capacit\u00e9 totale d'entreposage de plus de 1 million de <\/b><b>m\u00b2 <\/b><b>en Europe et en Afrique. Le groupe a construit ces entrep\u00f4ts - si n\u00e9cessaire, \u00e0 temp\u00e9rature contr\u00f4l\u00e9e -, silos, r\u00e9servoirs... \u00e0 l'int\u00e9rieur et \u00e0 l'ext\u00e9rieur des diff\u00e9rents ports, en gestion propre ou en location \u00e0 des tiers.<\/b><\/p>\n<p>SEA-invest offre \u00e0 ses clients des solutions logistiques compl\u00e8tes. Les services offerts vont de la simple mise \u00e0 disposition d'entrep\u00f4ts, de silos, de r\u00e9servoirs... les plus appropri\u00e9s, jusqu'\u00e0 la gestion des flux de marchandises entrants, du stockage, des flux de marchandises sortants, en offrant des \"services \u00e0 valeur ajout\u00e9e\" et l'optimisation totale de la cha\u00eene d'approvisionnement et de la gestion du transport.<\/p>\n\t<\/div>\n<\/div>\t\t<\/div>\n\t<\/div>\n<\/div><div id=\"column-69da533182b6e\" class=\"fw-col-sm-4 tf-sh-6407cf60df092e4eaf7c87f06bee305a operations-sidebar\" >\n\t<div class=\"fw-wrap-col-inner clearfix  \"   >\n\t\t\t\t<div class=\"fw-col-inner\">\n\t\t\t<div class=\"fw-heading fw-heading-center t-uppercase tf-sh-c176aa246e84edf1d6bffbe3117525f9\" >\n\t\t\t<h2 class=\"fw-special-title\">Faits & Chiffres<\/h2>\n\t\n\t\n\t<\/div><div class=\"fw-divider-space space-sm  clearfix\"  ><\/div><div class=\"fw-text-box tf-sh-46966fc7fd60ef23877467a964375f94 \" >\n\t<div class=\"fw-text-inner\">\n\t\t<p style=\"text-align: left;\"><img loading=\"lazy\" decoding=\"async\" class=\"wp-image-286 size-full alignleft\" src=\"http:\/\/sea-invest.com\/wp-content\/uploads\/2018\/10\/iconH3.png\" alt=\"\" width=\"36\" height=\"36\" \/>- <a href=\"http:\/\/sea-invest.com\/fr\/companies\/?_sft_country-companies=belgium-fr&amp;_sft_categories=logistics-warehousing-fr\">Belgique<\/a><br \/>- <a href=\"http:\/\/sea-invest.com\/fr\/companies\/?_sft_country-companies=france-fr&amp;_sft_categories=logistics-warehousing-fr\">France<\/a><br \/><span style=\"color: #bbc8d8;\">---------<\/span>- <a href=\"http:\/\/sea-invest.com\/fr\/companies\/?_sft_country-companies=germany-fr&amp;_sft_categories=logistics-warehousing-fr\">Allemagne<\/a><br \/><span style=\"color: #bbc8d8;\">---------<\/span>- <a href=\"http:\/\/sea-invest.com\/fr\/companies\/?_sft_country-companies=senegal-fr&amp;_sft_categories=logistics-warehousing-fr\">S\u00e9n\u00e9gal<\/a><br \/><span style=\"color: #bbc8d8;\">---------<\/span>- <a href=\"http:\/\/sea-invest.com\/fr\/companies\/?_sft_country-companies=ivory-coast-fr&amp;_sft_categories=logistics-warehousing-fr\">C\u00f4te d'Ivoire<\/a><br \/><span style=\"color: #bbc8d8;\">---------<\/span>- <a href=\"http:\/\/sea-invest.com\/fr\/companies\/?_sft_country-companies=south-africa-fr&amp;_sft_categories=logistics-warehousing-fr\">Afrique du Sud<\/a><\/p>\n\t<\/div>\n<\/div><div class=\"fw-divider-space space-sm  clearfix\"  ><\/div><div class=\"fw-text-box tf-sh-3fba55172135c2af32d539c179bc9d33 \" >\n\t<div class=\"fw-text-inner\">\n\t\t<p><img loading=\"lazy\" decoding=\"async\" class=\"alignnone size-full wp-image-285 alignleft\" src=\"http:\/\/sea-invest.com\/wp-content\/uploads\/2018\/10\/iconH2.png\" alt=\"\" width=\"40\" height=\"36\" \/> \u00a0\u00a0 22<\/p>\n\t<\/div>\n<\/div><div class=\"fw-divider-space space-sm  clearfix\"  ><\/div>\t\t<\/div>\n\t<\/div>\n<\/div><\/div>\n\n\t<\/div>\n\t<\/section><section   class=\"fw-main-row-custom  auto  fw-section-position-back tf-sh-0bbdae1217baaafc4d22054b81d2bdf6\"    >\n\t\t\t<div class=\"fw-container-fluid\" >\n\t\t<div class=\"fw-row\">\n\t<div id=\"column-69da533182f7d\" class=\"fw-col-sm-12 tf-sh-1fe44923ecb6d69f5342879e0e5ca930  fw-col-no-padding\" >\n\t<div class=\"fw-wrap-col-inner clearfix  \"   >\n\t\t\t\t<div class=\"fw-col-inner\">\n\t\t\t<div class=\"fw-divider-space space-md  clearfix\"  ><\/div>\t\t<\/div>\n\t<\/div>\n<\/div><\/div>\n\n\t<\/div>\n\t<\/section><\/p>\n","protected":false},"excerpt":{"rendered":"<p>Stockage SEA-invest dispose d&#8217;une capacit\u00e9 totale d&#8217;entreposage de plus de 1 million de m\u00b2<\/p>\n","protected":false},"author":1,"featured_media":0,"parent":4048,"menu_order":0,"comment_status":"closed","ping_status":"closed","template":"visual-builder-template.php","meta":{"_acf_changed":false,"footnotes":""},"class_list":["post-4017","page","type-page","status-publish","hentry"],"acf":[],"yoast_head":"<!-- This site is optimized with the Yoast SEO plugin v27.3 - https:\/\/yoast.com\/product\/yoast-seo-wordpress\/ -->\n<title>Stockage - SEA-invest | An ocean of opportunities<\/title>\n<meta name=\"robots\" content=\"index, follow, max-snippet:-1, max-image-preview:large, max-video-preview:-1\" \/>\n<link rel=\"canonical\" href=\"https:\/\/sea-invest.com\/fr\/divisions\/warehousing-storage\/\" \/>\n<meta property=\"og:locale\" content=\"fr_FR\" \/>\n<meta property=\"og:type\" content=\"article\" \/>\n<meta property=\"og:title\" content=\"Stockage - SEA-invest | An ocean of opportunities\" \/>\n<meta property=\"og:description\" content=\"Stockage SEA-invest dispose d&#039;une capacit\u00e9 totale d&#039;entreposage de plus de 1 million de m\u00b2\" \/>\n<meta property=\"og:url\" content=\"https:\/\/sea-invest.com\/fr\/divisions\/warehousing-storage\/\" \/>\n<meta property=\"og:site_name\" content=\"SEA-invest | An ocean of opportunities\" \/>\n<meta property=\"article:modified_time\" content=\"2024-03-07T09:51:35+00:00\" \/>\n<meta property=\"og:image\" content=\"https:\/\/sea-invest.com\/wp-content\/uploads\/2018\/10\/iconH4.png\" \/>\n<meta name=\"twitter:card\" content=\"summary_large_image\" \/>\n<meta name=\"twitter:label1\" content=\"Dur\u00e9e de lecture estim\u00e9e\" \/>\n\t<meta name=\"twitter:data1\" content=\"3 minutes\" \/>\n<script type=\"application\/ld+json\" class=\"yoast-schema-graph\">{\"@context\":\"https:\\\/\\\/schema.org\",\"@graph\":[{\"@type\":\"WebPage\",\"@id\":\"https:\\\/\\\/sea-invest.com\\\/fr\\\/divisions\\\/warehousing-storage\\\/\",\"url\":\"https:\\\/\\\/sea-invest.com\\\/fr\\\/divisions\\\/warehousing-storage\\\/\",\"name\":\"Stockage - SEA-invest | An ocean of opportunities\",\"isPartOf\":{\"@id\":\"https:\\\/\\\/sea-invest.com\\\/#website\"},\"primaryImageOfPage\":{\"@id\":\"https:\\\/\\\/sea-invest.com\\\/fr\\\/divisions\\\/warehousing-storage\\\/#primaryimage\"},\"image\":{\"@id\":\"https:\\\/\\\/sea-invest.com\\\/fr\\\/divisions\\\/warehousing-storage\\\/#primaryimage\"},\"thumbnailUrl\":\"https:\\\/\\\/sea-invest.com\\\/wp-content\\\/uploads\\\/2018\\\/10\\\/iconH4.png\",\"datePublished\":\"2019-02-11T10:22:10+00:00\",\"dateModified\":\"2024-03-07T09:51:35+00:00\",\"breadcrumb\":{\"@id\":\"https:\\\/\\\/sea-invest.com\\\/fr\\\/divisions\\\/warehousing-storage\\\/#breadcrumb\"},\"inLanguage\":\"fr-FR\",\"potentialAction\":[{\"@type\":\"ReadAction\",\"target\":[\"https:\\\/\\\/sea-invest.com\\\/fr\\\/divisions\\\/warehousing-storage\\\/\"]}]},{\"@type\":\"ImageObject\",\"inLanguage\":\"fr-FR\",\"@id\":\"https:\\\/\\\/sea-invest.com\\\/fr\\\/divisions\\\/warehousing-storage\\\/#primaryimage\",\"url\":\"https:\\\/\\\/sea-invest.com\\\/wp-content\\\/uploads\\\/2018\\\/10\\\/iconH4.png\",\"contentUrl\":\"https:\\\/\\\/sea-invest.com\\\/wp-content\\\/uploads\\\/2018\\\/10\\\/iconH4.png\"},{\"@type\":\"BreadcrumbList\",\"@id\":\"https:\\\/\\\/sea-invest.com\\\/fr\\\/divisions\\\/warehousing-storage\\\/#breadcrumb\",\"itemListElement\":[{\"@type\":\"ListItem\",\"position\":1,\"name\":\"Home\",\"item\":\"https:\\\/\\\/sea-invest.com\\\/fr\\\/\"},{\"@type\":\"ListItem\",\"position\":2,\"name\":\"Divisions\",\"item\":\"https:\\\/\\\/sea-invest.com\\\/fr\\\/divisions\\\/\"},{\"@type\":\"ListItem\",\"position\":3,\"name\":\"Stockage\"}]},{\"@type\":\"WebSite\",\"@id\":\"https:\\\/\\\/sea-invest.com\\\/#website\",\"url\":\"https:\\\/\\\/sea-invest.com\\\/\",\"name\":\"SEA-invest | An ocean of opportunities\",\"description\":\"seainvest\",\"potentialAction\":[{\"@type\":\"SearchAction\",\"target\":{\"@type\":\"EntryPoint\",\"urlTemplate\":\"https:\\\/\\\/sea-invest.com\\\/?s={search_term_string}\"},\"query-input\":{\"@type\":\"PropertyValueSpecification\",\"valueRequired\":true,\"valueName\":\"search_term_string\"}}],\"inLanguage\":\"fr-FR\"}]}<\/script>\n<!-- \/ Yoast SEO plugin. -->","yoast_head_json":{"title":"Stockage - SEA-invest | An ocean of opportunities","robots":{"index":"index","follow":"follow","max-snippet":"max-snippet:-1","max-image-preview":"max-image-preview:large","max-video-preview":"max-video-preview:-1"},"canonical":"https:\/\/sea-invest.com\/fr\/divisions\/warehousing-storage\/","og_locale":"fr_FR","og_type":"article","og_title":"Stockage - SEA-invest | An ocean of opportunities","og_description":"Stockage SEA-invest dispose d'une capacit\u00e9 totale d'entreposage de plus de 1 million de m\u00b2","og_url":"https:\/\/sea-invest.com\/fr\/divisions\/warehousing-storage\/","og_site_name":"SEA-invest | An ocean of opportunities","article_modified_time":"2024-03-07T09:51:35+00:00","og_image":[{"url":"https:\/\/sea-invest.com\/wp-content\/uploads\/2018\/10\/iconH4.png","type":"","width":"","height":""}],"twitter_card":"summary_large_image","twitter_misc":{"Dur\u00e9e de lecture estim\u00e9e":"3 minutes"},"schema":{"@context":"https:\/\/schema.org","@graph":[{"@type":"WebPage","@id":"https:\/\/sea-invest.com\/fr\/divisions\/warehousing-storage\/","url":"https:\/\/sea-invest.com\/fr\/divisions\/warehousing-storage\/","name":"Stockage - SEA-invest | An ocean of opportunities","isPartOf":{"@id":"https:\/\/sea-invest.com\/#website"},"primaryImageOfPage":{"@id":"https:\/\/sea-invest.com\/fr\/divisions\/warehousing-storage\/#primaryimage"},"image":{"@id":"https:\/\/sea-invest.com\/fr\/divisions\/warehousing-storage\/#primaryimage"},"thumbnailUrl":"https:\/\/sea-invest.com\/wp-content\/uploads\/2018\/10\/iconH4.png","datePublished":"2019-02-11T10:22:10+00:00","dateModified":"2024-03-07T09:51:35+00:00","breadcrumb":{"@id":"https:\/\/sea-invest.com\/fr\/divisions\/warehousing-storage\/#breadcrumb"},"inLanguage":"fr-FR","potentialAction":[{"@type":"ReadAction","target":["https:\/\/sea-invest.com\/fr\/divisions\/warehousing-storage\/"]}]},{"@type":"ImageObject","inLanguage":"fr-FR","@id":"https:\/\/sea-invest.com\/fr\/divisions\/warehousing-storage\/#primaryimage","url":"https:\/\/sea-invest.com\/wp-content\/uploads\/2018\/10\/iconH4.png","contentUrl":"https:\/\/sea-invest.com\/wp-content\/uploads\/2018\/10\/iconH4.png"},{"@type":"BreadcrumbList","@id":"https:\/\/sea-invest.com\/fr\/divisions\/warehousing-storage\/#breadcrumb","itemListElement":[{"@type":"ListItem","position":1,"name":"Home","item":"https:\/\/sea-invest.com\/fr\/"},{"@type":"ListItem","position":2,"name":"Divisions","item":"https:\/\/sea-invest.com\/fr\/divisions\/"},{"@type":"ListItem","position":3,"name":"Stockage"}]},{"@type":"WebSite","@id":"https:\/\/sea-invest.com\/#website","url":"https:\/\/sea-invest.com\/","name":"SEA-invest | An ocean of opportunities","description":"seainvest","potentialAction":[{"@type":"SearchAction","target":{"@type":"EntryPoint","urlTemplate":"https:\/\/sea-invest.com\/?s={search_term_string}"},"query-input":{"@type":"PropertyValueSpecification","valueRequired":true,"valueName":"search_term_string"}}],"inLanguage":"fr-FR"}]}},"_links":{"self":[{"href":"https:\/\/sea-invest.com\/fr\/wp-json\/wp\/v2\/pages\/4017","targetHints":{"allow":["GET"]}}],"collection":[{"href":"https:\/\/sea-invest.com\/fr\/wp-json\/wp\/v2\/pages"}],"about":[{"href":"https:\/\/sea-invest.com\/fr\/wp-json\/wp\/v2\/types\/page"}],"author":[{"embeddable":true,"href":"https:\/\/sea-invest.com\/fr\/wp-json\/wp\/v2\/users\/1"}],"replies":[{"embeddable":true,"href":"https:\/\/sea-invest.com\/fr\/wp-json\/wp\/v2\/comments?post=4017"}],"version-history":[{"count":5,"href":"https:\/\/sea-invest.com\/fr\/wp-json\/wp\/v2\/pages\/4017\/revisions"}],"predecessor-version":[{"id":6931,"href":"https:\/\/sea-invest.com\/fr\/wp-json\/wp\/v2\/pages\/4017\/revisions\/6931"}],"up":[{"embeddable":true,"href":"https:\/\/sea-invest.com\/fr\/wp-json\/wp\/v2\/pages\/4048"}],"wp:attachment":[{"href":"https:\/\/sea-invest.com\/fr\/wp-json\/wp\/v2\/media?parent=4017"}],"curies":[{"name":"wp","href":"https:\/\/api.w.org\/{rel}","templated":true}]}}