{"id":4012,"date":"2019-02-11T10:23:02","date_gmt":"2019-02-11T10:23:02","guid":{"rendered":"http:\/\/sea-invest.com\/shipping-agencies\/"},"modified":"2021-08-19T13:14:28","modified_gmt":"2021-08-19T13:14:28","slug":"shipping-agencies","status":"publish","type":"page","link":"https:\/\/sea-invest.com\/fr\/divisions\/shipping-agencies\/","title":{"rendered":"Agences Maritime"},"content":{"rendered":"<p><section   class=\"fw-main-row-custom fw-main-row-top fw-section-no-padding  auto  fw-section-position-back tf-sh-25dc060faef9a0a1cba99eaa6c73efd8\"    >\n\t\t\t<div class=\"fw-container-fluid\" >\n\t\t<div class=\"fw-row\">\n\t<div id=\"column-69da3ac2a857a\" class=\"fw-col-sm-12 tf-sh-8b24daeeb7b37d875daad15157d19cad\" >\n\t<div class=\"fw-wrap-col-inner clearfix   fw-column-height-custom\" style=\"height: 250px;\"  >\n\t\t\t\t<div class=\"fw-col-inner\">\n\t\t\t\t\t<\/div>\n\t<\/div>\n<\/div><\/div>\n\n\t<\/div>\n\t<\/section><section   class=\"fw-main-row-custom  auto  fw-section-position-back tf-sh-61f2ae77965a961cf236769d79e2ed4d\"    >\n\t\t\t<div class=\"fw-container\" >\n\t\t<div class=\"fw-row\">\n\t<div id=\"column-69da3ac2a88b5\" class=\"fw-col-sm-8 tf-sh-c499d1423b49ecb9e026580504f57486\" >\n\t<div class=\"fw-wrap-col-inner clearfix  \"   >\n\t\t\t\t<div class=\"fw-col-inner\">\n\t\t\t<div class=\"fw-heading fw-heading-left  tf-sh-e46ec8e0586df5cdb2b8be8376710bea\" >\n\t\t\t<h1 class=\"fw-special-title\">Agences Maritime<\/h1>\n\t\n\t\n\t<\/div><div class=\"fw-text-box tf-sh-a4eb7978477a0147399152e608a4594a \" >\n\t<div class=\"fw-text-inner\">\n\t\t<p><b>SEA-invest<\/b><b> dispose de sa propre agence maritime avec un personnel sp\u00e9cialement form\u00e9 offrant un service sur mesure et personnalis\u00e9 \u00e0 tous ses clients. <\/b><\/p>\n<p>La synergie au sein du groupe nous permet d'offrir une large gamme de services connexes, notamment l'assistance technique, le contr\u00f4le des op\u00e9rations portuaires, l'analyse des co\u00fbts et des performances, ainsi que la repr\u00e9sentation juridique et commerciale. Au-del\u00e0 du mandat principal d'une agence maritime, SISA offre des services compl\u00e9mentaires tels que la repr\u00e9sentation en douane (SISA est un op\u00e9rateur \u00e9conomique agr\u00e9\u00e9 et un transitaire), le courtage de navires, la centralisation financi\u00e8re des comptes de d\u00e9boursement, la documentation (connaissements, d\u00e9claration sommaire d'entr\u00e9e, chartes-parties...), les enqu\u00eates maritimes, etc. Nos \u00e9quipes traitent tous les types de cargaisons : des cargaisons g\u00e9n\u00e9rales aux cargos r\u00e9frig\u00e9r\u00e9s, vracs secs et liquides, rouliers, colis lourds, porte-conteneurs et les bateaux de croisi\u00e8re.<\/p>\n<p>Les services (24\/7, 365 jours) comprennent le suivi des mouvements de navires, la coordination et l'organisation des changements d'\u00e9quipage, ainsi que le suivi des documents et l'administration ult\u00e9rieure.<\/p>\n\t<\/div>\n<\/div>\t\t<\/div>\n\t<\/div>\n<\/div><div id=\"column-69da3ac2a8bb0\" class=\"fw-col-sm-4 tf-sh-6407cf60df092e4eaf7c87f06bee305a operations-sidebar\" >\n\t<div class=\"fw-wrap-col-inner clearfix  \"   >\n\t\t\t\t<div class=\"fw-col-inner\">\n\t\t\t<div class=\"fw-heading fw-heading-center t-uppercase tf-sh-c176aa246e84edf1d6bffbe3117525f9\" >\n\t\t\t<h2 class=\"fw-special-title\">Faits & Chiffres<\/h2>\n\t\n\t\n\t<\/div><div class=\"fw-divider-space space-sm  clearfix\"  ><\/div><div class=\"fw-text-box tf-sh-46966fc7fd60ef23877467a964375f94 \" >\n\t<div class=\"fw-text-inner\">\n\t\t<p style=\"text-align: left;\"><img loading=\"lazy\" decoding=\"async\" class=\"wp-image-286 size-full alignleft\" src=\"http:\/\/sea-invest.com\/wp-content\/uploads\/2018\/10\/iconH3.png\" alt=\"\" width=\"36\" height=\"36\" \/>- <a href=\"http:\/\/sea-invest.com\/fr\/companies\/?_sft_country-companies=belgium-fr&amp;_sft_categories=shipping-agencies-fr\">Belgique<\/a><br \/>- <a href=\"http:\/\/sea-invest.com\/fr\/companies\/?_sft_country-companies=france-fr&amp;_sft_categories=shipping-agencies-fr\">France<\/a><br \/><span style=\"color: #bbc8d8;\">---------<\/span>- <a href=\"http:\/\/sea-invest.com\/fr\/companies\/?_sft_categories=shipping-agencies-fr\">Espagne<\/a><br \/><span style=\"color: #bbc8d8;\">---------<\/span>- <a href=\"http:\/\/sea-invest.com\/fr\/companies\/?_sft_categories=shipping-agencies-fr\">Allemagne<\/a><br \/><span style=\"color: #bbc8d8;\">---------<\/span>- <a href=\"http:\/\/sea-invest.com\/fr\/companies\/?_sft_categories=shipping-agencies-fr\">Italie<\/a><br \/><span style=\"color: #bbc8d8;\">---------<\/span>- <a href=\"http:\/\/sea-invest.com\/fr\/companies\/?_sft_categories=shipping-agencies-fr\">Le Portugal<\/a><br \/><span style=\"color: #bbc8d8;\">---------<\/span>- <a href=\"http:\/\/sea-invest.com\/fr\/companies\/?_sft_categories=shipping-agencies-fr\">Gibraltar<\/a><br \/><span style=\"color: #bbc8d8;\">---------<\/span>- <a href=\"http:\/\/sea-invest.com\/fr\/companies\/?_sft_categories=shipping-agencies-fr\">Alg\u00e9ria<\/a><br \/><span style=\"color: #bbc8d8;\">---------<\/span>- <a href=\"http:\/\/sea-invest.com\/fr\/companies\/?_sft_country-companies=senegal-fr&amp;_sft_categories=shipping-agencies-fr\">S\u00e9n\u00e9gal<\/a><br \/><span style=\"color: #bbc8d8;\">---------<\/span>- <a href=\"http:\/\/sea-invest.com\/fr\/companies\/?_sft_categories=shipping-agencies-fr\">Togo<\/a><br \/><span style=\"color: #bbc8d8;\">---------<\/span>- <a href=\"http:\/\/sea-invest.com\/fr\/companies\/?_sft_categories=shipping-agencies-fr\">Gambie<\/a><br \/><span style=\"color: #bbc8d8;\">---------<\/span>- <a href=\"http:\/\/sea-invest.com\/fr\/companies\/?_sft_categories=shipping-agencies-fr\">B\u00e9nin<\/a><br \/><span style=\"color: #bbc8d8;\">---------<\/span>- <a href=\"http:\/\/sea-invest.com\/fr\/companies\/?_sft_country-companies=ivory-coast-fr&amp;_sft_categories=shipping-agencies-fr\">C\u00f4te d\u2019Ivoire<\/a><br \/><span style=\"color: #bbc8d8;\">---------<\/span>- <a href=\"http:\/\/sea-invest.com\/fr\/companies\/?_sft_categories=shipping-agencies-fr\">Ghana<\/a><\/p>\n\t<\/div>\n<\/div><div class=\"fw-divider-space space-sm  clearfix\"  ><\/div><div class=\"fw-text-box tf-sh-3fba55172135c2af32d539c179bc9d33 \" >\n\t<div class=\"fw-text-inner\">\n\t\t<p><img loading=\"lazy\" decoding=\"async\" class=\"alignnone size-full wp-image-285 alignleft\" src=\"http:\/\/sea-invest.com\/wp-content\/uploads\/2018\/10\/iconH2.png\" alt=\"\" width=\"40\" height=\"36\" \/>\u00a0\u00a0\u00a0 &gt; 50<\/p>\n\t<\/div>\n<\/div><div class=\"fw-divider-space space-sm  clearfix\"  ><\/div>\t\t<\/div>\n\t<\/div>\n<\/div><\/div>\n\n\t<\/div>\n\t<\/section><section   class=\"fw-main-row-custom  auto  fw-section-position-back tf-sh-0bbdae1217baaafc4d22054b81d2bdf6\"    >\n\t\t\t<div class=\"fw-container-fluid\" >\n\t\t<div class=\"fw-row\">\n\t<div id=\"column-69da3ac2a9011\" class=\"fw-col-sm-12 tf-sh-1fe44923ecb6d69f5342879e0e5ca930  fw-col-no-padding\" >\n\t<div class=\"fw-wrap-col-inner clearfix  \"   >\n\t\t\t\t<div class=\"fw-col-inner\">\n\t\t\t<div class=\"fw-divider-space space-md  clearfix\"  ><\/div>\t\t<\/div>\n\t<\/div>\n<\/div><\/div>\n\n\t<\/div>\n\t<\/section><\/p>\n","protected":false},"excerpt":{"rendered":"<p>Agences Maritime SEA-invest dispose de sa propre agence maritime avec un personnel sp\u00e9cialement form\u00e9<\/p>\n","protected":false},"author":1,"featured_media":0,"parent":4048,"menu_order":0,"comment_status":"closed","ping_status":"closed","template":"visual-builder-template.php","meta":{"_acf_changed":false,"footnotes":""},"class_list":["post-4012","page","type-page","status-publish","hentry"],"acf":[],"yoast_head":"<!-- This site is optimized with the Yoast SEO plugin v27.3 - https:\/\/yoast.com\/product\/yoast-seo-wordpress\/ -->\n<title>Agences Maritime - SEA-invest | An ocean of opportunities<\/title>\n<meta name=\"robots\" content=\"index, follow, max-snippet:-1, max-image-preview:large, max-video-preview:-1\" \/>\n<link rel=\"canonical\" href=\"https:\/\/sea-invest.com\/fr\/divisions\/shipping-agencies\/\" \/>\n<meta property=\"og:locale\" content=\"fr_FR\" \/>\n<meta property=\"og:type\" content=\"article\" \/>\n<meta property=\"og:title\" content=\"Agences Maritime - SEA-invest | An ocean of opportunities\" \/>\n<meta property=\"og:description\" content=\"Agences Maritime SEA-invest dispose de sa propre agence maritime avec un personnel sp\u00e9cialement form\u00e9\" \/>\n<meta property=\"og:url\" content=\"https:\/\/sea-invest.com\/fr\/divisions\/shipping-agencies\/\" \/>\n<meta property=\"og:site_name\" content=\"SEA-invest | An ocean of opportunities\" \/>\n<meta property=\"article:modified_time\" content=\"2021-08-19T13:14:28+00:00\" \/>\n<meta property=\"og:image\" content=\"http:\/\/sea-invest.com\/wp-content\/uploads\/2018\/10\/iconH4.png\" \/>\n<meta name=\"twitter:card\" content=\"summary_large_image\" \/>\n<meta name=\"twitter:label1\" content=\"Dur\u00e9e de lecture estim\u00e9e\" \/>\n\t<meta name=\"twitter:data1\" content=\"1 minute\" \/>\n<script type=\"application\/ld+json\" class=\"yoast-schema-graph\">{\"@context\":\"https:\\\/\\\/schema.org\",\"@graph\":[{\"@type\":\"WebPage\",\"@id\":\"https:\\\/\\\/sea-invest.com\\\/fr\\\/divisions\\\/shipping-agencies\\\/\",\"url\":\"https:\\\/\\\/sea-invest.com\\\/fr\\\/divisions\\\/shipping-agencies\\\/\",\"name\":\"Agences Maritime - SEA-invest | An ocean of opportunities\",\"isPartOf\":{\"@id\":\"https:\\\/\\\/sea-invest.com\\\/#website\"},\"primaryImageOfPage\":{\"@id\":\"https:\\\/\\\/sea-invest.com\\\/fr\\\/divisions\\\/shipping-agencies\\\/#primaryimage\"},\"image\":{\"@id\":\"https:\\\/\\\/sea-invest.com\\\/fr\\\/divisions\\\/shipping-agencies\\\/#primaryimage\"},\"thumbnailUrl\":\"http:\\\/\\\/sea-invest.com\\\/wp-content\\\/uploads\\\/2018\\\/10\\\/iconH4.png\",\"datePublished\":\"2019-02-11T10:23:02+00:00\",\"dateModified\":\"2021-08-19T13:14:28+00:00\",\"breadcrumb\":{\"@id\":\"https:\\\/\\\/sea-invest.com\\\/fr\\\/divisions\\\/shipping-agencies\\\/#breadcrumb\"},\"inLanguage\":\"fr-FR\",\"potentialAction\":[{\"@type\":\"ReadAction\",\"target\":[\"https:\\\/\\\/sea-invest.com\\\/fr\\\/divisions\\\/shipping-agencies\\\/\"]}]},{\"@type\":\"ImageObject\",\"inLanguage\":\"fr-FR\",\"@id\":\"https:\\\/\\\/sea-invest.com\\\/fr\\\/divisions\\\/shipping-agencies\\\/#primaryimage\",\"url\":\"http:\\\/\\\/sea-invest.com\\\/wp-content\\\/uploads\\\/2018\\\/10\\\/iconH4.png\",\"contentUrl\":\"http:\\\/\\\/sea-invest.com\\\/wp-content\\\/uploads\\\/2018\\\/10\\\/iconH4.png\"},{\"@type\":\"BreadcrumbList\",\"@id\":\"https:\\\/\\\/sea-invest.com\\\/fr\\\/divisions\\\/shipping-agencies\\\/#breadcrumb\",\"itemListElement\":[{\"@type\":\"ListItem\",\"position\":1,\"name\":\"Home\",\"item\":\"https:\\\/\\\/sea-invest.com\\\/fr\\\/\"},{\"@type\":\"ListItem\",\"position\":2,\"name\":\"Divisions\",\"item\":\"https:\\\/\\\/sea-invest.com\\\/fr\\\/divisions\\\/\"},{\"@type\":\"ListItem\",\"position\":3,\"name\":\"Agences Maritime\"}]},{\"@type\":\"WebSite\",\"@id\":\"https:\\\/\\\/sea-invest.com\\\/#website\",\"url\":\"https:\\\/\\\/sea-invest.com\\\/\",\"name\":\"SEA-invest | An ocean of opportunities\",\"description\":\"seainvest\",\"potentialAction\":[{\"@type\":\"SearchAction\",\"target\":{\"@type\":\"EntryPoint\",\"urlTemplate\":\"https:\\\/\\\/sea-invest.com\\\/?s={search_term_string}\"},\"query-input\":{\"@type\":\"PropertyValueSpecification\",\"valueRequired\":true,\"valueName\":\"search_term_string\"}}],\"inLanguage\":\"fr-FR\"}]}<\/script>\n<!-- \/ Yoast SEO plugin. -->","yoast_head_json":{"title":"Agences Maritime - SEA-invest | An ocean of opportunities","robots":{"index":"index","follow":"follow","max-snippet":"max-snippet:-1","max-image-preview":"max-image-preview:large","max-video-preview":"max-video-preview:-1"},"canonical":"https:\/\/sea-invest.com\/fr\/divisions\/shipping-agencies\/","og_locale":"fr_FR","og_type":"article","og_title":"Agences Maritime - SEA-invest | An ocean of opportunities","og_description":"Agences Maritime SEA-invest dispose de sa propre agence maritime avec un personnel sp\u00e9cialement form\u00e9","og_url":"https:\/\/sea-invest.com\/fr\/divisions\/shipping-agencies\/","og_site_name":"SEA-invest | An ocean of opportunities","article_modified_time":"2021-08-19T13:14:28+00:00","og_image":[{"url":"http:\/\/sea-invest.com\/wp-content\/uploads\/2018\/10\/iconH4.png","type":"","width":"","height":""}],"twitter_card":"summary_large_image","twitter_misc":{"Dur\u00e9e de lecture estim\u00e9e":"1 minute"},"schema":{"@context":"https:\/\/schema.org","@graph":[{"@type":"WebPage","@id":"https:\/\/sea-invest.com\/fr\/divisions\/shipping-agencies\/","url":"https:\/\/sea-invest.com\/fr\/divisions\/shipping-agencies\/","name":"Agences Maritime - SEA-invest | An ocean of opportunities","isPartOf":{"@id":"https:\/\/sea-invest.com\/#website"},"primaryImageOfPage":{"@id":"https:\/\/sea-invest.com\/fr\/divisions\/shipping-agencies\/#primaryimage"},"image":{"@id":"https:\/\/sea-invest.com\/fr\/divisions\/shipping-agencies\/#primaryimage"},"thumbnailUrl":"http:\/\/sea-invest.com\/wp-content\/uploads\/2018\/10\/iconH4.png","datePublished":"2019-02-11T10:23:02+00:00","dateModified":"2021-08-19T13:14:28+00:00","breadcrumb":{"@id":"https:\/\/sea-invest.com\/fr\/divisions\/shipping-agencies\/#breadcrumb"},"inLanguage":"fr-FR","potentialAction":[{"@type":"ReadAction","target":["https:\/\/sea-invest.com\/fr\/divisions\/shipping-agencies\/"]}]},{"@type":"ImageObject","inLanguage":"fr-FR","@id":"https:\/\/sea-invest.com\/fr\/divisions\/shipping-agencies\/#primaryimage","url":"http:\/\/sea-invest.com\/wp-content\/uploads\/2018\/10\/iconH4.png","contentUrl":"http:\/\/sea-invest.com\/wp-content\/uploads\/2018\/10\/iconH4.png"},{"@type":"BreadcrumbList","@id":"https:\/\/sea-invest.com\/fr\/divisions\/shipping-agencies\/#breadcrumb","itemListElement":[{"@type":"ListItem","position":1,"name":"Home","item":"https:\/\/sea-invest.com\/fr\/"},{"@type":"ListItem","position":2,"name":"Divisions","item":"https:\/\/sea-invest.com\/fr\/divisions\/"},{"@type":"ListItem","position":3,"name":"Agences Maritime"}]},{"@type":"WebSite","@id":"https:\/\/sea-invest.com\/#website","url":"https:\/\/sea-invest.com\/","name":"SEA-invest | An ocean of opportunities","description":"seainvest","potentialAction":[{"@type":"SearchAction","target":{"@type":"EntryPoint","urlTemplate":"https:\/\/sea-invest.com\/?s={search_term_string}"},"query-input":{"@type":"PropertyValueSpecification","valueRequired":true,"valueName":"search_term_string"}}],"inLanguage":"fr-FR"}]}},"_links":{"self":[{"href":"https:\/\/sea-invest.com\/fr\/wp-json\/wp\/v2\/pages\/4012","targetHints":{"allow":["GET"]}}],"collection":[{"href":"https:\/\/sea-invest.com\/fr\/wp-json\/wp\/v2\/pages"}],"about":[{"href":"https:\/\/sea-invest.com\/fr\/wp-json\/wp\/v2\/types\/page"}],"author":[{"embeddable":true,"href":"https:\/\/sea-invest.com\/fr\/wp-json\/wp\/v2\/users\/1"}],"replies":[{"embeddable":true,"href":"https:\/\/sea-invest.com\/fr\/wp-json\/wp\/v2\/comments?post=4012"}],"version-history":[{"count":5,"href":"https:\/\/sea-invest.com\/fr\/wp-json\/wp\/v2\/pages\/4012\/revisions"}],"predecessor-version":[{"id":6181,"href":"https:\/\/sea-invest.com\/fr\/wp-json\/wp\/v2\/pages\/4012\/revisions\/6181"}],"up":[{"embeddable":true,"href":"https:\/\/sea-invest.com\/fr\/wp-json\/wp\/v2\/pages\/4048"}],"wp:attachment":[{"href":"https:\/\/sea-invest.com\/fr\/wp-json\/wp\/v2\/media?parent=4012"}],"curies":[{"name":"wp","href":"https:\/\/api.w.org\/{rel}","templated":true}]}}