{"id":4010,"date":"2019-02-11T10:23:29","date_gmt":"2019-02-11T10:23:29","guid":{"rendered":"http:\/\/sea-invest.com\/services\/"},"modified":"2025-04-03T13:48:38","modified_gmt":"2025-04-03T13:48:38","slug":"services","status":"publish","type":"page","link":"https:\/\/sea-invest.com\/fr\/divisions\/services\/","title":{"rendered":"Services"},"content":{"rendered":"<p><section   class=\"fw-main-row-custom fw-main-row-top fw-section-no-padding  auto  fw-section-position-back tf-sh-093a682079e352b9fee4e37881746baa\"    >\n\t\t\t<div class=\"fw-container-fluid\" >\n\t\t<div class=\"fw-row\">\n\t<div id=\"column-69da6a430cd87\" class=\"fw-col-sm-12 tf-sh-8b24daeeb7b37d875daad15157d19cad\" >\n\t<div class=\"fw-wrap-col-inner clearfix   fw-column-height-custom\" style=\"height: 250px;\"  >\n\t\t\t\t<div class=\"fw-col-inner\">\n\t\t\t\t\t<\/div>\n\t<\/div>\n<\/div><\/div>\n\n\t<\/div>\n\t<\/section><section   class=\"fw-main-row-custom  auto  fw-section-position-back tf-sh-61f2ae77965a961cf236769d79e2ed4d\"    >\n\t\t\t<div class=\"fw-container\" >\n\t\t<div class=\"fw-row\">\n\t<div id=\"column-69da6a430d02f\" class=\"fw-col-sm-8 tf-sh-c499d1423b49ecb9e026580504f57486\" >\n\t<div class=\"fw-wrap-col-inner clearfix  \"   >\n\t\t\t\t<div class=\"fw-col-inner\">\n\t\t\t<div class=\"fw-heading fw-heading-left  tf-sh-e46ec8e0586df5cdb2b8be8376710bea\" >\n\t\t\t<h1 class=\"fw-special-title\">Autres Services<\/h1>\n\t\n\t\n\t<\/div><div class=\"fw-text-box tf-sh-a4eb7978477a0147399152e608a4594a \" >\n\t<div class=\"fw-text-inner\">\n\t\t<p><b>SEA-<\/b><b>tech<\/b><b>, le d\u00e9partement technique de <\/b><b>SEA-invest<\/b><b>, est un leader europ\u00e9en dans les domaines de l'ing\u00e9nierie, de la logistique et de la manutention portuaire. Il con\u00e7oit, modifie et trouve des solutions pour les \u00e9quipements et installations portuaires et fournit une assistance technique au groupe <\/b><b>SEA-invest<\/b><b> et \u00e0 ses clients. <\/b><\/p>\n<p>En outre, SEA-invest dispose d'un d\u00e9partement informatique dot\u00e9 d'un important savoir-faire qui fournit un soutien informatique quotidien et assure la gestion des installations informatiques du groupe SEA-invest.<\/p>\n<p>Enfin, SEA-invest poss\u00e8de \u00e9galement de son propre courtier d'assurance. Assuvan fournit des services d'assurance, des produits d'assurance et des conseils en mati\u00e8re de gestion des risques et d'assurance pour les entreprises et les particuliers.<\/p>\n\t<\/div>\n<\/div>\t\t<\/div>\n\t<\/div>\n<\/div><div id=\"column-69da6a430d1ef\" class=\"fw-col-sm-4 tf-sh-6407cf60df092e4eaf7c87f06bee305a operations-sidebar\" >\n\t<div class=\"fw-wrap-col-inner clearfix  \"   >\n\t\t\t\t<div class=\"fw-col-inner\">\n\t\t\t<div class=\"fw-heading fw-heading-center t-uppercase tf-sh-c176aa246e84edf1d6bffbe3117525f9\" >\n\t\t\t<h2 class=\"fw-special-title\">Faits & Chiffres<\/h2>\n\t\n\t\n\t<\/div><div class=\"fw-divider-space space-sm  clearfix\"  ><\/div><div class=\"fw-text-box tf-sh-46966fc7fd60ef23877467a964375f94 \" >\n\t<div class=\"fw-text-inner\">\n\t\t<p style=\"text-align: left;\"><img loading=\"lazy\" decoding=\"async\" class=\"wp-image-286 size-full alignleft\" src=\"http:\/\/sea-invest.com\/wp-content\/uploads\/2018\/10\/iconH3.png\" alt=\"\" width=\"36\" height=\"36\" \/>- <a href=\"http:\/\/sea-invest.com\/fr\/companies\/?_sft_country-companies=belgium-fr&amp;_sft_categories=services-fr\">Belgique<\/a><br \/>- <a href=\"http:\/\/sea-invest.com\/fr\/companies\/?_sft_country-companies=france-fr&amp;_sft_categories=services-fr\">France<\/a><br \/><span style=\"color: #bbc8d8;\">---------<\/span>-Afrique du Sud<br \/><span style=\"color: #bbc8d8;\">---------<\/span>- <a href=\"http:\/\/sea-invest.com\/fr\/companies\/?_sft_categories=services-fr\">Allemagne<\/a><br \/><span style=\"color: #bbc8d8;\">---------<\/span>- <a href=\"http:\/\/sea-invest.com\/fr\/companies\/?_sft_country-companies=senegal-fr&amp;_sft_categories=services-fr\">S\u00e9n\u00e9gal<\/a><br \/><span style=\"color: #bbc8d8;\">---------<\/span>- <a href=\"http:\/\/sea-invest.com\/fr\/companies\/?_sft_country-companies=ivory-coast-fr&amp;_sft_categories=services-fr\">C\u00f4te d'Ivoire<\/a><\/p>\n\t<\/div>\n<\/div><div class=\"fw-divider-space space-sm  clearfix\"  ><\/div>\t\t<\/div>\n\t<\/div>\n<\/div><\/div>\n\n\t<\/div>\n\t<\/section><section   class=\"fw-main-row-custom  auto  fw-section-position-back tf-sh-0bbdae1217baaafc4d22054b81d2bdf6\"    >\n\t\t\t<div class=\"fw-container-fluid\" >\n\t\t<div class=\"fw-row\">\n\t<div id=\"column-69da6a430d595\" class=\"fw-col-sm-12 tf-sh-1fe44923ecb6d69f5342879e0e5ca930  fw-col-no-padding\" >\n\t<div class=\"fw-wrap-col-inner clearfix  \"   >\n\t\t\t\t<div class=\"fw-col-inner\">\n\t\t\t<div class=\"fw-divider-space space-md  clearfix\"  ><\/div>\t\t<\/div>\n\t<\/div>\n<\/div><\/div>\n\n\t<\/div>\n\t<\/section><\/p>\n","protected":false},"excerpt":{"rendered":"<p>Autres Services SEA-tech, le d\u00e9partement technique de SEA-invest, est un leader europ\u00e9en dans les<\/p>\n","protected":false},"author":1,"featured_media":0,"parent":4048,"menu_order":0,"comment_status":"closed","ping_status":"closed","template":"visual-builder-template.php","meta":{"_acf_changed":false,"footnotes":""},"class_list":["post-4010","page","type-page","status-publish","hentry"],"acf":[],"yoast_head":"<!-- This site is optimized with the Yoast SEO plugin v27.3 - https:\/\/yoast.com\/product\/yoast-seo-wordpress\/ -->\n<title>Services - SEA-invest | An ocean of opportunities<\/title>\n<meta name=\"robots\" content=\"index, follow, max-snippet:-1, max-image-preview:large, max-video-preview:-1\" \/>\n<link rel=\"canonical\" href=\"https:\/\/sea-invest.com\/fr\/divisions\/services\/\" \/>\n<meta property=\"og:locale\" content=\"fr_FR\" \/>\n<meta property=\"og:type\" content=\"article\" \/>\n<meta property=\"og:title\" content=\"Services - SEA-invest | An ocean of opportunities\" \/>\n<meta property=\"og:description\" content=\"Autres Services SEA-tech, le d\u00e9partement technique de SEA-invest, est un leader europ\u00e9en dans les\" \/>\n<meta property=\"og:url\" content=\"https:\/\/sea-invest.com\/fr\/divisions\/services\/\" \/>\n<meta property=\"og:site_name\" content=\"SEA-invest | An ocean of opportunities\" \/>\n<meta property=\"article:modified_time\" content=\"2025-04-03T13:48:38+00:00\" \/>\n<meta property=\"og:image\" content=\"https:\/\/sea-invest.com\/wp-content\/uploads\/2018\/10\/iconH4.png\" \/>\n<meta name=\"twitter:card\" content=\"summary_large_image\" \/>\n<meta name=\"twitter:label1\" content=\"Dur\u00e9e de lecture estim\u00e9e\" \/>\n\t<meta name=\"twitter:data1\" content=\"2 minutes\" \/>\n<script type=\"application\/ld+json\" class=\"yoast-schema-graph\">{\"@context\":\"https:\\\/\\\/schema.org\",\"@graph\":[{\"@type\":\"WebPage\",\"@id\":\"https:\\\/\\\/sea-invest.com\\\/fr\\\/divisions\\\/services\\\/\",\"url\":\"https:\\\/\\\/sea-invest.com\\\/fr\\\/divisions\\\/services\\\/\",\"name\":\"Services - SEA-invest | An ocean of opportunities\",\"isPartOf\":{\"@id\":\"https:\\\/\\\/sea-invest.com\\\/#website\"},\"primaryImageOfPage\":{\"@id\":\"https:\\\/\\\/sea-invest.com\\\/fr\\\/divisions\\\/services\\\/#primaryimage\"},\"image\":{\"@id\":\"https:\\\/\\\/sea-invest.com\\\/fr\\\/divisions\\\/services\\\/#primaryimage\"},\"thumbnailUrl\":\"https:\\\/\\\/sea-invest.com\\\/wp-content\\\/uploads\\\/2018\\\/10\\\/iconH4.png\",\"datePublished\":\"2019-02-11T10:23:29+00:00\",\"dateModified\":\"2025-04-03T13:48:38+00:00\",\"breadcrumb\":{\"@id\":\"https:\\\/\\\/sea-invest.com\\\/fr\\\/divisions\\\/services\\\/#breadcrumb\"},\"inLanguage\":\"fr-FR\",\"potentialAction\":[{\"@type\":\"ReadAction\",\"target\":[\"https:\\\/\\\/sea-invest.com\\\/fr\\\/divisions\\\/services\\\/\"]}]},{\"@type\":\"ImageObject\",\"inLanguage\":\"fr-FR\",\"@id\":\"https:\\\/\\\/sea-invest.com\\\/fr\\\/divisions\\\/services\\\/#primaryimage\",\"url\":\"https:\\\/\\\/sea-invest.com\\\/wp-content\\\/uploads\\\/2018\\\/10\\\/iconH4.png\",\"contentUrl\":\"https:\\\/\\\/sea-invest.com\\\/wp-content\\\/uploads\\\/2018\\\/10\\\/iconH4.png\"},{\"@type\":\"BreadcrumbList\",\"@id\":\"https:\\\/\\\/sea-invest.com\\\/fr\\\/divisions\\\/services\\\/#breadcrumb\",\"itemListElement\":[{\"@type\":\"ListItem\",\"position\":1,\"name\":\"Home\",\"item\":\"https:\\\/\\\/sea-invest.com\\\/fr\\\/\"},{\"@type\":\"ListItem\",\"position\":2,\"name\":\"Divisions\",\"item\":\"https:\\\/\\\/sea-invest.com\\\/fr\\\/divisions\\\/\"},{\"@type\":\"ListItem\",\"position\":3,\"name\":\"Services\"}]},{\"@type\":\"WebSite\",\"@id\":\"https:\\\/\\\/sea-invest.com\\\/#website\",\"url\":\"https:\\\/\\\/sea-invest.com\\\/\",\"name\":\"SEA-invest | An ocean of opportunities\",\"description\":\"seainvest\",\"potentialAction\":[{\"@type\":\"SearchAction\",\"target\":{\"@type\":\"EntryPoint\",\"urlTemplate\":\"https:\\\/\\\/sea-invest.com\\\/?s={search_term_string}\"},\"query-input\":{\"@type\":\"PropertyValueSpecification\",\"valueRequired\":true,\"valueName\":\"search_term_string\"}}],\"inLanguage\":\"fr-FR\"}]}<\/script>\n<!-- \/ Yoast SEO plugin. -->","yoast_head_json":{"title":"Services - SEA-invest | An ocean of opportunities","robots":{"index":"index","follow":"follow","max-snippet":"max-snippet:-1","max-image-preview":"max-image-preview:large","max-video-preview":"max-video-preview:-1"},"canonical":"https:\/\/sea-invest.com\/fr\/divisions\/services\/","og_locale":"fr_FR","og_type":"article","og_title":"Services - SEA-invest | An ocean of opportunities","og_description":"Autres Services SEA-tech, le d\u00e9partement technique de SEA-invest, est un leader europ\u00e9en dans les","og_url":"https:\/\/sea-invest.com\/fr\/divisions\/services\/","og_site_name":"SEA-invest | An ocean of opportunities","article_modified_time":"2025-04-03T13:48:38+00:00","og_image":[{"url":"https:\/\/sea-invest.com\/wp-content\/uploads\/2018\/10\/iconH4.png","type":"","width":"","height":""}],"twitter_card":"summary_large_image","twitter_misc":{"Dur\u00e9e de lecture estim\u00e9e":"2 minutes"},"schema":{"@context":"https:\/\/schema.org","@graph":[{"@type":"WebPage","@id":"https:\/\/sea-invest.com\/fr\/divisions\/services\/","url":"https:\/\/sea-invest.com\/fr\/divisions\/services\/","name":"Services - SEA-invest | An ocean of opportunities","isPartOf":{"@id":"https:\/\/sea-invest.com\/#website"},"primaryImageOfPage":{"@id":"https:\/\/sea-invest.com\/fr\/divisions\/services\/#primaryimage"},"image":{"@id":"https:\/\/sea-invest.com\/fr\/divisions\/services\/#primaryimage"},"thumbnailUrl":"https:\/\/sea-invest.com\/wp-content\/uploads\/2018\/10\/iconH4.png","datePublished":"2019-02-11T10:23:29+00:00","dateModified":"2025-04-03T13:48:38+00:00","breadcrumb":{"@id":"https:\/\/sea-invest.com\/fr\/divisions\/services\/#breadcrumb"},"inLanguage":"fr-FR","potentialAction":[{"@type":"ReadAction","target":["https:\/\/sea-invest.com\/fr\/divisions\/services\/"]}]},{"@type":"ImageObject","inLanguage":"fr-FR","@id":"https:\/\/sea-invest.com\/fr\/divisions\/services\/#primaryimage","url":"https:\/\/sea-invest.com\/wp-content\/uploads\/2018\/10\/iconH4.png","contentUrl":"https:\/\/sea-invest.com\/wp-content\/uploads\/2018\/10\/iconH4.png"},{"@type":"BreadcrumbList","@id":"https:\/\/sea-invest.com\/fr\/divisions\/services\/#breadcrumb","itemListElement":[{"@type":"ListItem","position":1,"name":"Home","item":"https:\/\/sea-invest.com\/fr\/"},{"@type":"ListItem","position":2,"name":"Divisions","item":"https:\/\/sea-invest.com\/fr\/divisions\/"},{"@type":"ListItem","position":3,"name":"Services"}]},{"@type":"WebSite","@id":"https:\/\/sea-invest.com\/#website","url":"https:\/\/sea-invest.com\/","name":"SEA-invest | An ocean of opportunities","description":"seainvest","potentialAction":[{"@type":"SearchAction","target":{"@type":"EntryPoint","urlTemplate":"https:\/\/sea-invest.com\/?s={search_term_string}"},"query-input":{"@type":"PropertyValueSpecification","valueRequired":true,"valueName":"search_term_string"}}],"inLanguage":"fr-FR"}]}},"_links":{"self":[{"href":"https:\/\/sea-invest.com\/fr\/wp-json\/wp\/v2\/pages\/4010","targetHints":{"allow":["GET"]}}],"collection":[{"href":"https:\/\/sea-invest.com\/fr\/wp-json\/wp\/v2\/pages"}],"about":[{"href":"https:\/\/sea-invest.com\/fr\/wp-json\/wp\/v2\/types\/page"}],"author":[{"embeddable":true,"href":"https:\/\/sea-invest.com\/fr\/wp-json\/wp\/v2\/users\/1"}],"replies":[{"embeddable":true,"href":"https:\/\/sea-invest.com\/fr\/wp-json\/wp\/v2\/comments?post=4010"}],"version-history":[{"count":6,"href":"https:\/\/sea-invest.com\/fr\/wp-json\/wp\/v2\/pages\/4010\/revisions"}],"predecessor-version":[{"id":7122,"href":"https:\/\/sea-invest.com\/fr\/wp-json\/wp\/v2\/pages\/4010\/revisions\/7122"}],"up":[{"embeddable":true,"href":"https:\/\/sea-invest.com\/fr\/wp-json\/wp\/v2\/pages\/4048"}],"wp:attachment":[{"href":"https:\/\/sea-invest.com\/fr\/wp-json\/wp\/v2\/media?parent=4010"}],"curies":[{"name":"wp","href":"https:\/\/api.w.org\/{rel}","templated":true}]}}